{"id":17654,"date":"2022-03-14T17:38:16","date_gmt":"2022-03-15T00:38:16","guid":{"rendered":"https:\/\/centralialaw.com\/derecho-penal\/"},"modified":"2025-05-30T12:40:43","modified_gmt":"2025-05-30T19:40:43","slug":"derecho-penal","status":"publish","type":"page","link":"https:\/\/centralialaw.com\/es\/derecho-penal\/","title":{"rendered":"Derecho Penal"},"content":{"rendered":"<p>[et_pb_section fb_built=\u00bb1&#8243; _builder_version=\u00bb4.16&#8243; _module_preset=\u00bbdefault\u00bb custom_padding=\u00bb17px|||||\u00bb global_colors_info=\u00bb{}\u00bb][et_pb_row _builder_version=\u00bb4.16&#8243; _module_preset=\u00bbdefault\u00bb global_colors_info=\u00bb{}\u00bb][et_pb_column type=\u00bb4_4&#8243; _builder_version=\u00bb4.16&#8243; _module_preset=\u00bbdefault\u00bb global_colors_info=\u00bb{}\u00bb][et_pb_text _builder_version=\u00bb4.27.4&#8243; _module_preset=\u00bbdefault\u00bb hover_enabled=\u00bb0&#8243; global_colors_info=\u00bb{}\u00bb sticky_enabled=\u00bb0&#8243;]<\/p>\n<h2 data-start=\"219\" data-end=\"266\" class=\"\"><strong data-start=\"222\" data-end=\"266\">Abogados penalistas de confianza<\/strong><\/h2>\n<p>[\/et_pb_text][et_pb_text _builder_version=\u00bb4.27.4&#8243; _module_preset=\u00bbdefault\u00bb global_colors_info=\u00bb{}\u00bb custom_padding=\u00bb8px|||||\u00bb]<\/p>\n<p><img loading=\"lazy\" decoding=\"async\" src=\"https:\/\/centralialaw.com\/wp-content\/uploads\/2021\/12\/26296173_l-300x200-1.jpg\" width=\"300\" height=\"200\" alt=\"\" class=\"wp-image-53 alignleft size-full\"><\/p>\n<h2 data-start=\"219\" data-end=\"266\" class=\"\"><strong data-start=\"222\" data-end=\"266\">Abogados penalistas de confianza<\/strong><\/h2>\n<p data-start=\"268\" data-end=\"313\" class=\"\"><strong data-start=\"268\" data-end=\"313\">Disponible 24\/7 &#8211; Llama ahora: (360) 880-2399<\/strong><\/p>\n<p data-start=\"315\" data-end=\"619\" class=\"\">Ser acusado de un delito -ya sea leve o grave- puede ser abrumador. Tu futuro, tu libertad y tu reputaci\u00f3n pueden estar en juego. En <strong data-start=\"456\" data-end=\"488\">Althauser Rayan Abbarno, LLP<\/strong>, comprendemos el estr\u00e9s al que te enfrentas y estamos aqu\u00ed para ayudarte a navegar por el sistema legal con habilidad, compasi\u00f3n y confianza.  <\/p>\n<p data-start=\"621\" data-end=\"887\" class=\"\">Desde 1946, nuestros abogados han proporcionado una representaci\u00f3n s\u00f3lida y experimentada a personas de todo el suroeste de Washington. Tanto si te enfrentas a una infracci\u00f3n de tr\u00e1fico como a un cargo penal grave, nos comprometemos a proteger tus derechos en todo momento. <\/p>\n<hr data-start=\"889\" data-end=\"892\" class=\"\">\n<h2 data-start=\"894\" data-end=\"936\" class=\"\"><strong data-start=\"897\" data-end=\"936\">\u00bfPor qu\u00e9 elegir Althauser Rayan Abbarno?<\/strong><\/h2>\n<ul data-start=\"938\" data-end=\"1519\">\n<li data-start=\"938\" data-end=\"1042\" class=\"\">\n<p data-start=\"940\" data-end=\"1042\" class=\"\"><strong data-start=\"940\" data-end=\"969\">Acceso a ayuda legal 24 horas al d\u00eda, 7 d\u00edas a la semana<\/strong>: Llama en cualquier momento a nuestra l\u00ednea de emergencia de defensa penal al <strong data-start=\"1023\" data-end=\"1041\">(360) 880-2399<\/strong>.<\/p>\n<\/li>\n<li data-start=\"1043\" data-end=\"1141\" class=\"\">\n<p data-start=\"1045\" data-end=\"1141\" class=\"\"><strong data-start=\"1045\" data-end=\"1070\">D\u00e9cadas de experiencia<\/strong>: Nuestros abogados han sido fiscales y defensores p\u00fablicos.<\/p>\n<\/li>\n<li data-start=\"1142\" data-end=\"1336\" class=\"\">\n<p data-start=\"1144\" data-end=\"1336\" class=\"\"><strong data-start=\"1144\" data-end=\"1168\">Profundo conocimiento local<\/strong>: Comparecemos regularmente ante tribunales de todo el <strong data-start=\"1211\" data-end=\"1244\">condado de Lewis, el condado de Thurston<\/strong> y los municipios circundantes, incluidos <strong data-start=\"1289\" data-end=\"1335\">Centralia, Chehalis, Olympia y Tumwater<\/strong>.<\/p>\n<\/li>\n<li data-start=\"1337\" data-end=\"1519\" class=\"\">\n<p data-start=\"1339\" data-end=\"1519\" class=\"\"><strong data-start=\"1339\" data-end=\"1360\">Centrados en la comunidad<\/strong>: No somos s\u00f3lo tus abogados; somos tus vecinos. Nuestra implicaci\u00f3n en las comunidades locales nos ayuda a comprender mejor a la gente, los tribunales y el proceso. <\/p>\n<\/li>\n<\/ul>\n<hr data-start=\"1521\" data-end=\"1524\" class=\"\">\n<h2 data-start=\"1526\" data-end=\"1559\" class=\"\"><strong data-start=\"1529\" data-end=\"1559\">Cargos penales que defendemos<\/strong><\/h2>\n<h3 data-start=\"1561\" data-end=\"1602\" class=\"\"><strong data-start=\"1565\" data-end=\"1602\">DUI (Conducir bajo los efectos del alcohol)<\/strong><\/h3>\n<p data-start=\"1603\" data-end=\"1845\" class=\"\">Un cargo por DUI puede tener graves consecuencias: penas de c\u00e1rcel obligatorias, suspensi\u00f3n de la licencia, requisitos de bloqueo del encendido, seguro SR-22 y mucho m\u00e1s. Incluso una primera detenci\u00f3n puede perturbar tu trabajo, tu econom\u00eda y tu vida personal. No te enfrentes a ello solo.  <\/p>\n<h3 data-start=\"1847\" data-end=\"1880\" class=\"\"><strong data-start=\"1851\" data-end=\"1880\">Cargos por violencia dom\u00e9stica<\/strong><\/h3>\n<p data-start=\"1881\" data-end=\"2130\" class=\"\">Las acusaciones de violencia dom\u00e9stica -incluidas las de agresi\u00f3n, acoso o interferencia en una llamada al 911- se toman muy en serio en Washington. Una condena puede afectar a tu empleo, vivienda y derecho a portar armas. La intervenci\u00f3n legal temprana es fundamental.  <\/p>\n<h3 data-start=\"2132\" data-end=\"2178\" class=\"\"><strong data-start=\"2136\" data-end=\"2178\">Conducir con el permiso suspendido (DWLS)<\/strong><\/h3>\n<p data-start=\"2179\" data-end=\"2444\" class=\"\">La suspensi\u00f3n del permiso puede deberse a multas impagadas, cargos por conducir bajo los efectos del alcohol o por no comparecer ante el tribunal. Conducir con el carn\u00e9 suspendido puede acarrear sanciones adicionales y retrasar a\u00fan m\u00e1s el restablecimiento. Luchamos para proteger tus privilegios de conducci\u00f3n y minimizar los da\u00f1os a largo plazo.  <\/p>\n<h3 data-start=\"2446\" data-end=\"2473\" class=\"\"><strong data-start=\"2450\" data-end=\"2473\">Infracciones de tr\u00e1fico<\/strong><\/h3>\n<p data-start=\"2474\" data-end=\"2669\" class=\"\">Incluso una simple multa por exceso de velocidad puede elevar las tarifas de tu seguro y amenazar tu trabajo si te ganas la vida conduciendo. Nuestros abogados se ocupan de una amplia gama de infracciones para proteger tu historial y tus finanzas. <\/p>\n<hr data-start=\"2671\" data-end=\"2674\" class=\"\">\n<h2 data-start=\"2676\" data-end=\"2707\" class=\"\"><strong data-start=\"2679\" data-end=\"2707\">Servicios posteriores a la condena<\/strong><\/h2>\n<h3 data-start=\"2709\" data-end=\"2747\" class=\"\"><strong data-start=\"2713\" data-end=\"2747\">Anular una condena penal<\/strong><\/h3>\n<p data-start=\"2748\" data-end=\"2996\" class=\"\">Una condena pasada no tiene por qu\u00e9 definir tu futuro. Si re\u00fanes los requisitos, podemos ayudarte a anular ciertas condenas y a limpiar tus antecedentes, d\u00e1ndote un nuevo comienzo y la libertad de buscar oportunidades sin que un pasado delictivo te frene. <\/p>\n<h3 data-start=\"2998\" data-end=\"3028\" class=\"\"><strong data-start=\"3002\" data-end=\"3028\">Restauraci\u00f3n de los Derechos de Armas<\/strong><\/h3>\n<p data-start=\"3029\" data-end=\"3281\" class=\"\">Una condena penal puede suponer la p\u00e9rdida de tu derecho a poseer o tener un arma de fuego. Si re\u00fanes los requisitos, podemos solicitar al tribunal que restablezca tus derechos sobre las armas, para que puedas volver a cazar, proteger tu hogar o ejercer profesiones que requieran el acceso a armas de fuego. <\/p>\n<hr data-start=\"3283\" data-end=\"3286\" class=\"\">\n<h2 data-start=\"3288\" data-end=\"3349\" class=\"\"><strong data-start=\"3291\" data-end=\"3349\">No esperes &#8211; Habla hoy con un abogado penalista<\/strong><\/h2>\n<p data-start=\"3351\" data-end=\"3548\" class=\"\">Si te han detenido, citado o acusado de un delito, el momento de actuar es ahora. Nuestro equipo de <strong data-start=\"3444\" data-end=\"3476\">Althauser Rayan Abbarno, LLP<\/strong> est\u00e1 preparado para defender tus derechos y luchar por el mejor resultado posible. <\/p>\n<p data-start=\"3550\" data-end=\"3645\" class=\"\">\ud83d\udcde <strong data-start=\"3553\" data-end=\"3590\">Llama a nuestra oficina al (360) 736-1301<\/strong><br data-start=\"3590\" data-end=\"3593\">\ud83d\udcde <strong data-start=\"3596\" data-end=\"3645\">L\u00ednea directa de defensa penal 24\/7: (360) 880-2399<\/strong><\/p>\n<p data-start=\"3647\" data-end=\"3727\" class=\"\">O vis\u00edtanos en <strong data-start=\"3662\" data-end=\"3686\">Centralia u Olympia<\/strong> para programar una consulta confidencial.<\/p>\n<p>[\/et_pb_text][\/et_pb_column][\/et_pb_row][\/et_pb_section]<\/p>\n","protected":false},"excerpt":{"rendered":"<p>Abogados penalistas de confianza Abogados penalistas de confianza Disponible 24\/7 &#8211; Llama ahora: (360) 880-2399 Ser acusado de un delito -ya sea leve o grave- puede ser abrumador. Tu futuro, tu libertad y tu reputaci\u00f3n pueden estar en juego. En Althauser Rayan Abbarno, LLP, comprendemos el estr\u00e9s al que te enfrentas y estamos aqu\u00ed para [&hellip;]<\/p>\n","protected":false},"author":1,"featured_media":0,"parent":0,"menu_order":0,"comment_status":"closed","ping_status":"closed","template":"","meta":{"_et_pb_use_builder":"on","_et_pb_old_content":"","_et_gb_content_width":"","footnotes":""},"class_list":["post-17654","page","type-page","status-publish","hentry"],"yoast_head":"<!-- This site is optimized with the Yoast SEO plugin v27.6 - https:\/\/yoast.com\/product\/yoast-seo-wordpress\/ -->\n<title>Derecho Penal - Ley Centralia<\/title>\n<meta name=\"description\" content=\"Consultas gratuitas en el SW de Washington con nuestros abogados penalistas. Delitos graves, delitos menores, infracciones de tr\u00e1fico y m\u00e1s.\" \/>\n<meta name=\"robots\" content=\"index, follow, max-snippet:-1, max-image-preview:large, max-video-preview:-1\" \/>\n<link rel=\"canonical\" href=\"https:\/\/centralialaw.com\/es\/derecho-penal\/\" \/>\n<meta property=\"og:locale\" content=\"es_ES\" \/>\n<meta property=\"og:type\" content=\"article\" \/>\n<meta property=\"og:title\" content=\"Derecho Penal - Ley Centralia\" \/>\n<meta property=\"og:description\" content=\"Consultas gratuitas en el SW de Washington con nuestros abogados penalistas. Delitos graves, delitos menores, infracciones de tr\u00e1fico y m\u00e1s.\" \/>\n<meta property=\"og:url\" content=\"https:\/\/centralialaw.com\/es\/derecho-penal\/\" \/>\n<meta property=\"og:site_name\" content=\"Ley Centralia\" \/>\n<meta property=\"article:publisher\" content=\"https:\/\/www.facebook.com\/AlthauserRayanAbbarno\/\" \/>\n<meta property=\"article:modified_time\" content=\"2025-05-30T19:40:43+00:00\" \/>\n<meta property=\"og:image\" content=\"https:\/\/centralialaw.com\/wp-content\/uploads\/2021\/12\/26296173_l-300x200-1.jpg\" \/>\n\t<meta property=\"og:image:width\" content=\"300\" \/>\n\t<meta property=\"og:image:height\" content=\"200\" \/>\n\t<meta property=\"og:image:type\" content=\"image\/jpeg\" \/>\n<meta name=\"twitter:card\" content=\"summary_large_image\" \/>\n<meta name=\"twitter:site\" content=\"@PeterAbbarno\" \/>\n<meta name=\"twitter:label1\" content=\"Est. reading time\" \/>\n\t<meta name=\"twitter:data1\" content=\"4 minutos\" \/>\n<script type=\"application\/ld+json\" class=\"yoast-schema-graph\">{\"@context\":\"https:\\\/\\\/schema.org\",\"@graph\":[{\"@type\":\"WebPage\",\"@id\":\"https:\\\/\\\/centralialaw.com\\\/es\\\/derecho-penal\\\/\",\"url\":\"https:\\\/\\\/centralialaw.com\\\/es\\\/derecho-penal\\\/\",\"name\":\"Derecho Penal - Ley Centralia\",\"isPartOf\":{\"@id\":\"https:\\\/\\\/centralialaw.com\\\/es\\\/#website\"},\"primaryImageOfPage\":{\"@id\":\"https:\\\/\\\/centralialaw.com\\\/es\\\/derecho-penal\\\/#primaryimage\"},\"image\":{\"@id\":\"https:\\\/\\\/centralialaw.com\\\/es\\\/derecho-penal\\\/#primaryimage\"},\"thumbnailUrl\":\"https:\\\/\\\/centralialaw.com\\\/wp-content\\\/uploads\\\/2021\\\/12\\\/26296173_l-300x200-1.jpg\",\"datePublished\":\"2022-03-15T00:38:16+00:00\",\"dateModified\":\"2025-05-30T19:40:43+00:00\",\"description\":\"Consultas gratuitas en el SW de Washington con nuestros abogados penalistas. Delitos graves, delitos menores, infracciones de tr\u00e1fico y m\u00e1s.\",\"breadcrumb\":{\"@id\":\"https:\\\/\\\/centralialaw.com\\\/es\\\/derecho-penal\\\/#breadcrumb\"},\"inLanguage\":\"es\",\"potentialAction\":[{\"@type\":\"ReadAction\",\"target\":[\"https:\\\/\\\/centralialaw.com\\\/es\\\/derecho-penal\\\/\"]}]},{\"@type\":\"ImageObject\",\"inLanguage\":\"es\",\"@id\":\"https:\\\/\\\/centralialaw.com\\\/es\\\/derecho-penal\\\/#primaryimage\",\"url\":\"https:\\\/\\\/centralialaw.com\\\/wp-content\\\/uploads\\\/2021\\\/12\\\/26296173_l-300x200-1.jpg\",\"contentUrl\":\"https:\\\/\\\/centralialaw.com\\\/wp-content\\\/uploads\\\/2021\\\/12\\\/26296173_l-300x200-1.jpg\"},{\"@type\":\"BreadcrumbList\",\"@id\":\"https:\\\/\\\/centralialaw.com\\\/es\\\/derecho-penal\\\/#breadcrumb\",\"itemListElement\":[{\"@type\":\"ListItem\",\"position\":1,\"name\":\"Inicio\",\"item\":\"https:\\\/\\\/centralialaw.com\\\/es\\\/\"},{\"@type\":\"ListItem\",\"position\":2,\"name\":\"Derecho Penal\"}]},{\"@type\":\"WebSite\",\"@id\":\"https:\\\/\\\/centralialaw.com\\\/es\\\/#website\",\"url\":\"https:\\\/\\\/centralialaw.com\\\/es\\\/\",\"name\":\"Centralia Law\",\"description\":\"Al servicio del estado de Washington desde hace m\u00e1s de 75 a\u00f1os - Althauser Rayan Abbarno \",\"publisher\":{\"@id\":\"https:\\\/\\\/centralialaw.com\\\/es\\\/#organization\"},\"potentialAction\":[{\"@type\":\"SearchAction\",\"target\":{\"@type\":\"EntryPoint\",\"urlTemplate\":\"https:\\\/\\\/centralialaw.com\\\/es\\\/?s={search_term_string}\"},\"query-input\":{\"@type\":\"PropertyValueSpecification\",\"valueRequired\":true,\"valueName\":\"search_term_string\"}}],\"inLanguage\":\"es\"},{\"@type\":\"Organization\",\"@id\":\"https:\\\/\\\/centralialaw.com\\\/es\\\/#organization\",\"name\":\"Ley Centralia\",\"url\":\"https:\\\/\\\/centralialaw.com\\\/es\\\/\",\"logo\":{\"@type\":\"ImageObject\",\"inLanguage\":\"es\",\"@id\":\"https:\\\/\\\/centralialaw.com\\\/es\\\/#\\\/schema\\\/logo\\\/image\\\/\",\"url\":\"https:\\\/\\\/centralialaw.com\\\/wp-content\\\/uploads\\\/2022\\\/05\\\/ARA-Logo.png\",\"contentUrl\":\"https:\\\/\\\/centralialaw.com\\\/wp-content\\\/uploads\\\/2022\\\/05\\\/ARA-Logo.png\",\"width\":1153,\"height\":364,\"caption\":\"Ley Centralia\"},\"image\":{\"@id\":\"https:\\\/\\\/centralialaw.com\\\/es\\\/#\\\/schema\\\/logo\\\/image\\\/\"},\"sameAs\":[\"https:\\\/\\\/www.facebook.com\\\/AlthauserRayanAbbarno\\\/\",\"https:\\\/\\\/x.com\\\/PeterAbbarno\"]}]}<\/script>\n<!-- \/ Yoast SEO plugin. -->","yoast_head_json":{"title":"Derecho Penal - Ley Centralia","description":"Consultas gratuitas en el SW de Washington con nuestros abogados penalistas. Delitos graves, delitos menores, infracciones de tr\u00e1fico y m\u00e1s.","robots":{"index":"index","follow":"follow","max-snippet":"max-snippet:-1","max-image-preview":"max-image-preview:large","max-video-preview":"max-video-preview:-1"},"canonical":"https:\/\/centralialaw.com\/es\/derecho-penal\/","og_locale":"es_ES","og_type":"article","og_title":"Derecho Penal - Ley Centralia","og_description":"Consultas gratuitas en el SW de Washington con nuestros abogados penalistas. Delitos graves, delitos menores, infracciones de tr\u00e1fico y m\u00e1s.","og_url":"https:\/\/centralialaw.com\/es\/derecho-penal\/","og_site_name":"Ley Centralia","article_publisher":"https:\/\/www.facebook.com\/AlthauserRayanAbbarno\/","article_modified_time":"2025-05-30T19:40:43+00:00","og_image":[{"width":300,"height":200,"url":"https:\/\/centralialaw.com\/wp-content\/uploads\/2021\/12\/26296173_l-300x200-1.jpg","type":"image\/jpeg"}],"twitter_card":"summary_large_image","twitter_site":"@PeterAbbarno","twitter_misc":{"Est. reading time":"4 minutos"},"schema":{"@context":"https:\/\/schema.org","@graph":[{"@type":"WebPage","@id":"https:\/\/centralialaw.com\/es\/derecho-penal\/","url":"https:\/\/centralialaw.com\/es\/derecho-penal\/","name":"Derecho Penal - Ley Centralia","isPartOf":{"@id":"https:\/\/centralialaw.com\/es\/#website"},"primaryImageOfPage":{"@id":"https:\/\/centralialaw.com\/es\/derecho-penal\/#primaryimage"},"image":{"@id":"https:\/\/centralialaw.com\/es\/derecho-penal\/#primaryimage"},"thumbnailUrl":"https:\/\/centralialaw.com\/wp-content\/uploads\/2021\/12\/26296173_l-300x200-1.jpg","datePublished":"2022-03-15T00:38:16+00:00","dateModified":"2025-05-30T19:40:43+00:00","description":"Consultas gratuitas en el SW de Washington con nuestros abogados penalistas. Delitos graves, delitos menores, infracciones de tr\u00e1fico y m\u00e1s.","breadcrumb":{"@id":"https:\/\/centralialaw.com\/es\/derecho-penal\/#breadcrumb"},"inLanguage":"es","potentialAction":[{"@type":"ReadAction","target":["https:\/\/centralialaw.com\/es\/derecho-penal\/"]}]},{"@type":"ImageObject","inLanguage":"es","@id":"https:\/\/centralialaw.com\/es\/derecho-penal\/#primaryimage","url":"https:\/\/centralialaw.com\/wp-content\/uploads\/2021\/12\/26296173_l-300x200-1.jpg","contentUrl":"https:\/\/centralialaw.com\/wp-content\/uploads\/2021\/12\/26296173_l-300x200-1.jpg"},{"@type":"BreadcrumbList","@id":"https:\/\/centralialaw.com\/es\/derecho-penal\/#breadcrumb","itemListElement":[{"@type":"ListItem","position":1,"name":"Inicio","item":"https:\/\/centralialaw.com\/es\/"},{"@type":"ListItem","position":2,"name":"Derecho Penal"}]},{"@type":"WebSite","@id":"https:\/\/centralialaw.com\/es\/#website","url":"https:\/\/centralialaw.com\/es\/","name":"Centralia Law","description":"Al servicio del estado de Washington desde hace m\u00e1s de 75 a\u00f1os - Althauser Rayan Abbarno ","publisher":{"@id":"https:\/\/centralialaw.com\/es\/#organization"},"potentialAction":[{"@type":"SearchAction","target":{"@type":"EntryPoint","urlTemplate":"https:\/\/centralialaw.com\/es\/?s={search_term_string}"},"query-input":{"@type":"PropertyValueSpecification","valueRequired":true,"valueName":"search_term_string"}}],"inLanguage":"es"},{"@type":"Organization","@id":"https:\/\/centralialaw.com\/es\/#organization","name":"Ley Centralia","url":"https:\/\/centralialaw.com\/es\/","logo":{"@type":"ImageObject","inLanguage":"es","@id":"https:\/\/centralialaw.com\/es\/#\/schema\/logo\/image\/","url":"https:\/\/centralialaw.com\/wp-content\/uploads\/2022\/05\/ARA-Logo.png","contentUrl":"https:\/\/centralialaw.com\/wp-content\/uploads\/2022\/05\/ARA-Logo.png","width":1153,"height":364,"caption":"Ley Centralia"},"image":{"@id":"https:\/\/centralialaw.com\/es\/#\/schema\/logo\/image\/"},"sameAs":["https:\/\/www.facebook.com\/AlthauserRayanAbbarno\/","https:\/\/x.com\/PeterAbbarno"]}]}},"_links":{"self":[{"href":"https:\/\/centralialaw.com\/es\/wp-json\/wp\/v2\/pages\/17654","targetHints":{"allow":["GET"]}}],"collection":[{"href":"https:\/\/centralialaw.com\/es\/wp-json\/wp\/v2\/pages"}],"about":[{"href":"https:\/\/centralialaw.com\/es\/wp-json\/wp\/v2\/types\/page"}],"author":[{"embeddable":true,"href":"https:\/\/centralialaw.com\/es\/wp-json\/wp\/v2\/users\/1"}],"replies":[{"embeddable":true,"href":"https:\/\/centralialaw.com\/es\/wp-json\/wp\/v2\/comments?post=17654"}],"version-history":[{"count":0,"href":"https:\/\/centralialaw.com\/es\/wp-json\/wp\/v2\/pages\/17654\/revisions"}],"wp:attachment":[{"href":"https:\/\/centralialaw.com\/es\/wp-json\/wp\/v2\/media?parent=17654"}],"curies":[{"name":"wp","href":"https:\/\/api.w.org\/{rel}","templated":true}]}}