{"id":17655,"date":"2022-03-14T17:31:04","date_gmt":"2022-03-15T00:31:04","guid":{"rendered":"https:\/\/centralialaw.com\/abogados-de-empresa\/"},"modified":"2025-05-30T12:40:44","modified_gmt":"2025-05-30T19:40:44","slug":"abogados-de-empresa","status":"publish","type":"page","link":"https:\/\/centralialaw.com\/es\/abogados-de-empresa\/","title":{"rendered":"Abogados de Empresa"},"content":{"rendered":"<p>[et_pb_section fb_built=\u00bb1&#8243; _builder_version=\u00bb4.16&#8243; _module_preset=\u00bbdefault\u00bb custom_padding=\u00bb17px|||||\u00bb global_colors_info=\u00bb{}\u00bb][et_pb_row _builder_version=\u00bb4.16&#8243; _module_preset=\u00bbdefault\u00bb global_colors_info=\u00bb{}\u00bb][et_pb_column type=\u00bb4_4&#8243; _builder_version=\u00bb4.16&#8243; _module_preset=\u00bbdefault\u00bb global_colors_info=\u00bb{}\u00bb][et_pb_text _builder_version=\u00bb4.27.4&#8243; _module_preset=\u00bbdefault\u00bb hover_enabled=\u00bb0&#8243; global_colors_info=\u00bb{}\u00bb sticky_enabled=\u00bb0&#8243;]<\/p>\n<h1 data-start=\"267\" data-end=\"327\" class=\"\"><strong data-start=\"269\" data-end=\"327\">Abogados mercantiles y societarios en Washington Occidental<\/strong><\/h1>\n<h2 data-start=\"329\" data-end=\"412\" class=\"\"><\/h2>\n<p>[\/et_pb_text][et_pb_text _builder_version=\u00bb4.27.4&#8243; _module_preset=\u00bbdefault\u00bb hover_enabled=\u00bb0&#8243; global_colors_info=\u00bb{}\u00bb sticky_enabled=\u00bb0&#8243;]<\/p>\n<h2 data-start=\"329\" data-end=\"412\" class=\"\"><strong data-start=\"332\" data-end=\"412\">Asesoramiento Jur\u00eddico de Confianza para Empresas de Todos los Tama\u00f1os &#8211; Desde Startups hasta Corporaciones<\/strong><\/h2>\n<p data-start=\"414\" data-end=\"730\" class=\"\">Durante m\u00e1s de 75 a\u00f1os, <strong data-start=\"433\" data-end=\"460\">Althauser Rayan Abbarno<\/strong> ha proporcionado asesoramiento jur\u00eddico de confianza a empresas de todo <strong data-start=\"522\" data-end=\"544\">el oeste de Washington<\/strong>. Tanto si est\u00e1s poniendo en marcha una nueva empresa, ampliando tu negocio en crecimiento o gestionando una gran corporaci\u00f3n, nuestros experimentados <strong data-start=\"664\" data-end=\"700\">abogados mercantiles y societarios<\/strong> est\u00e1n aqu\u00ed para ayudarte a tener \u00e9xito. <\/p>\n<p data-start=\"732\" data-end=\"1016\" class=\"\">Trabajamos estrechamente con <strong data-start=\"753\" data-end=\"803\">empresarios, propietarios de empresas y ejecutivos<\/strong> para ofrecer soluciones jur\u00eddicas pr\u00e1cticas y estrategias a largo plazo. Desde la elecci\u00f3n de la entidad jur\u00eddica adecuada hasta la gesti\u00f3n de transacciones complejas, nuestro equipo se compromete a ayudarte a navegar por todas las etapas de la propiedad de una empresa. <\/p>\n<hr data-start=\"1018\" data-end=\"1021\" class=\"\">\n<h2 data-start=\"1023\" data-end=\"1064\" class=\"\"><strong data-start=\"1026\" data-end=\"1064\">Servicios jur\u00eddicos empresariales que prestamos<\/strong><\/h2>\n<h3 data-start=\"1066\" data-end=\"1113\" class=\"\"><strong data-start=\"1070\" data-end=\"1113\">Constituci\u00f3n de empresas y selecci\u00f3n de entidades<\/strong><\/h3>\n<p data-start=\"1114\" data-end=\"1299\" class=\"\">Te ayudamos a elegir y establecer la mejor estructura para tu empresa -LLC<strong data-start=\"1184\" data-end=\"1222\">, Corporaci\u00f3n Subcap\u00edtulo S, LLP<\/strong> u otras entidades- en funci\u00f3n de tus objetivos, responsabilidades y consideraciones fiscales.<\/p>\n<h3 data-start=\"1301\" data-end=\"1328\" class=\"\"><strong data-start=\"1305\" data-end=\"1328\">Acuerdos de compraventa<\/strong><\/h3>\n<p data-start=\"1329\" data-end=\"1460\" class=\"\">Nuestros abogados redactan y revisan acuerdos de compraventa para proteger a los socios comerciales durante transiciones de propiedad o cambios inesperados.<\/p>\n<h3 data-start=\"1462\" data-end=\"1504\" class=\"\"><strong data-start=\"1466\" data-end=\"1504\">Contratos de compraventa de activos<\/strong><\/h3>\n<p data-start=\"1505\" data-end=\"1628\" class=\"\">Tanto si compras como si vendes activos empresariales, te proporcionamos acuerdos claros y completos que salvaguardan tus intereses.<\/p>\n<h3 data-start=\"1630\" data-end=\"1669\" class=\"\"><strong data-start=\"1634\" data-end=\"1669\">Cumplimiento e informes anuales<\/strong><\/h3>\n<p data-start=\"1670\" data-end=\"1852\" class=\"\">Gestionamos la preparaci\u00f3n, presentaci\u00f3n y supervisi\u00f3n de tus <strong data-start=\"1728\" data-end=\"1746\">informes anuales<\/strong> ante el <strong data-start=\"1756\" data-end=\"1789\">Secretario de Estado<\/strong> y el <strong data-start=\"1794\" data-end=\"1821\">Departamento de Licencias<\/strong> de Washington, para que te mantengas en regla.<\/p>\n<h3 data-start=\"1854\" data-end=\"1888\" class=\"\"><strong data-start=\"1858\" data-end=\"1888\">Servicios de Contrataci\u00f3n Empresarial<\/strong><\/h3>\n<p data-start=\"1889\" data-end=\"1955\" class=\"\">Redactamos, negociamos y revisamos contratos jur\u00eddicamente s\u00f3lidos, incluidos:<\/p>\n<ul data-start=\"1956\" data-end=\"2092\">\n<li data-start=\"1956\" data-end=\"1977\" class=\"\">\n<p data-start=\"1958\" data-end=\"1977\" class=\"\">Arrendamientos comerciales<\/p>\n<\/li>\n<li data-start=\"1978\" data-end=\"2012\" class=\"\">\n<p data-start=\"1980\" data-end=\"2012\" class=\"\">Acuerdos con vendedores y proveedores<\/p>\n<\/li>\n<li data-start=\"2013\" data-end=\"2057\" class=\"\">\n<p data-start=\"2015\" data-end=\"2057\" class=\"\">Contratos de fabricaci\u00f3n y distribuci\u00f3n<\/p>\n<\/li>\n<li data-start=\"2058\" data-end=\"2092\" class=\"\">\n<p data-start=\"2060\" data-end=\"2092\" class=\"\">Acuerdos de licencia y servicio<\/p>\n<\/li>\n<\/ul>\n<h3 data-start=\"2094\" data-end=\"2141\" class=\"\"><strong data-start=\"2098\" data-end=\"2141\">Comunicaci\u00f3n de crisis y estrategia jur\u00eddica<\/strong><\/h3>\n<p data-start=\"2142\" data-end=\"2291\" class=\"\">Proporcionamos <strong data-start=\"2153\" data-end=\"2185\">apoyo en comunicaci\u00f3n de crisis<\/strong> y servicios de asesoramiento jur\u00eddico para ayudar a tu empresa a gestionar eficazmente los asuntos p\u00fablicos y el riesgo para la reputaci\u00f3n.<\/p>\n<hr data-start=\"2293\" data-end=\"2296\" class=\"\">\n<h2 data-start=\"2298\" data-end=\"2340\" class=\"\"><strong data-start=\"2301\" data-end=\"2340\">\u00bfPor qu\u00e9 elegir Althauser Rayan Abbarno?<\/strong><\/h2>\n<p data-start=\"2342\" data-end=\"2599\" class=\"\">En Althauser Rayan Abbarno, ofrecemos el mismo nivel de servicio a todos nuestros clientes, ya sean empresarios individuales o grandes empresas. Nos tomamos el tiempo necesario para comprender las necesidades \u00fanicas de tu empresa y ofrecerte soluciones que se ajusten a tus objetivos. <\/p>\n<p data-start=\"2601\" data-end=\"2712\" class=\"\">Nuestro bufete se basa en relaciones duraderas con los clientes y en una representaci\u00f3n de confianza y orientada a los resultados.<\/p>\n<hr data-start=\"2714\" data-end=\"2717\" class=\"\">\n<h2 data-start=\"2719\" data-end=\"2762\" class=\"\"><strong data-start=\"2722\" data-end=\"2762\">Concertar una consulta sobre Derecho Mercantil<\/strong><\/h2>\n<p data-start=\"2764\" data-end=\"2974\" class=\"\">Si necesitas un <strong data-start=\"2787\" data-end=\"2830\">abogado mercantil<\/strong> de confianza <strong data-start=\"2787\" data-end=\"2830\">en el oeste de Washington<\/strong>, ponte en contacto con Althauser Rayan Abbarno hoy mismo.  <\/p>\n<p data-start=\"2976\" data-end=\"3075\" class=\"\">\ud83d\udcde <strong data-start=\"2979\" data-end=\"3008\">Ll\u00e1manos al (360) 736-1301<\/strong> o utiliza nuestro <a data-start=\"3020\" data-end=\"3044\" class=\"cursor-pointer\" rel=\"noopener\">formulario de contacto en l\u00ednea<\/a> para programar tu consulta.<\/p>\n<p>[\/et_pb_text][\/et_pb_column][\/et_pb_row][\/et_pb_section]<\/p>\n","protected":false},"excerpt":{"rendered":"<p>Abogados mercantiles y societarios en Washington Occidental Asesoramiento Jur\u00eddico de Confianza para Empresas de Todos los Tama\u00f1os &#8211; Desde Startups hasta Corporaciones Durante m\u00e1s de 75 a\u00f1os, Althauser Rayan Abbarno ha proporcionado asesoramiento jur\u00eddico de confianza a empresas de todo el oeste de Washington. Tanto si est\u00e1s poniendo en marcha una nueva empresa, ampliando tu [&hellip;]<\/p>\n","protected":false},"author":1,"featured_media":0,"parent":0,"menu_order":0,"comment_status":"closed","ping_status":"closed","template":"","meta":{"_et_pb_use_builder":"on","_et_pb_old_content":"","_et_gb_content_width":"","footnotes":""},"class_list":["post-17655","page","type-page","status-publish","hentry"],"yoast_head":"<!-- This site is optimized with the Yoast SEO plugin v27.6 - https:\/\/yoast.com\/product\/yoast-seo-wordpress\/ -->\n<title>Abogados de Empresa - Ley Centralia<\/title>\n<meta name=\"description\" content=\"Nuestros abogados ayudan a las empresas de Washington con la constituci\u00f3n de sociedades, a navegar por la normativa, a preparar actas, a actuar como agentes procesales y mucho m\u00e1s.\" \/>\n<meta name=\"robots\" content=\"index, follow, max-snippet:-1, max-image-preview:large, max-video-preview:-1\" \/>\n<link rel=\"canonical\" href=\"https:\/\/centralialaw.com\/es\/abogados-de-empresa\/\" \/>\n<meta property=\"og:locale\" content=\"es_ES\" \/>\n<meta property=\"og:type\" content=\"article\" \/>\n<meta property=\"og:title\" content=\"Abogados de Empresa - Ley Centralia\" \/>\n<meta property=\"og:description\" content=\"Nuestros abogados ayudan a las empresas de Washington con la constituci\u00f3n de sociedades, a navegar por la normativa, a preparar actas, a actuar como agentes procesales y mucho m\u00e1s.\" \/>\n<meta property=\"og:url\" content=\"https:\/\/centralialaw.com\/es\/abogados-de-empresa\/\" \/>\n<meta property=\"og:site_name\" content=\"Ley Centralia\" \/>\n<meta property=\"article:publisher\" content=\"https:\/\/www.facebook.com\/AlthauserRayanAbbarno\/\" \/>\n<meta property=\"article:modified_time\" content=\"2025-05-30T19:40:44+00:00\" \/>\n<meta name=\"twitter:card\" content=\"summary_large_image\" \/>\n<meta name=\"twitter:site\" content=\"@PeterAbbarno\" \/>\n<meta name=\"twitter:label1\" content=\"Est. reading time\" \/>\n\t<meta name=\"twitter:data1\" content=\"3 minutos\" \/>\n<script type=\"application\/ld+json\" class=\"yoast-schema-graph\">{\"@context\":\"https:\\\/\\\/schema.org\",\"@graph\":[{\"@type\":\"WebPage\",\"@id\":\"https:\\\/\\\/centralialaw.com\\\/es\\\/abogados-de-empresa\\\/\",\"url\":\"https:\\\/\\\/centralialaw.com\\\/es\\\/abogados-de-empresa\\\/\",\"name\":\"Abogados de Empresa - Ley Centralia\",\"isPartOf\":{\"@id\":\"https:\\\/\\\/centralialaw.com\\\/es\\\/#website\"},\"datePublished\":\"2022-03-15T00:31:04+00:00\",\"dateModified\":\"2025-05-30T19:40:44+00:00\",\"description\":\"Nuestros abogados ayudan a las empresas de Washington con la constituci\u00f3n de sociedades, a navegar por la normativa, a preparar actas, a actuar como agentes procesales y mucho m\u00e1s.\",\"breadcrumb\":{\"@id\":\"https:\\\/\\\/centralialaw.com\\\/es\\\/abogados-de-empresa\\\/#breadcrumb\"},\"inLanguage\":\"es\",\"potentialAction\":[{\"@type\":\"ReadAction\",\"target\":[\"https:\\\/\\\/centralialaw.com\\\/es\\\/abogados-de-empresa\\\/\"]}]},{\"@type\":\"BreadcrumbList\",\"@id\":\"https:\\\/\\\/centralialaw.com\\\/es\\\/abogados-de-empresa\\\/#breadcrumb\",\"itemListElement\":[{\"@type\":\"ListItem\",\"position\":1,\"name\":\"Inicio\",\"item\":\"https:\\\/\\\/centralialaw.com\\\/es\\\/\"},{\"@type\":\"ListItem\",\"position\":2,\"name\":\"Abogados de Empresa\"}]},{\"@type\":\"WebSite\",\"@id\":\"https:\\\/\\\/centralialaw.com\\\/es\\\/#website\",\"url\":\"https:\\\/\\\/centralialaw.com\\\/es\\\/\",\"name\":\"Centralia Law\",\"description\":\"Al servicio del estado de Washington desde hace m\u00e1s de 75 a\u00f1os - Althauser Rayan Abbarno \",\"publisher\":{\"@id\":\"https:\\\/\\\/centralialaw.com\\\/es\\\/#organization\"},\"potentialAction\":[{\"@type\":\"SearchAction\",\"target\":{\"@type\":\"EntryPoint\",\"urlTemplate\":\"https:\\\/\\\/centralialaw.com\\\/es\\\/?s={search_term_string}\"},\"query-input\":{\"@type\":\"PropertyValueSpecification\",\"valueRequired\":true,\"valueName\":\"search_term_string\"}}],\"inLanguage\":\"es\"},{\"@type\":\"Organization\",\"@id\":\"https:\\\/\\\/centralialaw.com\\\/es\\\/#organization\",\"name\":\"Ley Centralia\",\"url\":\"https:\\\/\\\/centralialaw.com\\\/es\\\/\",\"logo\":{\"@type\":\"ImageObject\",\"inLanguage\":\"es\",\"@id\":\"https:\\\/\\\/centralialaw.com\\\/es\\\/#\\\/schema\\\/logo\\\/image\\\/\",\"url\":\"https:\\\/\\\/centralialaw.com\\\/wp-content\\\/uploads\\\/2022\\\/05\\\/ARA-Logo.png\",\"contentUrl\":\"https:\\\/\\\/centralialaw.com\\\/wp-content\\\/uploads\\\/2022\\\/05\\\/ARA-Logo.png\",\"width\":1153,\"height\":364,\"caption\":\"Ley Centralia\"},\"image\":{\"@id\":\"https:\\\/\\\/centralialaw.com\\\/es\\\/#\\\/schema\\\/logo\\\/image\\\/\"},\"sameAs\":[\"https:\\\/\\\/www.facebook.com\\\/AlthauserRayanAbbarno\\\/\",\"https:\\\/\\\/x.com\\\/PeterAbbarno\"]}]}<\/script>\n<!-- \/ Yoast SEO plugin. -->","yoast_head_json":{"title":"Abogados de Empresa - Ley Centralia","description":"Nuestros abogados ayudan a las empresas de Washington con la constituci\u00f3n de sociedades, a navegar por la normativa, a preparar actas, a actuar como agentes procesales y mucho m\u00e1s.","robots":{"index":"index","follow":"follow","max-snippet":"max-snippet:-1","max-image-preview":"max-image-preview:large","max-video-preview":"max-video-preview:-1"},"canonical":"https:\/\/centralialaw.com\/es\/abogados-de-empresa\/","og_locale":"es_ES","og_type":"article","og_title":"Abogados de Empresa - Ley Centralia","og_description":"Nuestros abogados ayudan a las empresas de Washington con la constituci\u00f3n de sociedades, a navegar por la normativa, a preparar actas, a actuar como agentes procesales y mucho m\u00e1s.","og_url":"https:\/\/centralialaw.com\/es\/abogados-de-empresa\/","og_site_name":"Ley Centralia","article_publisher":"https:\/\/www.facebook.com\/AlthauserRayanAbbarno\/","article_modified_time":"2025-05-30T19:40:44+00:00","twitter_card":"summary_large_image","twitter_site":"@PeterAbbarno","twitter_misc":{"Est. reading time":"3 minutos"},"schema":{"@context":"https:\/\/schema.org","@graph":[{"@type":"WebPage","@id":"https:\/\/centralialaw.com\/es\/abogados-de-empresa\/","url":"https:\/\/centralialaw.com\/es\/abogados-de-empresa\/","name":"Abogados de Empresa - Ley Centralia","isPartOf":{"@id":"https:\/\/centralialaw.com\/es\/#website"},"datePublished":"2022-03-15T00:31:04+00:00","dateModified":"2025-05-30T19:40:44+00:00","description":"Nuestros abogados ayudan a las empresas de Washington con la constituci\u00f3n de sociedades, a navegar por la normativa, a preparar actas, a actuar como agentes procesales y mucho m\u00e1s.","breadcrumb":{"@id":"https:\/\/centralialaw.com\/es\/abogados-de-empresa\/#breadcrumb"},"inLanguage":"es","potentialAction":[{"@type":"ReadAction","target":["https:\/\/centralialaw.com\/es\/abogados-de-empresa\/"]}]},{"@type":"BreadcrumbList","@id":"https:\/\/centralialaw.com\/es\/abogados-de-empresa\/#breadcrumb","itemListElement":[{"@type":"ListItem","position":1,"name":"Inicio","item":"https:\/\/centralialaw.com\/es\/"},{"@type":"ListItem","position":2,"name":"Abogados de Empresa"}]},{"@type":"WebSite","@id":"https:\/\/centralialaw.com\/es\/#website","url":"https:\/\/centralialaw.com\/es\/","name":"Centralia Law","description":"Al servicio del estado de Washington desde hace m\u00e1s de 75 a\u00f1os - Althauser Rayan Abbarno ","publisher":{"@id":"https:\/\/centralialaw.com\/es\/#organization"},"potentialAction":[{"@type":"SearchAction","target":{"@type":"EntryPoint","urlTemplate":"https:\/\/centralialaw.com\/es\/?s={search_term_string}"},"query-input":{"@type":"PropertyValueSpecification","valueRequired":true,"valueName":"search_term_string"}}],"inLanguage":"es"},{"@type":"Organization","@id":"https:\/\/centralialaw.com\/es\/#organization","name":"Ley Centralia","url":"https:\/\/centralialaw.com\/es\/","logo":{"@type":"ImageObject","inLanguage":"es","@id":"https:\/\/centralialaw.com\/es\/#\/schema\/logo\/image\/","url":"https:\/\/centralialaw.com\/wp-content\/uploads\/2022\/05\/ARA-Logo.png","contentUrl":"https:\/\/centralialaw.com\/wp-content\/uploads\/2022\/05\/ARA-Logo.png","width":1153,"height":364,"caption":"Ley Centralia"},"image":{"@id":"https:\/\/centralialaw.com\/es\/#\/schema\/logo\/image\/"},"sameAs":["https:\/\/www.facebook.com\/AlthauserRayanAbbarno\/","https:\/\/x.com\/PeterAbbarno"]}]}},"_links":{"self":[{"href":"https:\/\/centralialaw.com\/es\/wp-json\/wp\/v2\/pages\/17655","targetHints":{"allow":["GET"]}}],"collection":[{"href":"https:\/\/centralialaw.com\/es\/wp-json\/wp\/v2\/pages"}],"about":[{"href":"https:\/\/centralialaw.com\/es\/wp-json\/wp\/v2\/types\/page"}],"author":[{"embeddable":true,"href":"https:\/\/centralialaw.com\/es\/wp-json\/wp\/v2\/users\/1"}],"replies":[{"embeddable":true,"href":"https:\/\/centralialaw.com\/es\/wp-json\/wp\/v2\/comments?post=17655"}],"version-history":[{"count":0,"href":"https:\/\/centralialaw.com\/es\/wp-json\/wp\/v2\/pages\/17655\/revisions"}],"wp:attachment":[{"href":"https:\/\/centralialaw.com\/es\/wp-json\/wp\/v2\/media?parent=17655"}],"curies":[{"name":"wp","href":"https:\/\/api.w.org\/{rel}","templated":true}]}}