{"id":17660,"date":"2022-03-14T17:20:33","date_gmt":"2022-03-15T00:20:33","guid":{"rendered":"https:\/\/centralialaw.com\/charles-althauser\/"},"modified":"2025-07-18T11:55:27","modified_gmt":"2025-07-18T18:55:27","slug":"charles-althauser","status":"publish","type":"page","link":"https:\/\/centralialaw.com\/es\/charles-althauser\/","title":{"rendered":"Charles Althauser"},"content":{"rendered":"<p>[et_pb_section fb_built=\u00bb1&#8243; _builder_version=\u00bb4.16&#8243; _module_preset=\u00bbdefault\u00bb custom_padding=\u00bb17px|||||\u00bb global_colors_info=\u00bb{}\u00bb][et_pb_row _builder_version=\u00bb4.16&#8243; _module_preset=\u00bbdefault\u00bb global_colors_info=\u00bb{}\u00bb][et_pb_column type=\u00bb4_4&#8243; _builder_version=\u00bb4.16&#8243; _module_preset=\u00bbdefault\u00bb global_colors_info=\u00bb{}\u00bb][et_pb_text _builder_version=\u00bb4.16&#8243; _module_preset=\u00bbdefault\u00bb global_colors_info=\u00bb{}\u00bb]<\/p>\n<h1>T. Charles Althauser &#8211; Ret.<\/h1>\n<p>[\/et_pb_text][et_pb_image _builder_version=\u00bb4.27.4&#8243; _module_preset=\u00bbabd39826-c7aa-47af-8e97-18af4e71c4df\u00bb src=\u00bb@ET-DC@eyJkeW5hbWljIjp0cnVlLCJjb250ZW50IjoicG9zdF9mZWF0dXJlZF9pbWFnZSIsInNldHRpbmdzIjp7fX0=@\u00bb _dynamic_attributes=\u00bbsrc\u00bb hover_enabled=\u00bb0&#8243; sticky_enabled=\u00bb0&#8243; custom_css_main_element=\u00bbfloat: left;\u00bb][\/et_pb_image][et_pb_text _builder_version=\u00bb4.27.4&#8243; _module_preset=\u00bbdefault\u00bb hover_enabled=\u00bb0&#8243; global_colors_info=\u00bb{}\u00bb sticky_enabled=\u00bb0&#8243;]<\/p>\n<p>Chuck ejerci\u00f3 durante m\u00e1s de 40 a\u00f1os antes de jubilarse en diciembre de 2018. Se especializ\u00f3 en asuntos inmobiliarios y empresariales, y en casos de lesiones personales. Es miembro Eagle de la Asociaci\u00f3n para la Justicia del Estado de Washington. En 1983 fue presidente del Colegio de Abogados del Condado de Lewis; y ha formado parte del Comit\u00e9 de Normas de Conducta Profesional, del Comit\u00e9 Disciplinario y del Comit\u00e9 de Recomendaci\u00f3n Judicial del Colegio de Abogados del Estado de Washington.   <\/p>\n<p>Chuck fue nombrado por el Tribunal Supremo en 1999 para formar parte de la Junta de Oficiales de Pr\u00e1ctica Limitada, y fue su presidente de 2003 a 2006. Form\u00f3 parte de la Junta Consultiva Comunitaria del Hospital Providence Centralia durante 12 a\u00f1os (1990-1999, y 2001-2003) y fue presidente de la Junta Consultiva durante dos a\u00f1os (1998 y 1999). Es ex presidente y rotario activo, y fue miembro del consejo y dos veces presidente de la asociaci\u00f3n Dollars for Scholars del instituto Centralia.  <\/p>\n<p>Marido desde hace 40 a\u00f1os, es padre de tres hijos, abuelo y \u00e1vido jugador de golf.<\/p>\n<p>Aunque Chuck se ha retirado del ejercicio de la abogac\u00eda, nuestros abogados de Althauser Rayan Abbarno pueden ayudarte con tus necesidades legales. Llama al 360-736-1301 o env\u00eda un correo electr\u00f3nico <a href=\"mailto:Receptionist@CentraliaLaw.com\">a Receptionist@CentraliaLaw.com.<\/a> <\/p>\n<p>&nbsp;<\/p>\n<p>[\/et_pb_text][\/et_pb_column][\/et_pb_row][\/et_pb_section]<\/p>\n","protected":false},"excerpt":{"rendered":"<p>T. Charles Althauser &#8211; Ret.Chuck ejerci\u00f3 durante m\u00e1s de 40 a\u00f1os antes de jubilarse en diciembre de 2018. Se especializ\u00f3 en asuntos inmobiliarios y empresariales, y en casos de lesiones personales. Es miembro Eagle de la Asociaci\u00f3n para la Justicia del Estado de Washington. En 1983 fue presidente del Colegio de Abogados del Condado de [&hellip;]<\/p>\n","protected":false},"author":1,"featured_media":17248,"parent":0,"menu_order":0,"comment_status":"closed","ping_status":"closed","template":"","meta":{"_et_pb_use_builder":"on","_et_pb_old_content":"","_et_gb_content_width":"","footnotes":""},"class_list":["post-17660","page","type-page","status-publish","has-post-thumbnail","hentry"],"yoast_head":"<!-- This site is optimized with the Yoast SEO plugin v27.4 - https:\/\/yoast.com\/product\/yoast-seo-wordpress\/ -->\n<title>Charles Althauser - Ley Centralia<\/title>\n<meta name=\"robots\" content=\"index, follow, max-snippet:-1, max-image-preview:large, max-video-preview:-1\" \/>\n<link rel=\"canonical\" href=\"https:\/\/centralialaw.com\/es\/charles-althauser\/\" \/>\n<meta property=\"og:locale\" content=\"es_ES\" \/>\n<meta property=\"og:type\" content=\"article\" \/>\n<meta property=\"og:title\" content=\"Charles Althauser - Ley Centralia\" \/>\n<meta property=\"og:description\" content=\"T. Charles Althauser - Ret.Chuck ejerci\u00f3 durante m\u00e1s de 40 a\u00f1os antes de jubilarse en diciembre de 2018. Se especializ\u00f3 en asuntos inmobiliarios y empresariales, y en casos de lesiones personales. Es miembro Eagle de la Asociaci\u00f3n para la Justicia del Estado de Washington. En 1983 fue presidente del Colegio de Abogados del Condado de [&hellip;]\" \/>\n<meta property=\"og:url\" content=\"https:\/\/centralialaw.com\/es\/charles-althauser\/\" \/>\n<meta property=\"og:site_name\" content=\"Ley Centralia\" \/>\n<meta property=\"article:publisher\" content=\"https:\/\/www.facebook.com\/AlthauserRayanAbbarno\/\" \/>\n<meta property=\"article:modified_time\" content=\"2025-07-18T18:55:27+00:00\" \/>\n<meta property=\"og:image\" content=\"https:\/\/centralialaw.com\/wp-content\/uploads\/2022\/03\/Charles-Althauser.jpg\" \/>\n\t<meta property=\"og:image:width\" content=\"398\" \/>\n\t<meta property=\"og:image:height\" content=\"600\" \/>\n\t<meta property=\"og:image:type\" content=\"image\/jpeg\" \/>\n<meta name=\"twitter:card\" content=\"summary_large_image\" \/>\n<meta name=\"twitter:site\" content=\"@PeterAbbarno\" \/>\n<meta name=\"twitter:label1\" content=\"Est. reading time\" \/>\n\t<meta name=\"twitter:data1\" content=\"2 minutos\" \/>\n<script type=\"application\/ld+json\" class=\"yoast-schema-graph\">{\"@context\":\"https:\\\/\\\/schema.org\",\"@graph\":[{\"@type\":\"WebPage\",\"@id\":\"https:\\\/\\\/centralialaw.com\\\/es\\\/charles-althauser\\\/\",\"url\":\"https:\\\/\\\/centralialaw.com\\\/es\\\/charles-althauser\\\/\",\"name\":\"Charles Althauser - Ley Centralia\",\"isPartOf\":{\"@id\":\"https:\\\/\\\/centralialaw.com\\\/es\\\/#website\"},\"primaryImageOfPage\":{\"@id\":\"https:\\\/\\\/centralialaw.com\\\/es\\\/charles-althauser\\\/#primaryimage\"},\"image\":{\"@id\":\"https:\\\/\\\/centralialaw.com\\\/es\\\/charles-althauser\\\/#primaryimage\"},\"thumbnailUrl\":\"https:\\\/\\\/centralialaw.com\\\/wp-content\\\/uploads\\\/2022\\\/03\\\/Charles-Althauser.jpg\",\"datePublished\":\"2022-03-15T00:20:33+00:00\",\"dateModified\":\"2025-07-18T18:55:27+00:00\",\"breadcrumb\":{\"@id\":\"https:\\\/\\\/centralialaw.com\\\/es\\\/charles-althauser\\\/#breadcrumb\"},\"inLanguage\":\"es\",\"potentialAction\":[{\"@type\":\"ReadAction\",\"target\":[\"https:\\\/\\\/centralialaw.com\\\/es\\\/charles-althauser\\\/\"]}]},{\"@type\":\"ImageObject\",\"inLanguage\":\"es\",\"@id\":\"https:\\\/\\\/centralialaw.com\\\/es\\\/charles-althauser\\\/#primaryimage\",\"url\":\"https:\\\/\\\/centralialaw.com\\\/wp-content\\\/uploads\\\/2022\\\/03\\\/Charles-Althauser.jpg\",\"contentUrl\":\"https:\\\/\\\/centralialaw.com\\\/wp-content\\\/uploads\\\/2022\\\/03\\\/Charles-Althauser.jpg\",\"width\":398,\"height\":600},{\"@type\":\"BreadcrumbList\",\"@id\":\"https:\\\/\\\/centralialaw.com\\\/es\\\/charles-althauser\\\/#breadcrumb\",\"itemListElement\":[{\"@type\":\"ListItem\",\"position\":1,\"name\":\"Inicio\",\"item\":\"https:\\\/\\\/centralialaw.com\\\/es\\\/\"},{\"@type\":\"ListItem\",\"position\":2,\"name\":\"Charles Althauser\"}]},{\"@type\":\"WebSite\",\"@id\":\"https:\\\/\\\/centralialaw.com\\\/es\\\/#website\",\"url\":\"https:\\\/\\\/centralialaw.com\\\/es\\\/\",\"name\":\"Centralia Law\",\"description\":\"Al servicio del estado de Washington desde hace m\u00e1s de 75 a\u00f1os - Althauser Rayan Abbarno \",\"publisher\":{\"@id\":\"https:\\\/\\\/centralialaw.com\\\/es\\\/#organization\"},\"potentialAction\":[{\"@type\":\"SearchAction\",\"target\":{\"@type\":\"EntryPoint\",\"urlTemplate\":\"https:\\\/\\\/centralialaw.com\\\/es\\\/?s={search_term_string}\"},\"query-input\":{\"@type\":\"PropertyValueSpecification\",\"valueRequired\":true,\"valueName\":\"search_term_string\"}}],\"inLanguage\":\"es\"},{\"@type\":\"Organization\",\"@id\":\"https:\\\/\\\/centralialaw.com\\\/es\\\/#organization\",\"name\":\"Ley Centralia\",\"url\":\"https:\\\/\\\/centralialaw.com\\\/es\\\/\",\"logo\":{\"@type\":\"ImageObject\",\"inLanguage\":\"es\",\"@id\":\"https:\\\/\\\/centralialaw.com\\\/es\\\/#\\\/schema\\\/logo\\\/image\\\/\",\"url\":\"https:\\\/\\\/centralialaw.com\\\/wp-content\\\/uploads\\\/2022\\\/05\\\/ARA-Logo.png\",\"contentUrl\":\"https:\\\/\\\/centralialaw.com\\\/wp-content\\\/uploads\\\/2022\\\/05\\\/ARA-Logo.png\",\"width\":1153,\"height\":364,\"caption\":\"Ley Centralia\"},\"image\":{\"@id\":\"https:\\\/\\\/centralialaw.com\\\/es\\\/#\\\/schema\\\/logo\\\/image\\\/\"},\"sameAs\":[\"https:\\\/\\\/www.facebook.com\\\/AlthauserRayanAbbarno\\\/\",\"https:\\\/\\\/x.com\\\/PeterAbbarno\"]}]}<\/script>\n<!-- \/ Yoast SEO plugin. -->","yoast_head_json":{"title":"Charles Althauser - Ley Centralia","robots":{"index":"index","follow":"follow","max-snippet":"max-snippet:-1","max-image-preview":"max-image-preview:large","max-video-preview":"max-video-preview:-1"},"canonical":"https:\/\/centralialaw.com\/es\/charles-althauser\/","og_locale":"es_ES","og_type":"article","og_title":"Charles Althauser - Ley Centralia","og_description":"T. Charles Althauser - Ret.Chuck ejerci\u00f3 durante m\u00e1s de 40 a\u00f1os antes de jubilarse en diciembre de 2018. Se especializ\u00f3 en asuntos inmobiliarios y empresariales, y en casos de lesiones personales. Es miembro Eagle de la Asociaci\u00f3n para la Justicia del Estado de Washington. En 1983 fue presidente del Colegio de Abogados del Condado de [&hellip;]","og_url":"https:\/\/centralialaw.com\/es\/charles-althauser\/","og_site_name":"Ley Centralia","article_publisher":"https:\/\/www.facebook.com\/AlthauserRayanAbbarno\/","article_modified_time":"2025-07-18T18:55:27+00:00","og_image":[{"width":398,"height":600,"url":"https:\/\/centralialaw.com\/wp-content\/uploads\/2022\/03\/Charles-Althauser.jpg","type":"image\/jpeg"}],"twitter_card":"summary_large_image","twitter_site":"@PeterAbbarno","twitter_misc":{"Est. reading time":"2 minutos"},"schema":{"@context":"https:\/\/schema.org","@graph":[{"@type":"WebPage","@id":"https:\/\/centralialaw.com\/es\/charles-althauser\/","url":"https:\/\/centralialaw.com\/es\/charles-althauser\/","name":"Charles Althauser - Ley Centralia","isPartOf":{"@id":"https:\/\/centralialaw.com\/es\/#website"},"primaryImageOfPage":{"@id":"https:\/\/centralialaw.com\/es\/charles-althauser\/#primaryimage"},"image":{"@id":"https:\/\/centralialaw.com\/es\/charles-althauser\/#primaryimage"},"thumbnailUrl":"https:\/\/centralialaw.com\/wp-content\/uploads\/2022\/03\/Charles-Althauser.jpg","datePublished":"2022-03-15T00:20:33+00:00","dateModified":"2025-07-18T18:55:27+00:00","breadcrumb":{"@id":"https:\/\/centralialaw.com\/es\/charles-althauser\/#breadcrumb"},"inLanguage":"es","potentialAction":[{"@type":"ReadAction","target":["https:\/\/centralialaw.com\/es\/charles-althauser\/"]}]},{"@type":"ImageObject","inLanguage":"es","@id":"https:\/\/centralialaw.com\/es\/charles-althauser\/#primaryimage","url":"https:\/\/centralialaw.com\/wp-content\/uploads\/2022\/03\/Charles-Althauser.jpg","contentUrl":"https:\/\/centralialaw.com\/wp-content\/uploads\/2022\/03\/Charles-Althauser.jpg","width":398,"height":600},{"@type":"BreadcrumbList","@id":"https:\/\/centralialaw.com\/es\/charles-althauser\/#breadcrumb","itemListElement":[{"@type":"ListItem","position":1,"name":"Inicio","item":"https:\/\/centralialaw.com\/es\/"},{"@type":"ListItem","position":2,"name":"Charles Althauser"}]},{"@type":"WebSite","@id":"https:\/\/centralialaw.com\/es\/#website","url":"https:\/\/centralialaw.com\/es\/","name":"Centralia Law","description":"Al servicio del estado de Washington desde hace m\u00e1s de 75 a\u00f1os - Althauser Rayan Abbarno ","publisher":{"@id":"https:\/\/centralialaw.com\/es\/#organization"},"potentialAction":[{"@type":"SearchAction","target":{"@type":"EntryPoint","urlTemplate":"https:\/\/centralialaw.com\/es\/?s={search_term_string}"},"query-input":{"@type":"PropertyValueSpecification","valueRequired":true,"valueName":"search_term_string"}}],"inLanguage":"es"},{"@type":"Organization","@id":"https:\/\/centralialaw.com\/es\/#organization","name":"Ley Centralia","url":"https:\/\/centralialaw.com\/es\/","logo":{"@type":"ImageObject","inLanguage":"es","@id":"https:\/\/centralialaw.com\/es\/#\/schema\/logo\/image\/","url":"https:\/\/centralialaw.com\/wp-content\/uploads\/2022\/05\/ARA-Logo.png","contentUrl":"https:\/\/centralialaw.com\/wp-content\/uploads\/2022\/05\/ARA-Logo.png","width":1153,"height":364,"caption":"Ley Centralia"},"image":{"@id":"https:\/\/centralialaw.com\/es\/#\/schema\/logo\/image\/"},"sameAs":["https:\/\/www.facebook.com\/AlthauserRayanAbbarno\/","https:\/\/x.com\/PeterAbbarno"]}]}},"_links":{"self":[{"href":"https:\/\/centralialaw.com\/es\/wp-json\/wp\/v2\/pages\/17660","targetHints":{"allow":["GET"]}}],"collection":[{"href":"https:\/\/centralialaw.com\/es\/wp-json\/wp\/v2\/pages"}],"about":[{"href":"https:\/\/centralialaw.com\/es\/wp-json\/wp\/v2\/types\/page"}],"author":[{"embeddable":true,"href":"https:\/\/centralialaw.com\/es\/wp-json\/wp\/v2\/users\/1"}],"replies":[{"embeddable":true,"href":"https:\/\/centralialaw.com\/es\/wp-json\/wp\/v2\/comments?post=17660"}],"version-history":[{"count":0,"href":"https:\/\/centralialaw.com\/es\/wp-json\/wp\/v2\/pages\/17660\/revisions"}],"wp:featuredmedia":[{"embeddable":true,"href":"https:\/\/centralialaw.com\/es\/wp-json\/wp\/v2\/media\/17248"}],"wp:attachment":[{"href":"https:\/\/centralialaw.com\/es\/wp-json\/wp\/v2\/media?parent=17660"}],"curies":[{"name":"wp","href":"https:\/\/api.w.org\/{rel}","templated":true}]}}