{"id":17662,"date":"2022-03-14T16:55:19","date_gmt":"2022-03-14T23:55:19","guid":{"rendered":"https:\/\/centralialaw.com\/peter-abbarno\/"},"modified":"2025-07-18T11:52:01","modified_gmt":"2025-07-18T18:52:01","slug":"peter-abbarno","status":"publish","type":"page","link":"https:\/\/centralialaw.com\/es\/peter-abbarno\/","title":{"rendered":"Peter Abbarno"},"content":{"rendered":"<p>[et_pb_section fb_built=\u00bb1&#8243; _builder_version=\u00bb4.16&#8243; _module_preset=\u00bbdefault\u00bb custom_padding=\u00bb17px||1px|||\u00bb global_colors_info=\u00bb{}\u00bb][et_pb_row _builder_version=\u00bb4.16&#8243; _module_preset=\u00bbdefault\u00bb global_colors_info=\u00bb{}\u00bb][et_pb_column type=\u00bb4_4&#8243; _builder_version=\u00bb4.16&#8243; _module_preset=\u00bbdefault\u00bb global_colors_info=\u00bb{}\u00bb][et_pb_text _builder_version=\u00bb4.16&#8243; _module_preset=\u00bbdefault\u00bb global_colors_info=\u00bb{}\u00bb]<\/p>\n<h1>Peter Abbarno<\/h1>\n<p>[\/et_pb_text][\/et_pb_column][\/et_pb_row][et_pb_row column_structure=\u00bb2_5,3_5&#8243; _builder_version=\u00bb4.18.0&#8243; _module_preset=\u00bbdefault\u00bb global_colors_info=\u00bb{}\u00bb][et_pb_column type=\u00bb2_5&#8243; _builder_version=\u00bb4.18.0&#8243; _module_preset=\u00bbdefault\u00bb global_colors_info=\u00bb{}\u00bb][et_pb_image src=\u00bb@ET-DC@eyJkeW5hbWljIjp0cnVlLCJjb250ZW50IjoicG9zdF9mZWF0dXJlZF9pbWFnZSIsInNldHRpbmdzIjp7fX0=@\u00bb title_text=\u00bbPeter-Abbarno24&#8243; _builder_version=\u00bb4.27.4&#8243; _module_preset=\u00bbabd39826-c7aa-47af-8e97-18af4e71c4df\u00bb hover_enabled=\u00bb0&#8243; global_colors_info=\u00bb{}\u00bb _dynamic_attributes=\u00bbsrc\u00bb sticky_enabled=\u00bb0&#8243;][\/et_pb_image][\/et_pb_column][et_pb_column type=\u00bb3_5&#8243; _builder_version=\u00bb4.18.0&#8243; _module_preset=\u00bbdefault\u00bb global_colors_info=\u00bb{}\u00bb][et_pb_text _builder_version=\u00bb4.27.4&#8243; _module_preset=\u00bbdefault\u00bb global_colors_info=\u00bb{}\u00bb]<\/p>\n<h2 data-start=\"186\" data-end=\"208\" class=\"\"><strong data-start=\"189\" data-end=\"206\">Peter Abbarno<\/strong><\/h2>\n<h3 data-start=\"209\" data-end=\"271\" class=\"\"><em data-start=\"213\" data-end=\"269\">Socio, Abogado &#8211; Althauser Rayan Abbarno LLP<\/em><\/h3>\n<h4 data-start=\"272\" data-end=\"368\" class=\"\"><em data-start=\"277\" data-end=\"368\">Representante del Estado de Washington | L\u00edder Comunitaria | Defensora de las Familias y las Empresas<\/em><\/h4>\n<hr data-start=\"370\" data-end=\"373\" class=\"\">\n<h3 data-start=\"375\" data-end=\"394\" class=\"\"><strong data-start=\"379\" data-end=\"394\">Sobre Peter<\/strong><\/h3>\n<p data-start=\"396\" data-end=\"596\" class=\"\">Peter Abbarno es socio de Althauser Rayan Abbarno LLP y Representante del Estado de Washington por el 20\u00ba Distrito Legislativo. Tambi\u00e9n es un orgulloso esposo, padre y dedicado defensor de la comunidad. <\/p>\n<p data-start=\"598\" data-end=\"940\" class=\"\">La pr\u00e1ctica jur\u00eddica de Peter abarca una amplia gama de \u00e1reas, entre las que se incluyen el derecho mercantil, el derecho de familia, las lesiones personales, la controversia fiscal federal y estatal, la indemnizaci\u00f3n de los trabajadores y el enjuiciamiento y la defensa penal.<\/p>\n<p data-start=\"598\" data-end=\"940\" class=\"\">Con a\u00f1os de experiencia en comunicaciones estrat\u00e9gicas y asuntos gubernamentales, Peter ayuda a particulares y empresas a superar complejos retos legales y normativos con confianza y claridad.<\/p>\n<hr data-start=\"942\" data-end=\"945\" class=\"\">\n<h3 data-start=\"947\" data-end=\"969\" class=\"\"><strong data-start=\"951\" data-end=\"969\">\u00c1reas de pr\u00e1ctica<\/strong><\/h3>\n<ul data-start=\"970\" data-end=\"1147\">\n<li data-start=\"970\" data-end=\"1004\" class=\"\">\n<p data-start=\"972\" data-end=\"1004\" class=\"\">Defensa y acusaci\u00f3n penal<\/p>\n<\/li>\n<li data-start=\"1005\" data-end=\"1019\" class=\"\">\n<p data-start=\"1007\" data-end=\"1019\" class=\"\">Derecho de familia<\/p>\n<\/li>\n<li data-start=\"1020\" data-end=\"1039\" class=\"\">\n<p data-start=\"1022\" data-end=\"1039\" class=\"\">Lesiones personales<\/p>\n<\/li>\n<li data-start=\"1040\" data-end=\"1065\" class=\"\">\n<p data-start=\"1042\" data-end=\"1065\" class=\"\">Indemnizaci\u00f3n por accidente laboral<\/p>\n<\/li>\n<li data-start=\"1066\" data-end=\"1085\" class=\"\">\n<p data-start=\"1068\" data-end=\"1085\" class=\"\">Planificaci\u00f3n patrimonial<\/p>\n<\/li>\n<li data-start=\"1086\" data-end=\"1114\" class=\"\">\n<p data-start=\"1088\" data-end=\"1114\" class=\"\">Derecho Mercantil y Societario<\/p>\n<\/li>\n<li data-start=\"1115\" data-end=\"1147\" class=\"\">\n<p data-start=\"1117\" data-end=\"1147\" class=\"\">Derecho medioambiental y del uso del suelo<\/p>\n<\/li>\n<\/ul>\n<p data-start=\"1149\" data-end=\"1300\" class=\"\">Peter y el equipo jur\u00eddico de Althauser Rayan Abbarno atienden a clientes de todo el Estado de Washington, ofreci\u00e9ndoles soluciones jur\u00eddicas de confianza y un servicio personalizado.<\/p>\n<hr data-start=\"1302\" data-end=\"1305\" class=\"\">\n<h3 data-start=\"1307\" data-end=\"1324\" class=\"\"><strong data-start=\"1311\" data-end=\"1324\">Educaci\u00f3n<\/strong><\/h3>\n<ul data-start=\"1325\" data-end=\"1502\">\n<li data-start=\"1325\" data-end=\"1381\" class=\"\">\n<p data-start=\"1327\" data-end=\"1381\" class=\"\"><strong data-start=\"1327\" data-end=\"1356\">Licenciatura en Ciencias Pol\u00edticas<\/strong> &#8211; SUNY Fredonia (1997)<\/p>\n<\/li>\n<li data-start=\"1382\" data-end=\"1430\" class=\"\">\n<p data-start=\"1384\" data-end=\"1430\" class=\"\"><strong data-start=\"1384\" data-end=\"1400\">Doctor en Derecho<\/strong> &#8211; Facultad de Derecho de Vermont (2008)<\/p>\n<\/li>\n<li data-start=\"1431\" data-end=\"1502\" class=\"\">\n<p data-start=\"1433\" data-end=\"1502\" class=\"\"><strong data-start=\"1433\" data-end=\"1454\">M\u00e1ster en Fiscalidad <\/strong>  &#8211; Facultad de Derecho de la Universidad de Washington (2009)<\/p>\n<\/li>\n<\/ul>\n<hr data-start=\"1504\" data-end=\"1507\" class=\"\">\n<h3 data-start=\"1509\" data-end=\"1542\" class=\"\"><strong data-start=\"1513\" data-end=\"1542\">Carrera y experiencia jur\u00eddica<\/strong><\/h3>\n<p data-start=\"1544\" data-end=\"1702\" class=\"\">Peter comenz\u00f3 su carrera jur\u00eddica como fiscal adjunto en el Tribunal de Menores del condado de King. Se incorpor\u00f3 al bufete en 2010, convirti\u00e9ndose en socio en 2013. <\/p>\n<p data-start=\"1704\" data-end=\"1964\" class=\"\">Aporta una amplia experiencia tanto en litigios como en funciones de asesoramiento, representando a clientes en asuntos estatales y locales. Peter tambi\u00e9n es un apasionado del trabajo pro bono: ayuda a supervivientes de la violencia dom\u00e9stica, apoya a organizaciones sin \u00e1nimo de lucro y asesora a nuevos empresarios. <\/p>\n<hr data-start=\"1966\" data-end=\"1969\" class=\"\">\n<h3 data-start=\"1971\" data-end=\"1993\" class=\"\"><strong data-start=\"1975\" data-end=\"1993\">Servicio P\u00fablico<\/strong><\/h3>\n<ul data-start=\"1995\" data-end=\"2166\">\n<li data-start=\"1995\" data-end=\"2043\" class=\"\">\n<p data-start=\"1997\" data-end=\"2043\" class=\"\"><strong data-start=\"1997\" data-end=\"2029\">Concejal de Centralia<\/strong> (2015-2023)<\/p>\n<\/li>\n<li data-start=\"2044\" data-end=\"2084\" class=\"\">\n<p data-start=\"2046\" data-end=\"2084\" class=\"\"><strong data-start=\"2046\" data-end=\"2082\">Alcalde Pro Tem, Ciudad de Centralia<\/strong><\/p>\n<\/li>\n<li data-start=\"2085\" data-end=\"2166\" class=\"\">\n<p data-start=\"2087\" data-end=\"2166\" class=\"\"><strong data-start=\"2087\" data-end=\"2122\">Representante del Estado de Washington<\/strong>, 20\u00ba Distrito Legislativo (2021-actualidad)<\/p>\n<\/li>\n<\/ul>\n<p data-start=\"2168\" data-end=\"2335\" class=\"\">Peter fue elegido miembro de la C\u00e1mara de Representantes del Estado de Washington en 2020 y reelegido en 2022 y 2024. Representa a los condados de Lewis, Thurston, Cowlitz y Clark. <\/p>\n<hr data-start=\"2337\" data-end=\"2340\" class=\"\">\n<h3 data-start=\"2342\" data-end=\"2371\" class=\"\"><strong data-start=\"2346\" data-end=\"2371\">Participaci\u00f3n comunitaria<\/strong><\/h3>\n<ul data-start=\"2372\" data-end=\"2737\">\n<li data-start=\"2372\" data-end=\"2421\" class=\"\">\n<p data-start=\"2374\" data-end=\"2421\" class=\"\">Ex Presidenta &#8211; Fundaci\u00f3n Centralia College<\/p>\n<\/li>\n<li data-start=\"2422\" data-end=\"2483\" class=\"\">\n<p data-start=\"2424\" data-end=\"2483\" class=\"\">Ex Presidente &#8211; Colegio de Abogados y Asistencia Jur\u00eddica del Condado de Lewis<\/p>\n<\/li>\n<li data-start=\"2484\" data-end=\"2533\" class=\"\">\n<p data-start=\"2486\" data-end=\"2533\" class=\"\">Locutora de radio &#8211; <em data-start=\"2499\" data-end=\"2522\">\u201cHablemos de ello\u201d,<\/em> KELA AM<\/p>\n<\/li>\n<li data-start=\"2534\" data-end=\"2582\" class=\"\">\n<p data-start=\"2536\" data-end=\"2582\" class=\"\">Voluntario &#8211; WATCH D.O.G.S., Hub City Mission<\/p>\n<\/li>\n<li data-start=\"2583\" data-end=\"2637\" class=\"\">\n<p data-start=\"2585\" data-end=\"2637\" class=\"\">Mentor &#8211; W.F. West &amp; Morton High School Mock Trial<\/p>\n<\/li>\n<li data-start=\"2638\" data-end=\"2692\" class=\"\">\n<p data-start=\"2640\" data-end=\"2692\" class=\"\">Cofundador &#8211; Centralia Back-to-School Supply Drive<\/p>\n<\/li>\n<li data-start=\"2693\" data-end=\"2737\" class=\"\">\n<p data-start=\"2695\" data-end=\"2737\" class=\"\">Entrenador Juvenil &#8211; B\u00e9isbol, F\u00fatbol, Baloncesto<\/p>\n<\/li>\n<\/ul>\n<hr data-start=\"2739\" data-end=\"2742\" class=\"\">\n<h3 data-start=\"2744\" data-end=\"2772\" class=\"\"><strong data-start=\"2748\" data-end=\"2772\">Premios y reconocimientos<\/strong><\/h3>\n<ul data-start=\"2773\" data-end=\"3122\">\n<li data-start=\"2773\" data-end=\"2832\" class=\"\">\n<p data-start=\"2775\" data-end=\"2832\" class=\"\"><strong data-start=\"2775\" data-end=\"2808\">Los 20 mejores profesionales menores de 40 a\u00f1os<\/strong> &#8211; Condado de Lewis (2012)<\/p>\n<\/li>\n<li data-start=\"2833\" data-end=\"2895\" class=\"\">\n<p data-start=\"2835\" data-end=\"2895\" class=\"\"><strong data-start=\"2835\" data-end=\"2853\">Mejor Voluntario<\/strong> &#8211; The Daily Chronicle (2018, 2020-2023)<\/p>\n<\/li>\n<li data-start=\"2896\" data-end=\"2947\" class=\"\">\n<p data-start=\"2898\" data-end=\"2947\" class=\"\"><strong data-start=\"2898\" data-end=\"2923\">Mejor funcionario electo<\/strong> &#8211; Condado de Lewis (2019)<\/p>\n<\/li>\n<li data-start=\"2948\" data-end=\"3012\" class=\"\">\n<p data-start=\"2950\" data-end=\"3012\" class=\"\"><strong data-start=\"2950\" data-end=\"2991\">Premio al Liderazgo en Desarrollo Econ\u00f3mico<\/strong> &#8211; Lewis EDC (2019)<\/p>\n<\/li>\n<li data-start=\"3013\" data-end=\"3068\" class=\"\">\n<p data-start=\"3015\" data-end=\"3068\" class=\"\"><strong data-start=\"3015\" data-end=\"3037\">Premio de Derechos Humanos<\/strong> &#8211; Church Women United (2019)<\/p>\n<\/li>\n<li data-start=\"3069\" data-end=\"3122\" class=\"\">\n<p data-start=\"3071\" data-end=\"3122\" class=\"\"><strong data-start=\"3071\" data-end=\"3093\">Persona del A\u00f1o<\/strong> &#8211; The Daily Chronicle (2020)<\/p>\n<\/li>\n<\/ul>\n<p data-start=\"3124\" data-end=\"3250\" class=\"\"><strong data-start=\"3124\" data-end=\"3139\">Distinciones del bufete<\/strong><br data-start=\"3139\" data-end=\"3142\">Althauser Rayan Abbarno ha sido galardonado <strong data-start=\"3189\" data-end=\"3217\">con los premios Listener&#8217;s Choice Awards<\/strong> (2023 y 2024) de KEAL-KMNT por su excelencia en:<\/p>\n<ul data-start=\"3251\" data-end=\"3350\">\n<li data-start=\"3251\" data-end=\"3275\" class=\"\">\n<p data-start=\"3253\" data-end=\"3275\" class=\"\">Despacho de Abogados del A\u00f1o<\/p>\n<\/li>\n<li data-start=\"3276\" data-end=\"3296\" class=\"\">\n<p data-start=\"3278\" data-end=\"3296\" class=\"\">Abogados de lesiones<\/p>\n<\/li>\n<li data-start=\"3297\" data-end=\"3316\" class=\"\">\n<p data-start=\"3299\" data-end=\"3316\" class=\"\">Planificaci\u00f3n patrimonial<\/p>\n<\/li>\n<li data-start=\"3317\" data-end=\"3331\" class=\"\">\n<p data-start=\"3319\" data-end=\"3331\" class=\"\">Derecho de familia<\/p>\n<\/li>\n<li data-start=\"3332\" data-end=\"3350\" class=\"\">\n<p data-start=\"3334\" data-end=\"3350\" class=\"\">Defensa Penal<\/p>\n<\/li>\n<\/ul>\n<hr data-start=\"3352\" data-end=\"3355\" class=\"\">\n<h3 data-start=\"3357\" data-end=\"3378\" class=\"\"><strong data-start=\"3361\" data-end=\"3378\">Vida personal<\/strong><\/h3>\n<p data-start=\"3380\" data-end=\"3568\" class=\"\">Peter y su esposa, Holly -profesora de matem\u00e1ticas y entrenadora de Centralia- viven en Centralia con sus hijos, Sophia y Antonio. Juntos disfrutan haciendo senderismo, acampando, viajando y jugando al f\u00fatbol. <\/p>\n<hr data-start=\"3570\" data-end=\"3573\" class=\"\">\n<p data-start=\"3575\" data-end=\"3725\" class=\"\"><strong data-start=\"3575\" data-end=\"3600\">Contacto Peter Abbarno<\/strong><br data-start=\"3600\" data-end=\"3603\">\ud83d\udcde (360) 736-1301<br data-start=\"3624\" data-end=\"3627\">\ud83d\udce7 Peter@centralialaw.com<br data-start=\"3662\" data-end=\"3665\">\ud83d\udccd Althauser Rayan Abbarno LLP &#8211; Centralia<\/p>\n<p>[\/et_pb_text][\/et_pb_column][\/et_pb_row][\/et_pb_section]<\/p>\n","protected":false},"excerpt":{"rendered":"<p>Peter AbbarnoPeter Abbarno Socio, Abogado &#8211; Althauser Rayan Abbarno LLP Representante del Estado de Washington | L\u00edder Comunitaria | Defensora de las Familias y las Empresas Sobre Peter Peter Abbarno es socio de Althauser Rayan Abbarno LLP y Representante del Estado de Washington por el 20\u00ba Distrito Legislativo. Tambi\u00e9n es un orgulloso esposo, padre y [&hellip;]<\/p>\n","protected":false},"author":1,"featured_media":17482,"parent":0,"menu_order":0,"comment_status":"closed","ping_status":"closed","template":"","meta":{"_et_pb_use_builder":"on","_et_pb_old_content":"","_et_gb_content_width":"","footnotes":""},"class_list":["post-17662","page","type-page","status-publish","has-post-thumbnail","hentry"],"yoast_head":"<!-- This site is optimized with the Yoast SEO plugin v27.4 - https:\/\/yoast.com\/product\/yoast-seo-wordpress\/ -->\n<title>Peter Abbarno - Ley Centralia<\/title>\n<meta name=\"description\" content=\"Peter es un abogado experimentado y eficaz. Peter luchar\u00e1 por todos tus derechos y prestaciones. Llama a Althauser Rayan Abbarno al (360) 736-1301.\" \/>\n<meta name=\"robots\" content=\"index, follow, max-snippet:-1, max-image-preview:large, max-video-preview:-1\" \/>\n<link rel=\"canonical\" href=\"https:\/\/centralialaw.com\/es\/peter-abbarno\/\" \/>\n<meta property=\"og:locale\" content=\"es_ES\" \/>\n<meta property=\"og:type\" content=\"article\" \/>\n<meta property=\"og:title\" content=\"Peter Abbarno: El abogado experimentado que necesitas\" \/>\n<meta property=\"og:description\" content=\"Las habilidades y experiencia de Peter Abbarno ayudan a particulares y empresas a navegar por el complejo sistema legal, \u00a1dentro y fuera de los tribunales! M\u00e1s informaci\u00f3n en CentraliaLaw.com.\" \/>\n<meta property=\"og:url\" content=\"https:\/\/centralialaw.com\/es\/peter-abbarno\/\" \/>\n<meta property=\"og:site_name\" content=\"Ley Centralia\" \/>\n<meta property=\"article:publisher\" content=\"https:\/\/www.facebook.com\/AlthauserRayanAbbarno\/\" \/>\n<meta property=\"article:modified_time\" content=\"2025-07-18T18:52:01+00:00\" \/>\n<meta property=\"og:image\" content=\"https:\/\/centralialaw.com\/wp-content\/uploads\/2024\/06\/Peter-Abbarno24-240x300.jpg\" \/>\n<meta name=\"twitter:card\" content=\"summary_large_image\" \/>\n<meta name=\"twitter:title\" content=\"\u00a1Peter Abbarno es el abogado que necesitas!\" \/>\n<meta name=\"twitter:description\" content=\"Las habilidades y experiencia de Peter Abbarno ayudan a particulares y empresas a navegar por el complejo sistema legal, \u00a1dentro y fuera de los tribunales! M\u00e1s informaci\u00f3n en CentraliaLaw.com.\" \/>\n<meta name=\"twitter:image\" content=\"https:\/\/centralialaw.com\/wp-content\/uploads\/2024\/06\/Peter-Abbarno24.jpg\" \/>\n<meta name=\"twitter:site\" content=\"@PeterAbbarno\" \/>\n<meta name=\"twitter:label1\" content=\"Est. reading time\" \/>\n\t<meta name=\"twitter:data1\" content=\"4 minutos\" \/>\n<script type=\"application\/ld+json\" class=\"yoast-schema-graph\">{\"@context\":\"https:\\\/\\\/schema.org\",\"@graph\":[{\"@type\":\"WebPage\",\"@id\":\"https:\\\/\\\/centralialaw.com\\\/es\\\/peter-abbarno\\\/\",\"url\":\"https:\\\/\\\/centralialaw.com\\\/es\\\/peter-abbarno\\\/\",\"name\":\"Peter Abbarno - Ley Centralia\",\"isPartOf\":{\"@id\":\"https:\\\/\\\/centralialaw.com\\\/es\\\/#website\"},\"primaryImageOfPage\":{\"@id\":\"https:\\\/\\\/centralialaw.com\\\/es\\\/peter-abbarno\\\/#primaryimage\"},\"image\":{\"@id\":\"https:\\\/\\\/centralialaw.com\\\/es\\\/peter-abbarno\\\/#primaryimage\"},\"thumbnailUrl\":\"https:\\\/\\\/centralialaw.com\\\/wp-content\\\/uploads\\\/2024\\\/06\\\/Peter-Abbarno24.jpg\",\"datePublished\":\"2022-03-14T23:55:19+00:00\",\"dateModified\":\"2025-07-18T18:52:01+00:00\",\"description\":\"Peter es un abogado experimentado y eficaz. Peter luchar\u00e1 por todos tus derechos y prestaciones. Llama a Althauser Rayan Abbarno al (360) 736-1301.\",\"breadcrumb\":{\"@id\":\"https:\\\/\\\/centralialaw.com\\\/es\\\/peter-abbarno\\\/#breadcrumb\"},\"inLanguage\":\"es\",\"potentialAction\":[{\"@type\":\"ReadAction\",\"target\":[\"https:\\\/\\\/centralialaw.com\\\/es\\\/peter-abbarno\\\/\"]}]},{\"@type\":\"ImageObject\",\"inLanguage\":\"es\",\"@id\":\"https:\\\/\\\/centralialaw.com\\\/es\\\/peter-abbarno\\\/#primaryimage\",\"url\":\"https:\\\/\\\/centralialaw.com\\\/wp-content\\\/uploads\\\/2024\\\/06\\\/Peter-Abbarno24.jpg\",\"contentUrl\":\"https:\\\/\\\/centralialaw.com\\\/wp-content\\\/uploads\\\/2024\\\/06\\\/Peter-Abbarno24.jpg\",\"width\":400,\"height\":500,\"caption\":\"Althauser Rayan Abbarno attorney and partner Peter Abbarno.\"},{\"@type\":\"BreadcrumbList\",\"@id\":\"https:\\\/\\\/centralialaw.com\\\/es\\\/peter-abbarno\\\/#breadcrumb\",\"itemListElement\":[{\"@type\":\"ListItem\",\"position\":1,\"name\":\"Inicio\",\"item\":\"https:\\\/\\\/centralialaw.com\\\/es\\\/\"},{\"@type\":\"ListItem\",\"position\":2,\"name\":\"Peter Abbarno\"}]},{\"@type\":\"WebSite\",\"@id\":\"https:\\\/\\\/centralialaw.com\\\/es\\\/#website\",\"url\":\"https:\\\/\\\/centralialaw.com\\\/es\\\/\",\"name\":\"Centralia Law\",\"description\":\"Al servicio del estado de Washington desde hace m\u00e1s de 75 a\u00f1os - Althauser Rayan Abbarno \",\"publisher\":{\"@id\":\"https:\\\/\\\/centralialaw.com\\\/es\\\/#organization\"},\"potentialAction\":[{\"@type\":\"SearchAction\",\"target\":{\"@type\":\"EntryPoint\",\"urlTemplate\":\"https:\\\/\\\/centralialaw.com\\\/es\\\/?s={search_term_string}\"},\"query-input\":{\"@type\":\"PropertyValueSpecification\",\"valueRequired\":true,\"valueName\":\"search_term_string\"}}],\"inLanguage\":\"es\"},{\"@type\":\"Organization\",\"@id\":\"https:\\\/\\\/centralialaw.com\\\/es\\\/#organization\",\"name\":\"Ley Centralia\",\"url\":\"https:\\\/\\\/centralialaw.com\\\/es\\\/\",\"logo\":{\"@type\":\"ImageObject\",\"inLanguage\":\"es\",\"@id\":\"https:\\\/\\\/centralialaw.com\\\/es\\\/#\\\/schema\\\/logo\\\/image\\\/\",\"url\":\"https:\\\/\\\/centralialaw.com\\\/wp-content\\\/uploads\\\/2022\\\/05\\\/ARA-Logo.png\",\"contentUrl\":\"https:\\\/\\\/centralialaw.com\\\/wp-content\\\/uploads\\\/2022\\\/05\\\/ARA-Logo.png\",\"width\":1153,\"height\":364,\"caption\":\"Ley Centralia\"},\"image\":{\"@id\":\"https:\\\/\\\/centralialaw.com\\\/es\\\/#\\\/schema\\\/logo\\\/image\\\/\"},\"sameAs\":[\"https:\\\/\\\/www.facebook.com\\\/AlthauserRayanAbbarno\\\/\",\"https:\\\/\\\/x.com\\\/PeterAbbarno\"]}]}<\/script>\n<!-- \/ Yoast SEO plugin. -->","yoast_head_json":{"title":"Peter Abbarno - Ley Centralia","description":"Peter es un abogado experimentado y eficaz. Peter luchar\u00e1 por todos tus derechos y prestaciones. Llama a Althauser Rayan Abbarno al (360) 736-1301.","robots":{"index":"index","follow":"follow","max-snippet":"max-snippet:-1","max-image-preview":"max-image-preview:large","max-video-preview":"max-video-preview:-1"},"canonical":"https:\/\/centralialaw.com\/es\/peter-abbarno\/","og_locale":"es_ES","og_type":"article","og_title":"Peter Abbarno: El abogado experimentado que necesitas","og_description":"Las habilidades y experiencia de Peter Abbarno ayudan a particulares y empresas a navegar por el complejo sistema legal, \u00a1dentro y fuera de los tribunales! M\u00e1s informaci\u00f3n en CentraliaLaw.com.","og_url":"https:\/\/centralialaw.com\/es\/peter-abbarno\/","og_site_name":"Ley Centralia","article_publisher":"https:\/\/www.facebook.com\/AlthauserRayanAbbarno\/","article_modified_time":"2025-07-18T18:52:01+00:00","og_image":[{"url":"https:\/\/centralialaw.com\/wp-content\/uploads\/2024\/06\/Peter-Abbarno24-240x300.jpg","type":"","width":"","height":""}],"twitter_card":"summary_large_image","twitter_title":"\u00a1Peter Abbarno es el abogado que necesitas!","twitter_description":"Las habilidades y experiencia de Peter Abbarno ayudan a particulares y empresas a navegar por el complejo sistema legal, \u00a1dentro y fuera de los tribunales! M\u00e1s informaci\u00f3n en CentraliaLaw.com.","twitter_image":"https:\/\/centralialaw.com\/wp-content\/uploads\/2024\/06\/Peter-Abbarno24.jpg","twitter_site":"@PeterAbbarno","twitter_misc":{"Est. reading time":"4 minutos"},"schema":{"@context":"https:\/\/schema.org","@graph":[{"@type":"WebPage","@id":"https:\/\/centralialaw.com\/es\/peter-abbarno\/","url":"https:\/\/centralialaw.com\/es\/peter-abbarno\/","name":"Peter Abbarno - Ley Centralia","isPartOf":{"@id":"https:\/\/centralialaw.com\/es\/#website"},"primaryImageOfPage":{"@id":"https:\/\/centralialaw.com\/es\/peter-abbarno\/#primaryimage"},"image":{"@id":"https:\/\/centralialaw.com\/es\/peter-abbarno\/#primaryimage"},"thumbnailUrl":"https:\/\/centralialaw.com\/wp-content\/uploads\/2024\/06\/Peter-Abbarno24.jpg","datePublished":"2022-03-14T23:55:19+00:00","dateModified":"2025-07-18T18:52:01+00:00","description":"Peter es un abogado experimentado y eficaz. Peter luchar\u00e1 por todos tus derechos y prestaciones. Llama a Althauser Rayan Abbarno al (360) 736-1301.","breadcrumb":{"@id":"https:\/\/centralialaw.com\/es\/peter-abbarno\/#breadcrumb"},"inLanguage":"es","potentialAction":[{"@type":"ReadAction","target":["https:\/\/centralialaw.com\/es\/peter-abbarno\/"]}]},{"@type":"ImageObject","inLanguage":"es","@id":"https:\/\/centralialaw.com\/es\/peter-abbarno\/#primaryimage","url":"https:\/\/centralialaw.com\/wp-content\/uploads\/2024\/06\/Peter-Abbarno24.jpg","contentUrl":"https:\/\/centralialaw.com\/wp-content\/uploads\/2024\/06\/Peter-Abbarno24.jpg","width":400,"height":500,"caption":"Althauser Rayan Abbarno attorney and partner Peter Abbarno."},{"@type":"BreadcrumbList","@id":"https:\/\/centralialaw.com\/es\/peter-abbarno\/#breadcrumb","itemListElement":[{"@type":"ListItem","position":1,"name":"Inicio","item":"https:\/\/centralialaw.com\/es\/"},{"@type":"ListItem","position":2,"name":"Peter Abbarno"}]},{"@type":"WebSite","@id":"https:\/\/centralialaw.com\/es\/#website","url":"https:\/\/centralialaw.com\/es\/","name":"Centralia Law","description":"Al servicio del estado de Washington desde hace m\u00e1s de 75 a\u00f1os - Althauser Rayan Abbarno ","publisher":{"@id":"https:\/\/centralialaw.com\/es\/#organization"},"potentialAction":[{"@type":"SearchAction","target":{"@type":"EntryPoint","urlTemplate":"https:\/\/centralialaw.com\/es\/?s={search_term_string}"},"query-input":{"@type":"PropertyValueSpecification","valueRequired":true,"valueName":"search_term_string"}}],"inLanguage":"es"},{"@type":"Organization","@id":"https:\/\/centralialaw.com\/es\/#organization","name":"Ley Centralia","url":"https:\/\/centralialaw.com\/es\/","logo":{"@type":"ImageObject","inLanguage":"es","@id":"https:\/\/centralialaw.com\/es\/#\/schema\/logo\/image\/","url":"https:\/\/centralialaw.com\/wp-content\/uploads\/2022\/05\/ARA-Logo.png","contentUrl":"https:\/\/centralialaw.com\/wp-content\/uploads\/2022\/05\/ARA-Logo.png","width":1153,"height":364,"caption":"Ley Centralia"},"image":{"@id":"https:\/\/centralialaw.com\/es\/#\/schema\/logo\/image\/"},"sameAs":["https:\/\/www.facebook.com\/AlthauserRayanAbbarno\/","https:\/\/x.com\/PeterAbbarno"]}]}},"_links":{"self":[{"href":"https:\/\/centralialaw.com\/es\/wp-json\/wp\/v2\/pages\/17662","targetHints":{"allow":["GET"]}}],"collection":[{"href":"https:\/\/centralialaw.com\/es\/wp-json\/wp\/v2\/pages"}],"about":[{"href":"https:\/\/centralialaw.com\/es\/wp-json\/wp\/v2\/types\/page"}],"author":[{"embeddable":true,"href":"https:\/\/centralialaw.com\/es\/wp-json\/wp\/v2\/users\/1"}],"replies":[{"embeddable":true,"href":"https:\/\/centralialaw.com\/es\/wp-json\/wp\/v2\/comments?post=17662"}],"version-history":[{"count":0,"href":"https:\/\/centralialaw.com\/es\/wp-json\/wp\/v2\/pages\/17662\/revisions"}],"wp:featuredmedia":[{"embeddable":true,"href":"https:\/\/centralialaw.com\/es\/wp-json\/wp\/v2\/media\/17482"}],"wp:attachment":[{"href":"https:\/\/centralialaw.com\/es\/wp-json\/wp\/v2\/media?parent=17662"}],"curies":[{"name":"wp","href":"https:\/\/api.w.org\/{rel}","templated":true}]}}