{"id":17664,"date":"2022-03-14T16:52:33","date_gmt":"2022-03-14T23:52:33","guid":{"rendered":"https:\/\/centralialaw.com\/todd-rayan\/"},"modified":"2025-07-18T11:52:39","modified_gmt":"2025-07-18T18:52:39","slug":"todd-rayan","status":"publish","type":"page","link":"https:\/\/centralialaw.com\/es\/todd-rayan\/","title":{"rendered":"Todd Rayan"},"content":{"rendered":"<p>[et_pb_section fb_built=\u00bb1&#8243; _builder_version=\u00bb4.16&#8243; _module_preset=\u00bbdefault\u00bb custom_padding=\u00bb17px|||||\u00bb global_colors_info=\u00bb{}\u00bb][et_pb_row _builder_version=\u00bb4.16&#8243; _module_preset=\u00bbdefault\u00bb global_colors_info=\u00bb{}\u00bb][et_pb_column type=\u00bb4_4&#8243; _builder_version=\u00bb4.16&#8243; _module_preset=\u00bbdefault\u00bb global_colors_info=\u00bb{}\u00bb][et_pb_text _builder_version=\u00bb4.16&#8243; _module_preset=\u00bbdefault\u00bb global_colors_info=\u00bb{}\u00bb]<\/p>\n<h1>Todd Rayan<\/h1>\n<p>[\/et_pb_text][\/et_pb_column][\/et_pb_row][et_pb_row _builder_version=\u00bb4.27.4&#8243; _module_preset=\u00bbdefault\u00bb global_colors_info=\u00bb{}\u00bb][et_pb_column type=\u00bb4_4&#8243; _builder_version=\u00bb4.18.0&#8243; _module_preset=\u00bbdefault\u00bb global_colors_info=\u00bb{}\u00bb][et_pb_image src=\u00bb@ET-DC@eyJkeW5hbWljIjp0cnVlLCJjb250ZW50IjoicG9zdF9mZWF0dXJlZF9pbWFnZSIsInNldHRpbmdzIjp7fX0=@\u00bb title_text=\u00bbTodd Rayan\u00bb _builder_version=\u00bb4.27.4&#8243; _dynamic_attributes=\u00bbsrc\u00bb _module_preset=\u00bbabd39826-c7aa-47af-8e97-18af4e71c4df\u00bb custom_padding=\u00bb0px|20px|10px|20px|false|true\u00bb hover_enabled=\u00bb0&#8243; custom_css_main_element=\u00bbfloat: left;\u00bb global_colors_info=\u00bb{}\u00bb sticky_enabled=\u00bb0&#8243;][\/et_pb_image][et_pb_text _builder_version=\u00bb4.27.4&#8243; _module_preset=\u00bbdefault\u00bb global_colors_info=\u00bb{}\u00bb]<\/p>\n<p><span>Todd Rayan representa a clientes en litigios civiles complejos, centr\u00e1ndose en casos de lesiones personales, lesiones catastr\u00f3ficas y cerebrales y homicidio culposo. Todd tambi\u00e9n se ocupa de complejos asuntos inmobiliarios, defectos de construcci\u00f3n y sucesiones. <\/span><\/p>\n<p><span>Nacido y criado en Rochester, Washington, Todd ha pasado toda su vida profesional al servicio de las zonas de South Puget Sound y Southwest Washington. Se licenci\u00f3 summa cum laude por la Universidad de Saint Martin en 1995, en Historia y Ciencias Pol\u00edticas, con especializaci\u00f3n en Ingl\u00e9s. Fue profesor y entrenador de instituto antes de estudiar Derecho y trabaj\u00f3 varios a\u00f1os en el sector de la restauraci\u00f3n. Todd se licenci\u00f3 cum laude en la Facultad de Derecho de la Universidad de Seattle en 2003, donde fue miembro del personal y redactor del Seattle Journal for Social Justice. Todd fue un \u00e1vido voluntario durante la carrera de Derecho, donde particip\u00f3 en el Instituto de Acceso a la Justicia de la Facultad de Derecho de la Universidad de Seattle y fue nombrado Estudiante Voluntario del A\u00f1o 2001-2002 del Colegio de Abogados del Condado de King. Todd sigue disfrutando del voluntariado y apoyando a varias organizaciones ben\u00e9ficas y sin \u00e1nimo de lucro de su comunidad.     <\/span><\/p>\n<p><span>Todd se incorpor\u00f3 al bufete tras licenciarse en Derecho en 2003 y se convirti\u00f3 en socio en 2006. Su pr\u00e1ctica se centra en litigios civiles complejos, lesiones personales y casos de homicidio culposo. Todd tiene licencia para ejercer en todos los tribunales estatales de Washington, as\u00ed como en el Tribunal Federal de Distrito del Oeste de Washington. Todd ha sido Secretario y Tesorero del Colegio de Abogados del Condado de Lewis, ha ejercido como juez pro-tem, es Profesor Adjunto en Centralia College en el programa BASM y forma parte del Consejo de Administraci\u00f3n de la organizaci\u00f3n sin \u00e1nimo de lucro Renovaci\u00f3n del Teatro Hist\u00f3rico Fox. Tanto en 2012 como en 2013 Todd fue nombrado por sus compa\u00f1eros como S\u00faper Abogado, el \u00fanico abogado en el Condado de Lewis en ser honrado con este prestigioso t\u00edtulo. Todd tambi\u00e9n hace el trabajo de apelaci\u00f3n y ha tenido varios de sus casos en ese nivel resultan en opiniones favorables publicadas.     <\/span><\/p>\n<p><span>Todd, junto con todos los abogados del bufete, ofrece voluntariamente su tiempo y sus servicios jur\u00eddicos proporcionando consultas legales y acceso a la justicia de forma gratuita. Todd es miembro de los Colegios de Abogados del Condado de Lewis y del Condado de Thurston, de la Asociaci\u00f3n del Estado de Washington para la Justicia y participa activamente en el Colegio de Abogados Litigantes de Gerry Spence, asistiendo a varias secciones regionales de varios d\u00edas de duraci\u00f3n no s\u00f3lo para mejorar sus habilidades en los juicios, sino tambi\u00e9n para mejorar su capacidad de comunicaci\u00f3n con clientes, jueces y jurados. <\/span><\/p>\n<p><span>Aunque abogar por los clientes es su pasi\u00f3n, Todd pasa tiempo fuera de la oficina, donde disfruta jugando al golf, trabajando en su jard\u00edn y en proyectos de mejora del hogar, viajando y pasando tiempo al aire libre disfrutando de las muchas actividades que ofrece el gran Noroeste del Pac\u00edfico. Todd tambi\u00e9n disfruta pasando tiempo con amigos y familiares, incluida su esposa Dani y sus perros. <\/span><\/p>\n<p>&nbsp;<\/p>\n<p>[\/et_pb_text][\/et_pb_column][\/et_pb_row][\/et_pb_section]<\/p>\n","protected":false},"excerpt":{"rendered":"<p>Todd RayanTodd Rayan representa a clientes en litigios civiles complejos, centr\u00e1ndose en casos de lesiones personales, lesiones catastr\u00f3ficas y cerebrales y homicidio culposo. Todd tambi\u00e9n se ocupa de complejos asuntos inmobiliarios, defectos de construcci\u00f3n y sucesiones. Nacido y criado en Rochester, Washington, Todd ha pasado toda su vida profesional al servicio de las zonas de [&hellip;]<\/p>\n","protected":false},"author":1,"featured_media":18082,"parent":0,"menu_order":0,"comment_status":"closed","ping_status":"closed","template":"","meta":{"_et_pb_use_builder":"on","_et_pb_old_content":"","_et_gb_content_width":"","footnotes":""},"class_list":["post-17664","page","type-page","status-publish","has-post-thumbnail","hentry"],"yoast_head":"<!-- This site is optimized with the Yoast SEO plugin v27.4 - https:\/\/yoast.com\/product\/yoast-seo-wordpress\/ -->\n<title>Todd Rayan - Ley Centralia<\/title>\n<meta name=\"robots\" content=\"index, follow, max-snippet:-1, max-image-preview:large, max-video-preview:-1\" \/>\n<link rel=\"canonical\" href=\"https:\/\/centralialaw.com\/es\/todd-rayan\/\" \/>\n<meta property=\"og:locale\" content=\"es_ES\" \/>\n<meta property=\"og:type\" content=\"article\" \/>\n<meta property=\"og:title\" content=\"Todd Rayan - Ley Centralia\" \/>\n<meta property=\"og:description\" content=\"Todd RayanTodd Rayan representa a clientes en litigios civiles complejos, centr\u00e1ndose en casos de lesiones personales, lesiones catastr\u00f3ficas y cerebrales y homicidio culposo. Todd tambi\u00e9n se ocupa de complejos asuntos inmobiliarios, defectos de construcci\u00f3n y sucesiones. Nacido y criado en Rochester, Washington, Todd ha pasado toda su vida profesional al servicio de las zonas de [&hellip;]\" \/>\n<meta property=\"og:url\" content=\"https:\/\/centralialaw.com\/es\/todd-rayan\/\" \/>\n<meta property=\"og:site_name\" content=\"Ley Centralia\" \/>\n<meta property=\"article:publisher\" content=\"https:\/\/www.facebook.com\/AlthauserRayanAbbarno\/\" \/>\n<meta property=\"article:modified_time\" content=\"2025-07-18T18:52:39+00:00\" \/>\n<meta property=\"og:image\" content=\"https:\/\/centralialaw.com\/wp-content\/uploads\/2025\/07\/Todd-Rayan-2.webp\" \/>\n\t<meta property=\"og:image:width\" content=\"750\" \/>\n\t<meta property=\"og:image:height\" content=\"1000\" \/>\n\t<meta property=\"og:image:type\" content=\"image\/webp\" \/>\n<meta name=\"twitter:card\" content=\"summary_large_image\" \/>\n<meta name=\"twitter:site\" content=\"@PeterAbbarno\" \/>\n<meta name=\"twitter:label1\" content=\"Est. reading time\" \/>\n\t<meta name=\"twitter:data1\" content=\"4 minutos\" \/>\n<script type=\"application\/ld+json\" class=\"yoast-schema-graph\">{\"@context\":\"https:\\\/\\\/schema.org\",\"@graph\":[{\"@type\":\"WebPage\",\"@id\":\"https:\\\/\\\/centralialaw.com\\\/es\\\/todd-rayan\\\/\",\"url\":\"https:\\\/\\\/centralialaw.com\\\/es\\\/todd-rayan\\\/\",\"name\":\"Todd Rayan - Ley Centralia\",\"isPartOf\":{\"@id\":\"https:\\\/\\\/centralialaw.com\\\/es\\\/#website\"},\"primaryImageOfPage\":{\"@id\":\"https:\\\/\\\/centralialaw.com\\\/es\\\/todd-rayan\\\/#primaryimage\"},\"image\":{\"@id\":\"https:\\\/\\\/centralialaw.com\\\/es\\\/todd-rayan\\\/#primaryimage\"},\"thumbnailUrl\":\"https:\\\/\\\/centralialaw.com\\\/wp-content\\\/uploads\\\/2025\\\/07\\\/Todd-Rayan-2.webp\",\"datePublished\":\"2022-03-14T23:52:33+00:00\",\"dateModified\":\"2025-07-18T18:52:39+00:00\",\"breadcrumb\":{\"@id\":\"https:\\\/\\\/centralialaw.com\\\/es\\\/todd-rayan\\\/#breadcrumb\"},\"inLanguage\":\"es\",\"potentialAction\":[{\"@type\":\"ReadAction\",\"target\":[\"https:\\\/\\\/centralialaw.com\\\/es\\\/todd-rayan\\\/\"]}]},{\"@type\":\"ImageObject\",\"inLanguage\":\"es\",\"@id\":\"https:\\\/\\\/centralialaw.com\\\/es\\\/todd-rayan\\\/#primaryimage\",\"url\":\"https:\\\/\\\/centralialaw.com\\\/wp-content\\\/uploads\\\/2025\\\/07\\\/Todd-Rayan-2.webp\",\"contentUrl\":\"https:\\\/\\\/centralialaw.com\\\/wp-content\\\/uploads\\\/2025\\\/07\\\/Todd-Rayan-2.webp\",\"width\":750,\"height\":1000},{\"@type\":\"BreadcrumbList\",\"@id\":\"https:\\\/\\\/centralialaw.com\\\/es\\\/todd-rayan\\\/#breadcrumb\",\"itemListElement\":[{\"@type\":\"ListItem\",\"position\":1,\"name\":\"Inicio\",\"item\":\"https:\\\/\\\/centralialaw.com\\\/es\\\/\"},{\"@type\":\"ListItem\",\"position\":2,\"name\":\"Todd Rayan\"}]},{\"@type\":\"WebSite\",\"@id\":\"https:\\\/\\\/centralialaw.com\\\/es\\\/#website\",\"url\":\"https:\\\/\\\/centralialaw.com\\\/es\\\/\",\"name\":\"Centralia Law\",\"description\":\"Al servicio del estado de Washington desde hace m\u00e1s de 75 a\u00f1os - Althauser Rayan Abbarno \",\"publisher\":{\"@id\":\"https:\\\/\\\/centralialaw.com\\\/es\\\/#organization\"},\"potentialAction\":[{\"@type\":\"SearchAction\",\"target\":{\"@type\":\"EntryPoint\",\"urlTemplate\":\"https:\\\/\\\/centralialaw.com\\\/es\\\/?s={search_term_string}\"},\"query-input\":{\"@type\":\"PropertyValueSpecification\",\"valueRequired\":true,\"valueName\":\"search_term_string\"}}],\"inLanguage\":\"es\"},{\"@type\":\"Organization\",\"@id\":\"https:\\\/\\\/centralialaw.com\\\/es\\\/#organization\",\"name\":\"Ley Centralia\",\"url\":\"https:\\\/\\\/centralialaw.com\\\/es\\\/\",\"logo\":{\"@type\":\"ImageObject\",\"inLanguage\":\"es\",\"@id\":\"https:\\\/\\\/centralialaw.com\\\/es\\\/#\\\/schema\\\/logo\\\/image\\\/\",\"url\":\"https:\\\/\\\/centralialaw.com\\\/wp-content\\\/uploads\\\/2022\\\/05\\\/ARA-Logo.png\",\"contentUrl\":\"https:\\\/\\\/centralialaw.com\\\/wp-content\\\/uploads\\\/2022\\\/05\\\/ARA-Logo.png\",\"width\":1153,\"height\":364,\"caption\":\"Ley Centralia\"},\"image\":{\"@id\":\"https:\\\/\\\/centralialaw.com\\\/es\\\/#\\\/schema\\\/logo\\\/image\\\/\"},\"sameAs\":[\"https:\\\/\\\/www.facebook.com\\\/AlthauserRayanAbbarno\\\/\",\"https:\\\/\\\/x.com\\\/PeterAbbarno\"]}]}<\/script>\n<!-- \/ Yoast SEO plugin. -->","yoast_head_json":{"title":"Todd Rayan - Ley Centralia","robots":{"index":"index","follow":"follow","max-snippet":"max-snippet:-1","max-image-preview":"max-image-preview:large","max-video-preview":"max-video-preview:-1"},"canonical":"https:\/\/centralialaw.com\/es\/todd-rayan\/","og_locale":"es_ES","og_type":"article","og_title":"Todd Rayan - Ley Centralia","og_description":"Todd RayanTodd Rayan representa a clientes en litigios civiles complejos, centr\u00e1ndose en casos de lesiones personales, lesiones catastr\u00f3ficas y cerebrales y homicidio culposo. Todd tambi\u00e9n se ocupa de complejos asuntos inmobiliarios, defectos de construcci\u00f3n y sucesiones. Nacido y criado en Rochester, Washington, Todd ha pasado toda su vida profesional al servicio de las zonas de [&hellip;]","og_url":"https:\/\/centralialaw.com\/es\/todd-rayan\/","og_site_name":"Ley Centralia","article_publisher":"https:\/\/www.facebook.com\/AlthauserRayanAbbarno\/","article_modified_time":"2025-07-18T18:52:39+00:00","og_image":[{"width":750,"height":1000,"url":"https:\/\/centralialaw.com\/wp-content\/uploads\/2025\/07\/Todd-Rayan-2.webp","type":"image\/webp"}],"twitter_card":"summary_large_image","twitter_site":"@PeterAbbarno","twitter_misc":{"Est. reading time":"4 minutos"},"schema":{"@context":"https:\/\/schema.org","@graph":[{"@type":"WebPage","@id":"https:\/\/centralialaw.com\/es\/todd-rayan\/","url":"https:\/\/centralialaw.com\/es\/todd-rayan\/","name":"Todd Rayan - Ley Centralia","isPartOf":{"@id":"https:\/\/centralialaw.com\/es\/#website"},"primaryImageOfPage":{"@id":"https:\/\/centralialaw.com\/es\/todd-rayan\/#primaryimage"},"image":{"@id":"https:\/\/centralialaw.com\/es\/todd-rayan\/#primaryimage"},"thumbnailUrl":"https:\/\/centralialaw.com\/wp-content\/uploads\/2025\/07\/Todd-Rayan-2.webp","datePublished":"2022-03-14T23:52:33+00:00","dateModified":"2025-07-18T18:52:39+00:00","breadcrumb":{"@id":"https:\/\/centralialaw.com\/es\/todd-rayan\/#breadcrumb"},"inLanguage":"es","potentialAction":[{"@type":"ReadAction","target":["https:\/\/centralialaw.com\/es\/todd-rayan\/"]}]},{"@type":"ImageObject","inLanguage":"es","@id":"https:\/\/centralialaw.com\/es\/todd-rayan\/#primaryimage","url":"https:\/\/centralialaw.com\/wp-content\/uploads\/2025\/07\/Todd-Rayan-2.webp","contentUrl":"https:\/\/centralialaw.com\/wp-content\/uploads\/2025\/07\/Todd-Rayan-2.webp","width":750,"height":1000},{"@type":"BreadcrumbList","@id":"https:\/\/centralialaw.com\/es\/todd-rayan\/#breadcrumb","itemListElement":[{"@type":"ListItem","position":1,"name":"Inicio","item":"https:\/\/centralialaw.com\/es\/"},{"@type":"ListItem","position":2,"name":"Todd Rayan"}]},{"@type":"WebSite","@id":"https:\/\/centralialaw.com\/es\/#website","url":"https:\/\/centralialaw.com\/es\/","name":"Centralia Law","description":"Al servicio del estado de Washington desde hace m\u00e1s de 75 a\u00f1os - Althauser Rayan Abbarno ","publisher":{"@id":"https:\/\/centralialaw.com\/es\/#organization"},"potentialAction":[{"@type":"SearchAction","target":{"@type":"EntryPoint","urlTemplate":"https:\/\/centralialaw.com\/es\/?s={search_term_string}"},"query-input":{"@type":"PropertyValueSpecification","valueRequired":true,"valueName":"search_term_string"}}],"inLanguage":"es"},{"@type":"Organization","@id":"https:\/\/centralialaw.com\/es\/#organization","name":"Ley Centralia","url":"https:\/\/centralialaw.com\/es\/","logo":{"@type":"ImageObject","inLanguage":"es","@id":"https:\/\/centralialaw.com\/es\/#\/schema\/logo\/image\/","url":"https:\/\/centralialaw.com\/wp-content\/uploads\/2022\/05\/ARA-Logo.png","contentUrl":"https:\/\/centralialaw.com\/wp-content\/uploads\/2022\/05\/ARA-Logo.png","width":1153,"height":364,"caption":"Ley Centralia"},"image":{"@id":"https:\/\/centralialaw.com\/es\/#\/schema\/logo\/image\/"},"sameAs":["https:\/\/www.facebook.com\/AlthauserRayanAbbarno\/","https:\/\/x.com\/PeterAbbarno"]}]}},"_links":{"self":[{"href":"https:\/\/centralialaw.com\/es\/wp-json\/wp\/v2\/pages\/17664","targetHints":{"allow":["GET"]}}],"collection":[{"href":"https:\/\/centralialaw.com\/es\/wp-json\/wp\/v2\/pages"}],"about":[{"href":"https:\/\/centralialaw.com\/es\/wp-json\/wp\/v2\/types\/page"}],"author":[{"embeddable":true,"href":"https:\/\/centralialaw.com\/es\/wp-json\/wp\/v2\/users\/1"}],"replies":[{"embeddable":true,"href":"https:\/\/centralialaw.com\/es\/wp-json\/wp\/v2\/comments?post=17664"}],"version-history":[{"count":0,"href":"https:\/\/centralialaw.com\/es\/wp-json\/wp\/v2\/pages\/17664\/revisions"}],"wp:featuredmedia":[{"embeddable":true,"href":"https:\/\/centralialaw.com\/es\/wp-json\/wp\/v2\/media\/18082"}],"wp:attachment":[{"href":"https:\/\/centralialaw.com\/es\/wp-json\/wp\/v2\/media?parent=17664"}],"curies":[{"name":"wp","href":"https:\/\/api.w.org\/{rel}","templated":true}]}}