{"id":17855,"date":"2024-06-10T15:36:52","date_gmt":"2024-06-10T22:36:52","guid":{"rendered":"https:\/\/centralialaw.com\/ryan-endsley\/"},"modified":"2025-07-18T11:49:07","modified_gmt":"2025-07-18T18:49:07","slug":"ryan-endsley","status":"publish","type":"page","link":"https:\/\/centralialaw.com\/es\/ryan-endsley\/","title":{"rendered":"Ryan Endsley"},"content":{"rendered":"<p>[et_pb_section fb_built=\u00bb1&#8243; _builder_version=\u00bb4.16&#8243; _module_preset=\u00bbdefault\u00bb custom_padding=\u00bb17px|||||\u00bb global_colors_info=\u00bb{}\u00bb][et_pb_row _builder_version=\u00bb4.16&#8243; _module_preset=\u00bbdefault\u00bb global_colors_info=\u00bb{}\u00bb][et_pb_column type=\u00bb4_4&#8243; _builder_version=\u00bb4.16&#8243; _module_preset=\u00bbdefault\u00bb global_colors_info=\u00bb{}\u00bb][et_pb_text _builder_version=\u00bb4.16&#8243; _module_preset=\u00bbdefault\u00bb global_colors_info=\u00bb{}\u00bb]<\/p>\n<h1>Ryan Endsley<\/h1>\n<p>[\/et_pb_text][\/et_pb_column][\/et_pb_row][et_pb_row _builder_version=\u00bb4.18.0&#8243; _module_preset=\u00bbdefault\u00bb global_colors_info=\u00bb{}\u00bb][et_pb_column type=\u00bb4_4&#8243; _builder_version=\u00bb4.18.0&#8243; _module_preset=\u00bbdefault\u00bb global_colors_info=\u00bb{}\u00bb][et_pb_image src=\u00bb@ET-DC@eyJkeW5hbWljIjp0cnVlLCJjb250ZW50IjoicG9zdF9mZWF0dXJlZF9pbWFnZSIsInNldHRpbmdzIjp7fX0=@\u00bb alt=\u00bbRyan Endsley con Althauser Rayan Abbarno\u00bb title_text=\u00bb521A2730&#8243; _builder_version=\u00bb4.27.4&#8243; _module_preset=\u00bbabd39826-c7aa-47af-8e97-18af4e71c4df\u00bb hover_enabled=\u00bb0&#8243; custom_css_main_element=\u00bbfloat: left;\u00bb global_colors_info=\u00bb{}\u00bb _dynamic_attributes=\u00bbsrc\u00bb sticky_enabled=\u00bb0&#8243;][\/et_pb_image][et_pb_text _builder_version=\u00bb4.27.4&#8243; _module_preset=\u00bbdefault\u00bb global_colors_info=\u00bb{}\u00bb]<\/p>\n<p>Ryan Endsley se incorpor\u00f3 a Althauser Rayan Abbarno, LLP en 2023. Natural de Oreg\u00f3n, Ryan se licenci\u00f3 en Biolog\u00eda y Qu\u00edmica por la Universidad de Oreg\u00f3n en 2013. Tras tomarse varios a\u00f1os libres para trabajar, Ryan se march\u00f3 a la Facultad de Derecho Northwestern Pritzker de Chicago (Illinois). Ryan se gradu\u00f3 <em>cum laude<\/em> y obtuvo el t\u00edtulo de Doctor en Derecho en 2019. En Northwestern, Ryan fue miembro y editor de la Revista de Tecnolog\u00eda y Propiedad Intelectual.    <\/p>\n<p>Tras graduarse en la Facultad de Derecho, Ryan comenz\u00f3 inmediatamente a trabajar como abogado en Illinois. La pr\u00e1ctica legal en Illinois como litigante civil, con \u00e9nfasis en litigios de Propiedad, Litigios Comerciales Complejos, Reclamaciones de Seguros de Primera Parte, y Licencia Profesional. Anteriormente, Ryan era miembro del Colegio de Abogados del Estado de Illinois y del Colegio de Abogados de Chicago.  <\/p>\n<p>Tras varios a\u00f1os ejerciendo en Illinois, Ryan regres\u00f3 a su hogar en el noroeste del Pac\u00edfico y se incorpor\u00f3 a Althauser Rayan Abbarno como pasante de abogado mientras se transfer\u00eda su licencia de Washington. Esto dio a Ryan la oportunidad de trabajar junto a abogados veteranos y familiarizarse con la pr\u00e1ctica del Derecho de Familia. Desde que se convirti\u00f3 en abogado de Washington, Ryan sigue ejerciendo como Litigante Civil, con \u00e9nfasis en Propiedad, Litigios Civiles Complejos y Derecho de Familia.  <\/p>\n<p>Fuera del trabajo, Ryan disfruta al aire libre y participa en las muchas oportunidades que ofrece Washington para practicar senderismo, acampada, pesca y pesca de almejas. Ryan tambi\u00e9n ha participado como voluntario en programas de debate en institutos como juez y entrenador, y espera reanudar esas actividades aqu\u00ed. <\/p>\n<p>Para una consulta con Ryan en Centralia, llama al 360-736-1301 o env\u00edale un correo electr\u00f3nico a Ryan@centralialaw.com.<\/p>\n<p>[\/et_pb_text][\/et_pb_column][\/et_pb_row][\/et_pb_section]<\/p>\n","protected":false},"excerpt":{"rendered":"<p>Ryan Endsley es abogado del bufete Althauser Rayan Abbarno<\/p>\n","protected":false},"author":2,"featured_media":17467,"parent":0,"menu_order":0,"comment_status":"closed","ping_status":"closed","template":"","meta":{"_et_pb_use_builder":"on","_et_pb_old_content":"","_et_gb_content_width":"","footnotes":""},"class_list":["post-17855","page","type-page","status-publish","has-post-thumbnail","hentry"],"yoast_head":"<!-- This site is optimized with the Yoast SEO plugin v27.5 - https:\/\/yoast.com\/product\/yoast-seo-wordpress\/ -->\n<title>Ryan Endsley - Ley Centralia<\/title>\n<meta name=\"description\" content=\"Ryan Endsley sigue ejerciendo como Litigante Civil, con \u00e9nfasis en Propiedad, Litigios Civiles Complejos y Derecho de Familia con Althauser Rayan Abbarno.\" \/>\n<meta name=\"robots\" content=\"index, follow, max-snippet:-1, max-image-preview:large, max-video-preview:-1\" \/>\n<link rel=\"canonical\" href=\"https:\/\/centralialaw.com\/es\/ryan-endsley\/\" \/>\n<meta property=\"og:locale\" content=\"es_ES\" \/>\n<meta property=\"og:type\" content=\"article\" \/>\n<meta property=\"og:title\" content=\"Ryan Endsley - Ley Centralia\" \/>\n<meta property=\"og:description\" content=\"Ryan Endsley sigue ejerciendo como Litigante Civil, con \u00e9nfasis en Propiedad, Litigios Civiles Complejos y Derecho de Familia con Althauser Rayan Abbarno.\" \/>\n<meta property=\"og:url\" content=\"https:\/\/centralialaw.com\/es\/ryan-endsley\/\" \/>\n<meta property=\"og:site_name\" content=\"Ley Centralia\" \/>\n<meta property=\"article:publisher\" content=\"https:\/\/www.facebook.com\/AlthauserRayanAbbarno\/\" \/>\n<meta property=\"article:modified_time\" content=\"2025-07-18T18:49:07+00:00\" \/>\n<meta property=\"og:image\" content=\"https:\/\/centralialaw.com\/wp-content\/uploads\/2024\/06\/521A2730.jpg\" \/>\n\t<meta property=\"og:image:width\" content=\"1024\" \/>\n\t<meta property=\"og:image:height\" content=\"1280\" \/>\n\t<meta property=\"og:image:type\" content=\"image\/jpeg\" \/>\n<meta name=\"twitter:card\" content=\"summary_large_image\" \/>\n<meta name=\"twitter:site\" content=\"@PeterAbbarno\" \/>\n<meta name=\"twitter:label1\" content=\"Est. reading time\" \/>\n\t<meta name=\"twitter:data1\" content=\"2 minutos\" \/>\n<script type=\"application\/ld+json\" class=\"yoast-schema-graph\">{\"@context\":\"https:\\\/\\\/schema.org\",\"@graph\":[{\"@type\":\"WebPage\",\"@id\":\"https:\\\/\\\/centralialaw.com\\\/es\\\/ryan-endsley\\\/\",\"url\":\"https:\\\/\\\/centralialaw.com\\\/es\\\/ryan-endsley\\\/\",\"name\":\"Ryan Endsley - Ley Centralia\",\"isPartOf\":{\"@id\":\"https:\\\/\\\/centralialaw.com\\\/es\\\/#website\"},\"primaryImageOfPage\":{\"@id\":\"https:\\\/\\\/centralialaw.com\\\/es\\\/ryan-endsley\\\/#primaryimage\"},\"image\":{\"@id\":\"https:\\\/\\\/centralialaw.com\\\/es\\\/ryan-endsley\\\/#primaryimage\"},\"thumbnailUrl\":\"https:\\\/\\\/centralialaw.com\\\/wp-content\\\/uploads\\\/2024\\\/06\\\/521A2730.jpg\",\"datePublished\":\"2024-06-10T22:36:52+00:00\",\"dateModified\":\"2025-07-18T18:49:07+00:00\",\"description\":\"Ryan Endsley sigue ejerciendo como Litigante Civil, con \u00e9nfasis en Propiedad, Litigios Civiles Complejos y Derecho de Familia con Althauser Rayan Abbarno.\",\"breadcrumb\":{\"@id\":\"https:\\\/\\\/centralialaw.com\\\/es\\\/ryan-endsley\\\/#breadcrumb\"},\"inLanguage\":\"es\",\"potentialAction\":[{\"@type\":\"ReadAction\",\"target\":[\"https:\\\/\\\/centralialaw.com\\\/es\\\/ryan-endsley\\\/\"]}]},{\"@type\":\"ImageObject\",\"inLanguage\":\"es\",\"@id\":\"https:\\\/\\\/centralialaw.com\\\/es\\\/ryan-endsley\\\/#primaryimage\",\"url\":\"https:\\\/\\\/centralialaw.com\\\/wp-content\\\/uploads\\\/2024\\\/06\\\/521A2730.jpg\",\"contentUrl\":\"https:\\\/\\\/centralialaw.com\\\/wp-content\\\/uploads\\\/2024\\\/06\\\/521A2730.jpg\",\"width\":1024,\"height\":1280,\"caption\":\"Ryan Endsley with Althauser Rayan Abbarno\"},{\"@type\":\"BreadcrumbList\",\"@id\":\"https:\\\/\\\/centralialaw.com\\\/es\\\/ryan-endsley\\\/#breadcrumb\",\"itemListElement\":[{\"@type\":\"ListItem\",\"position\":1,\"name\":\"Inicio\",\"item\":\"https:\\\/\\\/centralialaw.com\\\/es\\\/\"},{\"@type\":\"ListItem\",\"position\":2,\"name\":\"Ryan Endsley\"}]},{\"@type\":\"WebSite\",\"@id\":\"https:\\\/\\\/centralialaw.com\\\/es\\\/#website\",\"url\":\"https:\\\/\\\/centralialaw.com\\\/es\\\/\",\"name\":\"Centralia Law\",\"description\":\"Al servicio del estado de Washington desde hace m\u00e1s de 75 a\u00f1os - Althauser Rayan Abbarno \",\"publisher\":{\"@id\":\"https:\\\/\\\/centralialaw.com\\\/es\\\/#organization\"},\"potentialAction\":[{\"@type\":\"SearchAction\",\"target\":{\"@type\":\"EntryPoint\",\"urlTemplate\":\"https:\\\/\\\/centralialaw.com\\\/es\\\/?s={search_term_string}\"},\"query-input\":{\"@type\":\"PropertyValueSpecification\",\"valueRequired\":true,\"valueName\":\"search_term_string\"}}],\"inLanguage\":\"es\"},{\"@type\":\"Organization\",\"@id\":\"https:\\\/\\\/centralialaw.com\\\/es\\\/#organization\",\"name\":\"Ley Centralia\",\"url\":\"https:\\\/\\\/centralialaw.com\\\/es\\\/\",\"logo\":{\"@type\":\"ImageObject\",\"inLanguage\":\"es\",\"@id\":\"https:\\\/\\\/centralialaw.com\\\/es\\\/#\\\/schema\\\/logo\\\/image\\\/\",\"url\":\"https:\\\/\\\/centralialaw.com\\\/wp-content\\\/uploads\\\/2022\\\/05\\\/ARA-Logo.png\",\"contentUrl\":\"https:\\\/\\\/centralialaw.com\\\/wp-content\\\/uploads\\\/2022\\\/05\\\/ARA-Logo.png\",\"width\":1153,\"height\":364,\"caption\":\"Ley Centralia\"},\"image\":{\"@id\":\"https:\\\/\\\/centralialaw.com\\\/es\\\/#\\\/schema\\\/logo\\\/image\\\/\"},\"sameAs\":[\"https:\\\/\\\/www.facebook.com\\\/AlthauserRayanAbbarno\\\/\",\"https:\\\/\\\/x.com\\\/PeterAbbarno\"]}]}<\/script>\n<!-- \/ Yoast SEO plugin. -->","yoast_head_json":{"title":"Ryan Endsley - Ley Centralia","description":"Ryan Endsley sigue ejerciendo como Litigante Civil, con \u00e9nfasis en Propiedad, Litigios Civiles Complejos y Derecho de Familia con Althauser Rayan Abbarno.","robots":{"index":"index","follow":"follow","max-snippet":"max-snippet:-1","max-image-preview":"max-image-preview:large","max-video-preview":"max-video-preview:-1"},"canonical":"https:\/\/centralialaw.com\/es\/ryan-endsley\/","og_locale":"es_ES","og_type":"article","og_title":"Ryan Endsley - Ley Centralia","og_description":"Ryan Endsley sigue ejerciendo como Litigante Civil, con \u00e9nfasis en Propiedad, Litigios Civiles Complejos y Derecho de Familia con Althauser Rayan Abbarno.","og_url":"https:\/\/centralialaw.com\/es\/ryan-endsley\/","og_site_name":"Ley Centralia","article_publisher":"https:\/\/www.facebook.com\/AlthauserRayanAbbarno\/","article_modified_time":"2025-07-18T18:49:07+00:00","og_image":[{"width":1024,"height":1280,"url":"https:\/\/centralialaw.com\/wp-content\/uploads\/2024\/06\/521A2730.jpg","type":"image\/jpeg"}],"twitter_card":"summary_large_image","twitter_site":"@PeterAbbarno","twitter_misc":{"Est. reading time":"2 minutos"},"schema":{"@context":"https:\/\/schema.org","@graph":[{"@type":"WebPage","@id":"https:\/\/centralialaw.com\/es\/ryan-endsley\/","url":"https:\/\/centralialaw.com\/es\/ryan-endsley\/","name":"Ryan Endsley - Ley Centralia","isPartOf":{"@id":"https:\/\/centralialaw.com\/es\/#website"},"primaryImageOfPage":{"@id":"https:\/\/centralialaw.com\/es\/ryan-endsley\/#primaryimage"},"image":{"@id":"https:\/\/centralialaw.com\/es\/ryan-endsley\/#primaryimage"},"thumbnailUrl":"https:\/\/centralialaw.com\/wp-content\/uploads\/2024\/06\/521A2730.jpg","datePublished":"2024-06-10T22:36:52+00:00","dateModified":"2025-07-18T18:49:07+00:00","description":"Ryan Endsley sigue ejerciendo como Litigante Civil, con \u00e9nfasis en Propiedad, Litigios Civiles Complejos y Derecho de Familia con Althauser Rayan Abbarno.","breadcrumb":{"@id":"https:\/\/centralialaw.com\/es\/ryan-endsley\/#breadcrumb"},"inLanguage":"es","potentialAction":[{"@type":"ReadAction","target":["https:\/\/centralialaw.com\/es\/ryan-endsley\/"]}]},{"@type":"ImageObject","inLanguage":"es","@id":"https:\/\/centralialaw.com\/es\/ryan-endsley\/#primaryimage","url":"https:\/\/centralialaw.com\/wp-content\/uploads\/2024\/06\/521A2730.jpg","contentUrl":"https:\/\/centralialaw.com\/wp-content\/uploads\/2024\/06\/521A2730.jpg","width":1024,"height":1280,"caption":"Ryan Endsley with Althauser Rayan Abbarno"},{"@type":"BreadcrumbList","@id":"https:\/\/centralialaw.com\/es\/ryan-endsley\/#breadcrumb","itemListElement":[{"@type":"ListItem","position":1,"name":"Inicio","item":"https:\/\/centralialaw.com\/es\/"},{"@type":"ListItem","position":2,"name":"Ryan Endsley"}]},{"@type":"WebSite","@id":"https:\/\/centralialaw.com\/es\/#website","url":"https:\/\/centralialaw.com\/es\/","name":"Centralia Law","description":"Al servicio del estado de Washington desde hace m\u00e1s de 75 a\u00f1os - Althauser Rayan Abbarno ","publisher":{"@id":"https:\/\/centralialaw.com\/es\/#organization"},"potentialAction":[{"@type":"SearchAction","target":{"@type":"EntryPoint","urlTemplate":"https:\/\/centralialaw.com\/es\/?s={search_term_string}"},"query-input":{"@type":"PropertyValueSpecification","valueRequired":true,"valueName":"search_term_string"}}],"inLanguage":"es"},{"@type":"Organization","@id":"https:\/\/centralialaw.com\/es\/#organization","name":"Ley Centralia","url":"https:\/\/centralialaw.com\/es\/","logo":{"@type":"ImageObject","inLanguage":"es","@id":"https:\/\/centralialaw.com\/es\/#\/schema\/logo\/image\/","url":"https:\/\/centralialaw.com\/wp-content\/uploads\/2022\/05\/ARA-Logo.png","contentUrl":"https:\/\/centralialaw.com\/wp-content\/uploads\/2022\/05\/ARA-Logo.png","width":1153,"height":364,"caption":"Ley Centralia"},"image":{"@id":"https:\/\/centralialaw.com\/es\/#\/schema\/logo\/image\/"},"sameAs":["https:\/\/www.facebook.com\/AlthauserRayanAbbarno\/","https:\/\/x.com\/PeterAbbarno"]}]}},"_links":{"self":[{"href":"https:\/\/centralialaw.com\/es\/wp-json\/wp\/v2\/pages\/17855","targetHints":{"allow":["GET"]}}],"collection":[{"href":"https:\/\/centralialaw.com\/es\/wp-json\/wp\/v2\/pages"}],"about":[{"href":"https:\/\/centralialaw.com\/es\/wp-json\/wp\/v2\/types\/page"}],"author":[{"embeddable":true,"href":"https:\/\/centralialaw.com\/es\/wp-json\/wp\/v2\/users\/2"}],"replies":[{"embeddable":true,"href":"https:\/\/centralialaw.com\/es\/wp-json\/wp\/v2\/comments?post=17855"}],"version-history":[{"count":0,"href":"https:\/\/centralialaw.com\/es\/wp-json\/wp\/v2\/pages\/17855\/revisions"}],"wp:featuredmedia":[{"embeddable":true,"href":"https:\/\/centralialaw.com\/es\/wp-json\/wp\/v2\/media\/17467"}],"wp:attachment":[{"href":"https:\/\/centralialaw.com\/es\/wp-json\/wp\/v2\/media?parent=17855"}],"curies":[{"name":"wp","href":"https:\/\/api.w.org\/{rel}","templated":true}]}}