{"id":17860,"date":"2022-03-14T17:40:19","date_gmt":"2022-03-15T00:40:19","guid":{"rendered":"https:\/\/centralialaw.com\/planificacion-patrimonial\/"},"modified":"2025-05-30T12:42:09","modified_gmt":"2025-05-30T19:42:09","slug":"planificacion-patrimonial","status":"publish","type":"page","link":"https:\/\/centralialaw.com\/es\/planificacion-patrimonial\/","title":{"rendered":"Planificaci\u00f3n patrimonial"},"content":{"rendered":"<p>[et_pb_section fb_built=\u00bb1&#8243; _builder_version=\u00bb4.16&#8243; _module_preset=\u00bbdefault\u00bb custom_padding=\u00bb17px|||||\u00bb global_colors_info=\u00bb{}\u00bb][et_pb_row _builder_version=\u00bb4.16&#8243; _module_preset=\u00bbdefault\u00bb global_colors_info=\u00bb{}\u00bb][et_pb_column type=\u00bb4_4&#8243; _builder_version=\u00bb4.16&#8243; _module_preset=\u00bbdefault\u00bb global_colors_info=\u00bb{}\u00bb][et_pb_text _builder_version=\u00bb4.16&#8243; _module_preset=\u00bbdefault\u00bb global_colors_info=\u00bb{}\u00bb]<\/p>\n<h1>Planificaci\u00f3n patrimonial<\/h1>\n<p>[\/et_pb_text][et_pb_text _builder_version=\u00bb4.27.0&#8243; _module_preset=\u00bbdefault\u00bb global_colors_info=\u00bb{}\u00bb]<\/p>\n<p><img loading=\"lazy\" decoding=\"async\" src=\"https:\/\/centralialaw.com\/wp-content\/uploads\/2021\/12\/Estate-Planning-300x200-1.jpg\" width=\"300\" height=\"200\" alt=\"\" class=\"wp-image-49 alignright size-full\">Durante m\u00e1s de 70 a\u00f1os, Althauser Rayan Abbarno, LLP ha prestado servicios de planificaci\u00f3n de herencias y sucesiones a personas de todo el oeste de Washington, el suroeste de Washington y la regi\u00f3n sur de Puget Sound. Si necesitas representaci\u00f3n legal con experiencia para ayudarte con tus objetivos de planificaci\u00f3n patrimonial o con la sucesi\u00f3n de una herencia, ponte en contacto con nosotros hoy mismo para programar una consulta. <\/p>\n<p><strong>Nuestros servicios de<\/strong> planificaci\u00f3n patrimonial<br \/>Nuestros abogados especializados en planificaci\u00f3n patrimonial se complacen en ayudar a los clientes con una revisi\u00f3n exhaustiva de sus activos y el desarrollo de un plan a largo plazo para la gesti\u00f3n y transferencia de activos. Nuestros abogados colaboran estrechamente con los clientes para determinar sus deseos y crear un plan dise\u00f1ado para cumplirlos. <\/p>\n<p>Algunas de las herramientas de planificaci\u00f3n patrimonial que utilizamos son testamentos, fideicomisos, acuerdos de bienes gananciales, acuerdos de bienes separados, poderes, testamentos vitales, poderes m\u00e9dicos, poderes especiales\/limitados, fideicomisos testamentarios, fideicomisos vitales revocables, fideicomisos para necesidades especiales y fideicomisos de refugio crediticio.<\/p>\n<p>Sucesiones <strong>y Administraci\u00f3n de Herencias<\/strong><br \/>Ayudamos a los clientes en todos los aspectos de la sucesi\u00f3n, incluida la sucesi\u00f3n de una herencia con o sin testamento. La legalizaci\u00f3n de un testamento puede ser un proceso dif\u00edcil y largo, no intentes gestionarlo solo, ponte en contacto con nosotros hoy mismo para programar una consulta. Nos encargamos de todos los detalles legales necesarios para que los clientes puedan centrarse en su familia y amigos en los momentos dif\u00edciles. Preparamos todos los documentos, nos ponemos en contacto con los acreedores, publicamos las notificaciones necesarias, gestionamos las distribuciones, obtenemos los n\u00fameros de identificaci\u00f3n fiscal federal y realizamos otros requisitos necesarios del proceso sucesorio.   <\/p>\n<p><strong>Mira lo m\u00e1s destacado de nuestro Seminario sobre Planificaci\u00f3n Patrimonial:<\/strong><\/p>\n<p>[\/et_pb_text][et_pb_code _builder_version=\u00bb4.16&#8243; _module_preset=\u00bbdefault\u00bb global_colors_info=\u00bb{}\u00bb]<iframe loading=\"lazy\" width=\"560\" height=\"315\" src=\"https:\/\/www.youtube.com\/embed\/EWtOS8-K9cw\" title=\"Reproductor de v\u00eddeo de YouTube\" frameborder=\"0\" allow=\"accelerometer; autoplay; clipboard-write; encrypted-media; gyroscope; picture-in-picture\" allowfullscreen=\"\"><\/iframe>[\/et_pb_code][et_pb_text _builder_version=\u00bb4.27.4&#8243; _module_preset=\u00bbdefault\u00bb hover_enabled=\u00bb0&#8243; global_colors_info=\u00bb{}\u00bb sticky_enabled=\u00bb0&#8243;]<\/p>\n<p><strong>Contacta con nosotros<\/strong><br \/><span>Si necesitas hablar con un abogado sobre tus objetivos de planificaci\u00f3n patrimonial o la sucesi\u00f3n de una herencia, te animamos a que programes una consulta. Para ponerte en contacto con nuestro bufete, llama al 360-736-1301. <\/span><\/p>\n<p>[\/et_pb_text][\/et_pb_column][\/et_pb_row][\/et_pb_section]<\/p>\n","protected":false},"excerpt":{"rendered":"<p>Planificaci\u00f3n patrimonialDurante m\u00e1s de 70 a\u00f1os, Althauser Rayan Abbarno, LLP ha prestado servicios de planificaci\u00f3n de herencias y sucesiones a personas de todo el oeste de Washington, el suroeste de Washington y la regi\u00f3n sur de Puget Sound. Si necesitas representaci\u00f3n legal con experiencia para ayudarte con tus objetivos de planificaci\u00f3n patrimonial o con la [&hellip;]<\/p>\n","protected":false},"author":1,"featured_media":0,"parent":0,"menu_order":0,"comment_status":"closed","ping_status":"closed","template":"","meta":{"_et_pb_use_builder":"on","_et_pb_old_content":"","_et_gb_content_width":"","footnotes":""},"class_list":["post-17860","page","type-page","status-publish","hentry"],"yoast_head":"<!-- This site is optimized with the Yoast SEO plugin v27.4 - https:\/\/yoast.com\/product\/yoast-seo-wordpress\/ -->\n<title>Planificaci\u00f3n patrimonial - Ley Centralia<\/title>\n<meta name=\"robots\" content=\"index, follow, max-snippet:-1, max-image-preview:large, max-video-preview:-1\" \/>\n<link rel=\"canonical\" href=\"https:\/\/centralialaw.com\/es\/planificacion-patrimonial\/\" \/>\n<meta property=\"og:locale\" content=\"es_ES\" \/>\n<meta property=\"og:type\" content=\"article\" \/>\n<meta property=\"og:title\" content=\"Planificaci\u00f3n patrimonial - Ley Centralia\" \/>\n<meta property=\"og:description\" content=\"Planificaci\u00f3n patrimonialDurante m\u00e1s de 70 a\u00f1os, Althauser Rayan Abbarno, LLP ha prestado servicios de planificaci\u00f3n de herencias y sucesiones a personas de todo el oeste de Washington, el suroeste de Washington y la regi\u00f3n sur de Puget Sound. Si necesitas representaci\u00f3n legal con experiencia para ayudarte con tus objetivos de planificaci\u00f3n patrimonial o con la [&hellip;]\" \/>\n<meta property=\"og:url\" content=\"https:\/\/centralialaw.com\/es\/planificacion-patrimonial\/\" \/>\n<meta property=\"og:site_name\" content=\"Ley Centralia\" \/>\n<meta property=\"article:publisher\" content=\"https:\/\/www.facebook.com\/AlthauserRayanAbbarno\/\" \/>\n<meta property=\"article:modified_time\" content=\"2025-05-30T19:42:09+00:00\" \/>\n<meta property=\"og:image\" content=\"https:\/\/centralialaw.com\/wp-content\/uploads\/2021\/12\/Estate-Planning-300x200-1.jpg\" \/>\n\t<meta property=\"og:image:width\" content=\"300\" \/>\n\t<meta property=\"og:image:height\" content=\"200\" \/>\n\t<meta property=\"og:image:type\" content=\"image\/jpeg\" \/>\n<meta name=\"twitter:card\" content=\"summary_large_image\" \/>\n<meta name=\"twitter:site\" content=\"@PeterAbbarno\" \/>\n<meta name=\"twitter:label1\" content=\"Est. reading time\" \/>\n\t<meta name=\"twitter:data1\" content=\"2 minutos\" \/>\n<script type=\"application\/ld+json\" class=\"yoast-schema-graph\">{\"@context\":\"https:\\\/\\\/schema.org\",\"@graph\":[{\"@type\":\"WebPage\",\"@id\":\"https:\\\/\\\/centralialaw.com\\\/es\\\/planificacion-patrimonial\\\/\",\"url\":\"https:\\\/\\\/centralialaw.com\\\/es\\\/planificacion-patrimonial\\\/\",\"name\":\"Planificaci\u00f3n patrimonial - Ley Centralia\",\"isPartOf\":{\"@id\":\"https:\\\/\\\/centralialaw.com\\\/es\\\/#website\"},\"primaryImageOfPage\":{\"@id\":\"https:\\\/\\\/centralialaw.com\\\/es\\\/planificacion-patrimonial\\\/#primaryimage\"},\"image\":{\"@id\":\"https:\\\/\\\/centralialaw.com\\\/es\\\/planificacion-patrimonial\\\/#primaryimage\"},\"thumbnailUrl\":\"https:\\\/\\\/centralialaw.com\\\/wp-content\\\/uploads\\\/2021\\\/12\\\/Estate-Planning-300x200-1.jpg\",\"datePublished\":\"2022-03-15T00:40:19+00:00\",\"dateModified\":\"2025-05-30T19:42:09+00:00\",\"breadcrumb\":{\"@id\":\"https:\\\/\\\/centralialaw.com\\\/es\\\/planificacion-patrimonial\\\/#breadcrumb\"},\"inLanguage\":\"es\",\"potentialAction\":[{\"@type\":\"ReadAction\",\"target\":[\"https:\\\/\\\/centralialaw.com\\\/es\\\/planificacion-patrimonial\\\/\"]}]},{\"@type\":\"ImageObject\",\"inLanguage\":\"es\",\"@id\":\"https:\\\/\\\/centralialaw.com\\\/es\\\/planificacion-patrimonial\\\/#primaryimage\",\"url\":\"https:\\\/\\\/centralialaw.com\\\/wp-content\\\/uploads\\\/2021\\\/12\\\/Estate-Planning-300x200-1.jpg\",\"contentUrl\":\"https:\\\/\\\/centralialaw.com\\\/wp-content\\\/uploads\\\/2021\\\/12\\\/Estate-Planning-300x200-1.jpg\"},{\"@type\":\"BreadcrumbList\",\"@id\":\"https:\\\/\\\/centralialaw.com\\\/es\\\/planificacion-patrimonial\\\/#breadcrumb\",\"itemListElement\":[{\"@type\":\"ListItem\",\"position\":1,\"name\":\"Inicio\",\"item\":\"https:\\\/\\\/centralialaw.com\\\/es\\\/\"},{\"@type\":\"ListItem\",\"position\":2,\"name\":\"Planificaci\u00f3n patrimonial\"}]},{\"@type\":\"WebSite\",\"@id\":\"https:\\\/\\\/centralialaw.com\\\/es\\\/#website\",\"url\":\"https:\\\/\\\/centralialaw.com\\\/es\\\/\",\"name\":\"Centralia Law\",\"description\":\"Al servicio del estado de Washington desde hace m\u00e1s de 75 a\u00f1os - Althauser Rayan Abbarno \",\"publisher\":{\"@id\":\"https:\\\/\\\/centralialaw.com\\\/es\\\/#organization\"},\"potentialAction\":[{\"@type\":\"SearchAction\",\"target\":{\"@type\":\"EntryPoint\",\"urlTemplate\":\"https:\\\/\\\/centralialaw.com\\\/es\\\/?s={search_term_string}\"},\"query-input\":{\"@type\":\"PropertyValueSpecification\",\"valueRequired\":true,\"valueName\":\"search_term_string\"}}],\"inLanguage\":\"es\"},{\"@type\":\"Organization\",\"@id\":\"https:\\\/\\\/centralialaw.com\\\/es\\\/#organization\",\"name\":\"Ley Centralia\",\"url\":\"https:\\\/\\\/centralialaw.com\\\/es\\\/\",\"logo\":{\"@type\":\"ImageObject\",\"inLanguage\":\"es\",\"@id\":\"https:\\\/\\\/centralialaw.com\\\/es\\\/#\\\/schema\\\/logo\\\/image\\\/\",\"url\":\"https:\\\/\\\/centralialaw.com\\\/wp-content\\\/uploads\\\/2022\\\/05\\\/ARA-Logo.png\",\"contentUrl\":\"https:\\\/\\\/centralialaw.com\\\/wp-content\\\/uploads\\\/2022\\\/05\\\/ARA-Logo.png\",\"width\":1153,\"height\":364,\"caption\":\"Ley Centralia\"},\"image\":{\"@id\":\"https:\\\/\\\/centralialaw.com\\\/es\\\/#\\\/schema\\\/logo\\\/image\\\/\"},\"sameAs\":[\"https:\\\/\\\/www.facebook.com\\\/AlthauserRayanAbbarno\\\/\",\"https:\\\/\\\/x.com\\\/PeterAbbarno\"]}]}<\/script>\n<!-- \/ Yoast SEO plugin. -->","yoast_head_json":{"title":"Planificaci\u00f3n patrimonial - Ley Centralia","robots":{"index":"index","follow":"follow","max-snippet":"max-snippet:-1","max-image-preview":"max-image-preview:large","max-video-preview":"max-video-preview:-1"},"canonical":"https:\/\/centralialaw.com\/es\/planificacion-patrimonial\/","og_locale":"es_ES","og_type":"article","og_title":"Planificaci\u00f3n patrimonial - Ley Centralia","og_description":"Planificaci\u00f3n patrimonialDurante m\u00e1s de 70 a\u00f1os, Althauser Rayan Abbarno, LLP ha prestado servicios de planificaci\u00f3n de herencias y sucesiones a personas de todo el oeste de Washington, el suroeste de Washington y la regi\u00f3n sur de Puget Sound. Si necesitas representaci\u00f3n legal con experiencia para ayudarte con tus objetivos de planificaci\u00f3n patrimonial o con la [&hellip;]","og_url":"https:\/\/centralialaw.com\/es\/planificacion-patrimonial\/","og_site_name":"Ley Centralia","article_publisher":"https:\/\/www.facebook.com\/AlthauserRayanAbbarno\/","article_modified_time":"2025-05-30T19:42:09+00:00","og_image":[{"width":300,"height":200,"url":"https:\/\/centralialaw.com\/wp-content\/uploads\/2021\/12\/Estate-Planning-300x200-1.jpg","type":"image\/jpeg"}],"twitter_card":"summary_large_image","twitter_site":"@PeterAbbarno","twitter_misc":{"Est. reading time":"2 minutos"},"schema":{"@context":"https:\/\/schema.org","@graph":[{"@type":"WebPage","@id":"https:\/\/centralialaw.com\/es\/planificacion-patrimonial\/","url":"https:\/\/centralialaw.com\/es\/planificacion-patrimonial\/","name":"Planificaci\u00f3n patrimonial - Ley Centralia","isPartOf":{"@id":"https:\/\/centralialaw.com\/es\/#website"},"primaryImageOfPage":{"@id":"https:\/\/centralialaw.com\/es\/planificacion-patrimonial\/#primaryimage"},"image":{"@id":"https:\/\/centralialaw.com\/es\/planificacion-patrimonial\/#primaryimage"},"thumbnailUrl":"https:\/\/centralialaw.com\/wp-content\/uploads\/2021\/12\/Estate-Planning-300x200-1.jpg","datePublished":"2022-03-15T00:40:19+00:00","dateModified":"2025-05-30T19:42:09+00:00","breadcrumb":{"@id":"https:\/\/centralialaw.com\/es\/planificacion-patrimonial\/#breadcrumb"},"inLanguage":"es","potentialAction":[{"@type":"ReadAction","target":["https:\/\/centralialaw.com\/es\/planificacion-patrimonial\/"]}]},{"@type":"ImageObject","inLanguage":"es","@id":"https:\/\/centralialaw.com\/es\/planificacion-patrimonial\/#primaryimage","url":"https:\/\/centralialaw.com\/wp-content\/uploads\/2021\/12\/Estate-Planning-300x200-1.jpg","contentUrl":"https:\/\/centralialaw.com\/wp-content\/uploads\/2021\/12\/Estate-Planning-300x200-1.jpg"},{"@type":"BreadcrumbList","@id":"https:\/\/centralialaw.com\/es\/planificacion-patrimonial\/#breadcrumb","itemListElement":[{"@type":"ListItem","position":1,"name":"Inicio","item":"https:\/\/centralialaw.com\/es\/"},{"@type":"ListItem","position":2,"name":"Planificaci\u00f3n patrimonial"}]},{"@type":"WebSite","@id":"https:\/\/centralialaw.com\/es\/#website","url":"https:\/\/centralialaw.com\/es\/","name":"Centralia Law","description":"Al servicio del estado de Washington desde hace m\u00e1s de 75 a\u00f1os - Althauser Rayan Abbarno ","publisher":{"@id":"https:\/\/centralialaw.com\/es\/#organization"},"potentialAction":[{"@type":"SearchAction","target":{"@type":"EntryPoint","urlTemplate":"https:\/\/centralialaw.com\/es\/?s={search_term_string}"},"query-input":{"@type":"PropertyValueSpecification","valueRequired":true,"valueName":"search_term_string"}}],"inLanguage":"es"},{"@type":"Organization","@id":"https:\/\/centralialaw.com\/es\/#organization","name":"Ley Centralia","url":"https:\/\/centralialaw.com\/es\/","logo":{"@type":"ImageObject","inLanguage":"es","@id":"https:\/\/centralialaw.com\/es\/#\/schema\/logo\/image\/","url":"https:\/\/centralialaw.com\/wp-content\/uploads\/2022\/05\/ARA-Logo.png","contentUrl":"https:\/\/centralialaw.com\/wp-content\/uploads\/2022\/05\/ARA-Logo.png","width":1153,"height":364,"caption":"Ley Centralia"},"image":{"@id":"https:\/\/centralialaw.com\/es\/#\/schema\/logo\/image\/"},"sameAs":["https:\/\/www.facebook.com\/AlthauserRayanAbbarno\/","https:\/\/x.com\/PeterAbbarno"]}]}},"_links":{"self":[{"href":"https:\/\/centralialaw.com\/es\/wp-json\/wp\/v2\/pages\/17860","targetHints":{"allow":["GET"]}}],"collection":[{"href":"https:\/\/centralialaw.com\/es\/wp-json\/wp\/v2\/pages"}],"about":[{"href":"https:\/\/centralialaw.com\/es\/wp-json\/wp\/v2\/types\/page"}],"author":[{"embeddable":true,"href":"https:\/\/centralialaw.com\/es\/wp-json\/wp\/v2\/users\/1"}],"replies":[{"embeddable":true,"href":"https:\/\/centralialaw.com\/es\/wp-json\/wp\/v2\/comments?post=17860"}],"version-history":[{"count":0,"href":"https:\/\/centralialaw.com\/es\/wp-json\/wp\/v2\/pages\/17860\/revisions"}],"wp:attachment":[{"href":"https:\/\/centralialaw.com\/es\/wp-json\/wp\/v2\/media?parent=17860"}],"curies":[{"name":"wp","href":"https:\/\/api.w.org\/{rel}","templated":true}]}}