{"id":17861,"date":"2022-03-14T18:08:02","date_gmt":"2022-03-15T01:08:02","guid":{"rendered":"https:\/\/centralialaw.com\/inmuebles-y-propiedades\/"},"modified":"2025-05-30T12:42:10","modified_gmt":"2025-05-30T19:42:10","slug":"inmuebles-y-propiedades","status":"publish","type":"page","link":"https:\/\/centralialaw.com\/es\/inmuebles-y-propiedades\/","title":{"rendered":"Inmuebles y propiedades"},"content":{"rendered":"<p>[et_pb_section fb_built=\u00bb1&#8243; _builder_version=\u00bb4.16&#8243; _module_preset=\u00bbdefault\u00bb custom_padding=\u00bb17px|||||\u00bb global_colors_info=\u00bb{}\u00bb][et_pb_row _builder_version=\u00bb4.16&#8243; _module_preset=\u00bbdefault\u00bb global_colors_info=\u00bb{}\u00bb][et_pb_column type=\u00bb4_4&#8243; _builder_version=\u00bb4.16&#8243; _module_preset=\u00bbdefault\u00bb global_colors_info=\u00bb{}\u00bb][et_pb_text _builder_version=\u00bb4.16&#8243; _module_preset=\u00bbdefault\u00bb global_colors_info=\u00bb{}\u00bb]<\/p>\n<h1>Inmuebles y propiedades<\/h1>\n<p>[\/et_pb_text][et_pb_text _builder_version=\u00bb4.27.4&#8243; _module_preset=\u00bbdefault\u00bb hover_enabled=\u00bb0&#8243; global_colors_info=\u00bb{}\u00bb sticky_enabled=\u00bb0&#8243;]<\/p>\n<p>En Althauser Rayan Abbarno, LLP nos complace ofrecer representaci\u00f3n jur\u00eddica experimentada en nombre de compradores, vendedores, inversores y promotores inmobiliarios. Ayudamos a nuestros clientes en asuntos inmobiliarios residenciales y comerciales que van desde simples escrituras de renuncia, cuestiones de l\u00c3mites y transacciones, hasta acuerdos urban\u00c3sticos multimillonarios. <\/p>\n<p>Nos complace ayudar a los clientes en la compra, venta, inversi\u00f3n o desarrollo de propiedades comerciales de todo tipo, incluidos locales de oficinas, locales comerciales y otros espacios comerciales.<\/p>\n<p><img loading=\"lazy\" decoding=\"async\" src=\"https:\/\/centralialaw.com\/wp-content\/uploads\/2021\/12\/RE.jpg\" width=\"300\" height=\"200\" alt=\"\" class=\"wp-image-51 alignleft size-full\">Tanto si quieres desarrollar una gran extensi\u00f3n de terreno comercial como si simplemente necesitas asistencia contractual para una transacci\u00f3n inmobiliaria comercial, nos complace ofrecerte nuestra ayuda. Ponte en contacto con nosotros hoy mismo para concertar una cita. <\/p>\n<h5><strong>Transacciones inmobiliarias residenciales: Compraventa de viviendas<\/strong><\/h5>\n<p>Comprar o vender una vivienda es una transacci\u00f3n financiera importante para la mayor\u00eda de las personas. Si vas a comprar o vender una casa y necesitas ayuda, podemos ayudarte. Nos complace ayudar a compradores y vendedores en sus necesidades de derecho inmobiliario residencial. Ponte en contacto con nosotros hoy mismo para concertar una consulta.   <\/p>\n<h5><\/h5>\n<h5>Disputas sobre la l\u00ednea de propiedad<\/h5>\n<p><img loading=\"lazy\" decoding=\"async\" src=\"https:\/\/centralialaw.com\/wp-content\/uploads\/2022\/03\/Real-Estate-300x201.jpg\" width=\"300\" height=\"201\" alt=\"\" class=\"wp-image-16312 alignright size-medium\" srcset=\"https:\/\/centralialaw.com\/wp-content\/uploads\/2022\/03\/Real-Estate-300x201.jpg 300w, https:\/\/centralialaw.com\/wp-content\/uploads\/2022\/03\/Real-Estate.jpg 350w\" sizes=\"(max-width: 300px) 100vw, 300px\" \/>\u00bfCu\u00e1les son los l\u00edmites de la propiedad? \u00bfDesde cu\u00e1ndo se utiliza el terreno? Althauser Rayan Abbarno tiene amplia experiencia en litigios sobre l\u00edneas de propiedad y en ayudar a nuestros clientes a defender su propiedad, as\u00ed como a establecer sus derechos sobre el terreno. Llama a nuestros abogados de Centralia para una consulta al 360-736-1301.   <\/p>\n<h5><strong>Embargos \/ Confiscaciones<\/strong><\/h5>\n<p>Si has vendido una propiedad por contrato o mediante financiaci\u00f3n del vendedor y el comprador ha incumplido, necesitas un abogado con experiencia que te ayude a navegar por el complicado proceso legal para reclamar la posesi\u00f3n de tu bien. Ponte en contacto con nosotros hoy mismo para programar una consulta y hablar de tus circunstancias. Nos ocupamos de todos los aspectos de las ejecuciones hipotecarias y los embargos, incluidos:  <\/p>\n<ul>\n<li>Obtenci\u00f3n de garant\u00edas procesales<\/li>\n<li>Investigar cuestiones de titularidad<\/li>\n<li>Preparar todos los documentos y proporcionar todas las notificaciones<\/li>\n<li>Perseguir las sentencias por deficiencia cuando proceda<\/li>\n<li>Negociaci\u00f3n y ejecuci\u00f3n de escrituras en lugar de ejecuci\u00f3n hipotecaria cuando proceda.<\/li>\n<\/ul>\n<p>La ejecuci\u00f3n hipotecaria y el embargo pueden ser muy dif\u00edciles y hay que cumplir estrictamente las leyes. No pongas en peligro la reparaci\u00f3n a la que tienes derecho, ponte en contacto con nosotros hoy mismo para programar una consulta. <\/p>\n<h5><strong>Propietario\/ Inquilino<\/strong><\/h5>\n<p>En Althauser Rayan Abbarno, proporcionamos representaci\u00f3n en acciones de Retenci\u00f3n Ilegal o Desahucios tanto para acciones residenciales como comerciales. Tanto si eres un propietario con un inquilino que no paga como si eres un inquilino con un propietario que no est\u00e1 dispuesto a cumplir con sus obligaciones, las leyes que rigen estas acciones son complejas y necesitas a alguien con experiencia a tu lado. <\/p>\n<p>[\/et_pb_text][et_pb_code _builder_version=\u00bb4.16&#8243; _module_preset=\u00bbdefault\u00bb global_colors_info=\u00bb{}\u00bb]<iframe loading=\"lazy\" width=\"560\" height=\"315\" src=\"https:\/\/www.youtube.com\/embed\/ZjluqvDSYGE\" title=\"Reproductor de v\u00eddeo de YouTube\" frameborder=\"0\" allow=\"accelerometer; autoplay; clipboard-write; encrypted-media; gyroscope; picture-in-picture\" allowfullscreen=\"\"><\/iframe>[\/et_pb_code][et_pb_text _builder_version=\u00bb4.27.4&#8243; _module_preset=\u00bbdefault\u00bb global_colors_info=\u00bb{}\u00bb]<\/p>\n<p>Estamos aqu\u00ed para ayudarte. Ponte en contacto con nosotros hoy mismo para programar una consulta en Centralia llamando al 360-736-1301. <\/p>\n<p><strong>Ponte en contacto con nosotros<\/strong><br \/>Si necesitas ayuda con un asunto importante de derecho inmobiliario, te animamos a que te pongas en contacto con nuestro bufete para programar una consulta. Para ponerte en contacto con nuestro bufete, llama al 360-736-1301. <\/p>\n<p>[\/et_pb_text][\/et_pb_column][\/et_pb_row][\/et_pb_section]<\/p>\n","protected":false},"excerpt":{"rendered":"<p>Inmuebles y propiedadesEn Althauser Rayan Abbarno, LLP nos complace ofrecer representaci\u00f3n jur\u00eddica experimentada en nombre de compradores, vendedores, inversores y promotores inmobiliarios. Ayudamos a nuestros clientes en asuntos inmobiliarios residenciales y comerciales que van desde simples escrituras de renuncia, cuestiones de l\u00c3mites y transacciones, hasta acuerdos urban\u00c3sticos multimillonarios. Nos complace ayudar a los clientes en [&hellip;]<\/p>\n","protected":false},"author":1,"featured_media":0,"parent":0,"menu_order":0,"comment_status":"closed","ping_status":"closed","template":"","meta":{"_et_pb_use_builder":"on","_et_pb_old_content":"","_et_gb_content_width":"","footnotes":""},"class_list":["post-17861","page","type-page","status-publish","hentry"],"yoast_head":"<!-- This site is optimized with the Yoast SEO plugin v27.5 - https:\/\/yoast.com\/product\/yoast-seo-wordpress\/ -->\n<title>Inmuebles y propiedades - Ley Centralia<\/title>\n<meta name=\"robots\" content=\"index, follow, max-snippet:-1, max-image-preview:large, max-video-preview:-1\" \/>\n<link rel=\"canonical\" href=\"https:\/\/centralialaw.com\/es\/inmuebles-y-propiedades\/\" \/>\n<meta property=\"og:locale\" content=\"es_ES\" \/>\n<meta property=\"og:type\" content=\"article\" \/>\n<meta property=\"og:title\" content=\"Inmuebles y propiedades - Ley Centralia\" \/>\n<meta property=\"og:description\" content=\"Inmuebles y propiedadesEn Althauser Rayan Abbarno, LLP nos complace ofrecer representaci\u00f3n jur\u00eddica experimentada en nombre de compradores, vendedores, inversores y promotores inmobiliarios. Ayudamos a nuestros clientes en asuntos inmobiliarios residenciales y comerciales que van desde simples escrituras de renuncia, cuestiones de l\u00c3mites y transacciones, hasta acuerdos urban\u00c3sticos multimillonarios. Nos complace ayudar a los clientes en [&hellip;]\" \/>\n<meta property=\"og:url\" content=\"https:\/\/centralialaw.com\/es\/inmuebles-y-propiedades\/\" \/>\n<meta property=\"og:site_name\" content=\"Ley Centralia\" \/>\n<meta property=\"article:publisher\" content=\"https:\/\/www.facebook.com\/AlthauserRayanAbbarno\/\" \/>\n<meta property=\"article:modified_time\" content=\"2025-05-30T19:42:10+00:00\" \/>\n<meta property=\"og:image\" content=\"https:\/\/centralialaw.com\/wp-content\/uploads\/2021\/12\/RE.jpg\" \/>\n\t<meta property=\"og:image:width\" content=\"300\" \/>\n\t<meta property=\"og:image:height\" content=\"200\" \/>\n\t<meta property=\"og:image:type\" content=\"image\/jpeg\" \/>\n<meta name=\"twitter:card\" content=\"summary_large_image\" \/>\n<meta name=\"twitter:site\" content=\"@PeterAbbarno\" \/>\n<meta name=\"twitter:label1\" content=\"Est. reading time\" \/>\n\t<meta name=\"twitter:data1\" content=\"3 minutos\" \/>\n<script type=\"application\/ld+json\" class=\"yoast-schema-graph\">{\"@context\":\"https:\\\/\\\/schema.org\",\"@graph\":[{\"@type\":\"WebPage\",\"@id\":\"https:\\\/\\\/centralialaw.com\\\/es\\\/inmuebles-y-propiedades\\\/\",\"url\":\"https:\\\/\\\/centralialaw.com\\\/es\\\/inmuebles-y-propiedades\\\/\",\"name\":\"Inmuebles y propiedades - Ley Centralia\",\"isPartOf\":{\"@id\":\"https:\\\/\\\/centralialaw.com\\\/es\\\/#website\"},\"primaryImageOfPage\":{\"@id\":\"https:\\\/\\\/centralialaw.com\\\/es\\\/inmuebles-y-propiedades\\\/#primaryimage\"},\"image\":{\"@id\":\"https:\\\/\\\/centralialaw.com\\\/es\\\/inmuebles-y-propiedades\\\/#primaryimage\"},\"thumbnailUrl\":\"https:\\\/\\\/centralialaw.com\\\/wp-content\\\/uploads\\\/2021\\\/12\\\/RE.jpg\",\"datePublished\":\"2022-03-15T01:08:02+00:00\",\"dateModified\":\"2025-05-30T19:42:10+00:00\",\"breadcrumb\":{\"@id\":\"https:\\\/\\\/centralialaw.com\\\/es\\\/inmuebles-y-propiedades\\\/#breadcrumb\"},\"inLanguage\":\"es\",\"potentialAction\":[{\"@type\":\"ReadAction\",\"target\":[\"https:\\\/\\\/centralialaw.com\\\/es\\\/inmuebles-y-propiedades\\\/\"]}]},{\"@type\":\"ImageObject\",\"inLanguage\":\"es\",\"@id\":\"https:\\\/\\\/centralialaw.com\\\/es\\\/inmuebles-y-propiedades\\\/#primaryimage\",\"url\":\"https:\\\/\\\/centralialaw.com\\\/wp-content\\\/uploads\\\/2021\\\/12\\\/RE.jpg\",\"contentUrl\":\"https:\\\/\\\/centralialaw.com\\\/wp-content\\\/uploads\\\/2021\\\/12\\\/RE.jpg\"},{\"@type\":\"BreadcrumbList\",\"@id\":\"https:\\\/\\\/centralialaw.com\\\/es\\\/inmuebles-y-propiedades\\\/#breadcrumb\",\"itemListElement\":[{\"@type\":\"ListItem\",\"position\":1,\"name\":\"Inicio\",\"item\":\"https:\\\/\\\/centralialaw.com\\\/es\\\/\"},{\"@type\":\"ListItem\",\"position\":2,\"name\":\"Inmuebles y propiedades\"}]},{\"@type\":\"WebSite\",\"@id\":\"https:\\\/\\\/centralialaw.com\\\/es\\\/#website\",\"url\":\"https:\\\/\\\/centralialaw.com\\\/es\\\/\",\"name\":\"Centralia Law\",\"description\":\"Al servicio del estado de Washington desde hace m\u00e1s de 75 a\u00f1os - Althauser Rayan Abbarno \",\"publisher\":{\"@id\":\"https:\\\/\\\/centralialaw.com\\\/es\\\/#organization\"},\"potentialAction\":[{\"@type\":\"SearchAction\",\"target\":{\"@type\":\"EntryPoint\",\"urlTemplate\":\"https:\\\/\\\/centralialaw.com\\\/es\\\/?s={search_term_string}\"},\"query-input\":{\"@type\":\"PropertyValueSpecification\",\"valueRequired\":true,\"valueName\":\"search_term_string\"}}],\"inLanguage\":\"es\"},{\"@type\":\"Organization\",\"@id\":\"https:\\\/\\\/centralialaw.com\\\/es\\\/#organization\",\"name\":\"Ley Centralia\",\"url\":\"https:\\\/\\\/centralialaw.com\\\/es\\\/\",\"logo\":{\"@type\":\"ImageObject\",\"inLanguage\":\"es\",\"@id\":\"https:\\\/\\\/centralialaw.com\\\/es\\\/#\\\/schema\\\/logo\\\/image\\\/\",\"url\":\"https:\\\/\\\/centralialaw.com\\\/wp-content\\\/uploads\\\/2022\\\/05\\\/ARA-Logo.png\",\"contentUrl\":\"https:\\\/\\\/centralialaw.com\\\/wp-content\\\/uploads\\\/2022\\\/05\\\/ARA-Logo.png\",\"width\":1153,\"height\":364,\"caption\":\"Ley Centralia\"},\"image\":{\"@id\":\"https:\\\/\\\/centralialaw.com\\\/es\\\/#\\\/schema\\\/logo\\\/image\\\/\"},\"sameAs\":[\"https:\\\/\\\/www.facebook.com\\\/AlthauserRayanAbbarno\\\/\",\"https:\\\/\\\/x.com\\\/PeterAbbarno\"]}]}<\/script>\n<!-- \/ Yoast SEO plugin. -->","yoast_head_json":{"title":"Inmuebles y propiedades - Ley Centralia","robots":{"index":"index","follow":"follow","max-snippet":"max-snippet:-1","max-image-preview":"max-image-preview:large","max-video-preview":"max-video-preview:-1"},"canonical":"https:\/\/centralialaw.com\/es\/inmuebles-y-propiedades\/","og_locale":"es_ES","og_type":"article","og_title":"Inmuebles y propiedades - Ley Centralia","og_description":"Inmuebles y propiedadesEn Althauser Rayan Abbarno, LLP nos complace ofrecer representaci\u00f3n jur\u00eddica experimentada en nombre de compradores, vendedores, inversores y promotores inmobiliarios. Ayudamos a nuestros clientes en asuntos inmobiliarios residenciales y comerciales que van desde simples escrituras de renuncia, cuestiones de l\u00c3mites y transacciones, hasta acuerdos urban\u00c3sticos multimillonarios. Nos complace ayudar a los clientes en [&hellip;]","og_url":"https:\/\/centralialaw.com\/es\/inmuebles-y-propiedades\/","og_site_name":"Ley Centralia","article_publisher":"https:\/\/www.facebook.com\/AlthauserRayanAbbarno\/","article_modified_time":"2025-05-30T19:42:10+00:00","og_image":[{"width":300,"height":200,"url":"https:\/\/centralialaw.com\/wp-content\/uploads\/2021\/12\/RE.jpg","type":"image\/jpeg"}],"twitter_card":"summary_large_image","twitter_site":"@PeterAbbarno","twitter_misc":{"Est. reading time":"3 minutos"},"schema":{"@context":"https:\/\/schema.org","@graph":[{"@type":"WebPage","@id":"https:\/\/centralialaw.com\/es\/inmuebles-y-propiedades\/","url":"https:\/\/centralialaw.com\/es\/inmuebles-y-propiedades\/","name":"Inmuebles y propiedades - Ley Centralia","isPartOf":{"@id":"https:\/\/centralialaw.com\/es\/#website"},"primaryImageOfPage":{"@id":"https:\/\/centralialaw.com\/es\/inmuebles-y-propiedades\/#primaryimage"},"image":{"@id":"https:\/\/centralialaw.com\/es\/inmuebles-y-propiedades\/#primaryimage"},"thumbnailUrl":"https:\/\/centralialaw.com\/wp-content\/uploads\/2021\/12\/RE.jpg","datePublished":"2022-03-15T01:08:02+00:00","dateModified":"2025-05-30T19:42:10+00:00","breadcrumb":{"@id":"https:\/\/centralialaw.com\/es\/inmuebles-y-propiedades\/#breadcrumb"},"inLanguage":"es","potentialAction":[{"@type":"ReadAction","target":["https:\/\/centralialaw.com\/es\/inmuebles-y-propiedades\/"]}]},{"@type":"ImageObject","inLanguage":"es","@id":"https:\/\/centralialaw.com\/es\/inmuebles-y-propiedades\/#primaryimage","url":"https:\/\/centralialaw.com\/wp-content\/uploads\/2021\/12\/RE.jpg","contentUrl":"https:\/\/centralialaw.com\/wp-content\/uploads\/2021\/12\/RE.jpg"},{"@type":"BreadcrumbList","@id":"https:\/\/centralialaw.com\/es\/inmuebles-y-propiedades\/#breadcrumb","itemListElement":[{"@type":"ListItem","position":1,"name":"Inicio","item":"https:\/\/centralialaw.com\/es\/"},{"@type":"ListItem","position":2,"name":"Inmuebles y propiedades"}]},{"@type":"WebSite","@id":"https:\/\/centralialaw.com\/es\/#website","url":"https:\/\/centralialaw.com\/es\/","name":"Centralia Law","description":"Al servicio del estado de Washington desde hace m\u00e1s de 75 a\u00f1os - Althauser Rayan Abbarno ","publisher":{"@id":"https:\/\/centralialaw.com\/es\/#organization"},"potentialAction":[{"@type":"SearchAction","target":{"@type":"EntryPoint","urlTemplate":"https:\/\/centralialaw.com\/es\/?s={search_term_string}"},"query-input":{"@type":"PropertyValueSpecification","valueRequired":true,"valueName":"search_term_string"}}],"inLanguage":"es"},{"@type":"Organization","@id":"https:\/\/centralialaw.com\/es\/#organization","name":"Ley Centralia","url":"https:\/\/centralialaw.com\/es\/","logo":{"@type":"ImageObject","inLanguage":"es","@id":"https:\/\/centralialaw.com\/es\/#\/schema\/logo\/image\/","url":"https:\/\/centralialaw.com\/wp-content\/uploads\/2022\/05\/ARA-Logo.png","contentUrl":"https:\/\/centralialaw.com\/wp-content\/uploads\/2022\/05\/ARA-Logo.png","width":1153,"height":364,"caption":"Ley Centralia"},"image":{"@id":"https:\/\/centralialaw.com\/es\/#\/schema\/logo\/image\/"},"sameAs":["https:\/\/www.facebook.com\/AlthauserRayanAbbarno\/","https:\/\/x.com\/PeterAbbarno"]}]}},"_links":{"self":[{"href":"https:\/\/centralialaw.com\/es\/wp-json\/wp\/v2\/pages\/17861","targetHints":{"allow":["GET"]}}],"collection":[{"href":"https:\/\/centralialaw.com\/es\/wp-json\/wp\/v2\/pages"}],"about":[{"href":"https:\/\/centralialaw.com\/es\/wp-json\/wp\/v2\/types\/page"}],"author":[{"embeddable":true,"href":"https:\/\/centralialaw.com\/es\/wp-json\/wp\/v2\/users\/1"}],"replies":[{"embeddable":true,"href":"https:\/\/centralialaw.com\/es\/wp-json\/wp\/v2\/comments?post=17861"}],"version-history":[{"count":0,"href":"https:\/\/centralialaw.com\/es\/wp-json\/wp\/v2\/pages\/17861\/revisions"}],"wp:attachment":[{"href":"https:\/\/centralialaw.com\/es\/wp-json\/wp\/v2\/media?parent=17861"}],"curies":[{"name":"wp","href":"https:\/\/api.w.org\/{rel}","templated":true}]}}