{"id":17866,"date":"2022-03-14T17:45:27","date_gmt":"2022-03-15T00:45:27","guid":{"rendered":"https:\/\/centralialaw.com\/derecho-de-familia\/"},"modified":"2025-05-30T12:42:11","modified_gmt":"2025-05-30T19:42:11","slug":"derecho-de-familia","status":"publish","type":"page","link":"https:\/\/centralialaw.com\/es\/derecho-de-familia\/","title":{"rendered":"Derecho de familia"},"content":{"rendered":"<p>[et_pb_section fb_built=\u00bb1&#8243; _builder_version=\u00bb4.27.4&#8243; _module_preset=\u00bbdefault\u00bb custom_padding=\u00bb17px|||||\u00bb global_colors_info=\u00bb{}\u00bb hover_enabled=\u00bb0&#8243; sticky_enabled=\u00bb0&#8243;][et_pb_row _builder_version=\u00bb4.16&#8243; _module_preset=\u00bbdefault\u00bb custom_padding=\u00bb||8px|||\u00bb global_colors_info=\u00bb{}\u00bb][et_pb_column type=\u00bb4_4&#8243; _builder_version=\u00bb4.16&#8243; _module_preset=\u00bbdefault\u00bb global_colors_info=\u00bb{}\u00bb][et_pb_text _builder_version=\u00bb4.27.4&#8243; _module_preset=\u00bbdefault\u00bb global_colors_info=\u00bb{}\u00bb hover_enabled=\u00bb0&#8243; sticky_enabled=\u00bb0&#8243;]<\/p>\n<h2 data-start=\"459\" data-end=\"509\" class=\"\">Abogados de Divorcio y Derecho de Familia en Centralia, WA<\/h2>\n<p>[\/et_pb_text][\/et_pb_column][\/et_pb_row][et_pb_row _builder_version=\u00bb4.16&#8243; _module_preset=\u00bbdefault\u00bb custom_padding=\u00bb10px|||||\u00bb global_colors_info=\u00bb{}\u00bb][et_pb_column type=\u00bb4_4&#8243; _builder_version=\u00bb4.16&#8243; _module_preset=\u00bbdefault\u00bb global_colors_info=\u00bb{}\u00bb][et_pb_text _builder_version=\u00bb4.27.4&#8243; _module_preset=\u00bbdefault\u00bb global_colors_info=\u00bb{}\u00bb]<\/p>\n<h3 data-start=\"511\" data-end=\"576\" class=\"\">Abogados expertos en derecho de familia al servicio del suroeste de Washington<\/h3>\n<p data-start=\"578\" data-end=\"913\" class=\"\"><strong data-start=\"578\" data-end=\"605\">Althauser Rayan Abbarno<\/strong> lleva m\u00e1s de 75 a\u00f1os ayudando a las familias de Centralia y de todo el suroeste de Washington. Si est\u00e1s pasando por un <strong data-start=\"727\" data-end=\"738\">divorcio<\/strong>, una disputa <strong data-start=\"740\" data-end=\"757\">por la custodia de los hijos<\/strong> o necesitas ayuda con la <strong data-start=\"785\" data-end=\"802\">manutenci\u00f3n de los hijos<\/strong> o <strong data-start=\"806\" data-end=\"829\">del c\u00f3nyuge<\/strong>, nuestros <strong data-start=\"835\" data-end=\"859\">abogados especializados en derecho de familia<\/strong> est\u00e1n aqu\u00ed para guiarte con compasi\u00f3n y experiencia. <\/p>\n<p data-start=\"915\" data-end=\"1030\" class=\"\">Estamos orgullosos de servir a clientes del <strong data-start=\"943\" data-end=\"959\">condado de Lewis<\/strong>, el <strong data-start=\"961\" data-end=\"980\">condado de Thurston<\/strong>, <strong data-start=\"982\" data-end=\"1000\">el condado de Cowlitz<\/strong> y <strong data-start=\"1006\" data-end=\"1029\">el condado de Grays Harbor<\/strong>.<\/p>\n<hr data-start=\"1032\" data-end=\"1035\" class=\"\">\n<h2 data-start=\"1037\" data-end=\"1069\" class=\"\">\u00bfNecesito un abogado matrimonialista?<\/h2>\n<p data-start=\"1071\" data-end=\"1337\" class=\"\">El divorcio y otros asuntos de derecho de familia pueden ser abrumadores y emocionalmente agotadores. Tanto si te enfrentas a un divorcio contencioso, como a la divisi\u00f3n de bienes o a la negociaci\u00f3n de un plan de paternidad, nuestros abogados especializados en divorcios de Centralia te ofrecen el apoyo y la representaci\u00f3n legal que necesitas. <\/p>\n<hr data-start=\"1339\" data-end=\"1342\" class=\"\">\n<h2 data-start=\"1344\" data-end=\"1370\" class=\"\">Nuestros servicios de Derecho de Familia<\/h2>\n<p data-start=\"1372\" data-end=\"1473\" class=\"\">Proporcionamos una gama completa de <strong data-start=\"1399\" data-end=\"1422\">servicios de derecho de familia<\/strong> antes, durante y despu\u00e9s de tu divorcio, incluyendo:<\/p>\n<ul data-start=\"1475\" data-end=\"1833\">\n<li data-start=\"1475\" data-end=\"1509\" class=\"\">\n<p data-start=\"1477\" data-end=\"1509\" class=\"\"><strong data-start=\"1477\" data-end=\"1509\">Divorcio y separaci\u00f3n legal<\/strong><\/p>\n<\/li>\n<li data-start=\"1510\" data-end=\"1553\" class=\"\">\n<p data-start=\"1512\" data-end=\"1553\" class=\"\"><strong data-start=\"1512\" data-end=\"1529\">Custodia de los hijos<\/strong> y <strong data-start=\"1534\" data-end=\"1553\">planes de paternidad<\/strong><\/p>\n<\/li>\n<li data-start=\"1554\" data-end=\"1595\" class=\"\">\n<p data-start=\"1556\" data-end=\"1595\" class=\"\"><strong data-start=\"1556\" data-end=\"1573\">Pensi\u00f3n alimenticia<\/strong> y <strong data-start=\"1578\" data-end=\"1595\">modificaciones<\/strong><\/p>\n<\/li>\n<li data-start=\"1596\" data-end=\"1627\" class=\"\">\n<p data-start=\"1598\" data-end=\"1627\" class=\"\"><strong data-start=\"1598\" data-end=\"1617\">Manutenci\u00f3n del c\u00f3nyuge<\/strong> \/ pensi\u00f3n alimenticia<\/p>\n<\/li>\n<li data-start=\"1628\" data-end=\"1692\" class=\"\">\n<p data-start=\"1630\" data-end=\"1692\" class=\"\"><strong data-start=\"1630\" data-end=\"1651\">Divisi\u00f3n de bienes<\/strong>, incluidos los gananciales y los privativos<\/p>\n<\/li>\n<li data-start=\"1693\" data-end=\"1734\" class=\"\">\n<p data-start=\"1695\" data-end=\"1734\" class=\"\"><strong data-start=\"1695\" data-end=\"1734\">\u00d3rdenes de protecci\u00f3n contra la violencia dom\u00e9stica<\/strong><\/p>\n<\/li>\n<li data-start=\"1735\" data-end=\"1763\" class=\"\">\n<p data-start=\"1737\" data-end=\"1763\" class=\"\"><strong data-start=\"1737\" data-end=\"1763\">\u00d3rdenes contra el acoso<\/strong><\/p>\n<\/li>\n<li data-start=\"1764\" data-end=\"1792\" class=\"\">\n<p data-start=\"1766\" data-end=\"1792\" class=\"\"><strong data-start=\"1766\" data-end=\"1780\">Reubicaci\u00f3n<\/strong> de ni\u00f1os<\/p>\n<\/li>\n<li data-start=\"1793\" data-end=\"1833\" class=\"\">\n<p data-start=\"1795\" data-end=\"1833\" class=\"\"><strong data-start=\"1795\" data-end=\"1833\">Apoyo educativo postsecundario<\/strong><\/p>\n<\/li>\n<\/ul>\n<hr data-start=\"1835\" data-end=\"1838\" class=\"\">\n<h2 data-start=\"1840\" data-end=\"1872\" class=\"\">\u00bfNecesitas modificar la pensi\u00f3n alimenticia?<\/h2>\n<p data-start=\"1874\" data-end=\"2143\" class=\"\">Si tu situaci\u00f3n econ\u00f3mica ha cambiado, o crees que tu actual orden de pensi\u00f3n alimenticia es inexacta, nuestros abogados pueden ayudarte a presentar una moci\u00f3n para <strong data-start=\"2022\" data-end=\"2046\">modificar la pensi\u00f3n alimenticia<\/strong>. Trabajamos para garantizar que tu obligaci\u00f3n de manutenci\u00f3n sea justa y se ajuste a las directrices del Estado de Washington. <\/p>\n<hr data-start=\"2145\" data-end=\"2148\" class=\"\">\n<h2 data-start=\"2150\" data-end=\"2188\" class=\"\">\u00bfPor qu\u00e9 elegir Althauser Rayan Abbarno?<\/h2>\n<ul data-start=\"2190\" data-end=\"2406\">\n<li data-start=\"2230\" data-end=\"2266\" class=\"\">\n<p data-start=\"2232\" data-end=\"2266\" class=\"\">Oficinas c\u00e9ntricas en <strong data-start=\"2249\" data-end=\"2266\">Centralia, WA<\/strong><\/p>\n<\/li>\n<li data-start=\"2267\" data-end=\"2304\" class=\"\">\n<p data-start=\"2269\" data-end=\"2304\" class=\"\">Servicio receptivo y personalizado<\/p>\n<\/li>\n<li data-start=\"2305\" data-end=\"2354\" class=\"\">\n<p data-start=\"2307\" data-end=\"2354\" class=\"\">De confianza en las comunidades <strong data-start=\"2318\" data-end=\"2342\">del suroeste de Washington<\/strong> <\/p>\n<\/li>\n<li data-start=\"2355\" data-end=\"2406\" class=\"\">\n<p data-start=\"2357\" data-end=\"2406\" class=\"\">H\u00e1bil en litigios, negociaci\u00f3n y mediaci\u00f3n<\/p>\n<\/li>\n<\/ul>\n<hr data-start=\"2408\" data-end=\"2411\" class=\"\">\n<h2 data-start=\"2413\" data-end=\"2445\" class=\"\">Programa hoy una consulta<\/h2>\n<p data-start=\"2447\" data-end=\"2668\" class=\"\">Si necesitas un <strong data-start=\"2474\" data-end=\"2510\">abogado<\/strong> experto <strong data-start=\"2474\" data-end=\"2510\">en derecho de familia en Centralia<\/strong>, llama hoy mismo a <strong data-start=\"2517\" data-end=\"2544\">Althauser Rayan Abbarno<\/strong> al <strong data-start=\"2554\" data-end=\"2570\">tel\u00e9fono 360-736-1301<\/strong> o rellena nuestro formulario de contacto online. Estamos aqu\u00ed para ayudarte a proteger tus derechos y a tu familia. <\/p>\n<p>[\/et_pb_text][\/et_pb_column][\/et_pb_row][\/et_pb_section]<\/p>\n","protected":false},"excerpt":{"rendered":"<p>Abogados de Divorcio y Derecho de Familia en Centralia, WAAbogados expertos en derecho de familia al servicio del suroeste de Washington Althauser Rayan Abbarno lleva m\u00e1s de 75 a\u00f1os ayudando a las familias de Centralia y de todo el suroeste de Washington. Si est\u00e1s pasando por un divorcio, una disputa por la custodia de los [&hellip;]<\/p>\n","protected":false},"author":1,"featured_media":0,"parent":0,"menu_order":0,"comment_status":"closed","ping_status":"closed","template":"","meta":{"_et_pb_use_builder":"on","_et_pb_old_content":"","_et_gb_content_width":"","footnotes":""},"class_list":["post-17866","page","type-page","status-publish","hentry"],"yoast_head":"<!-- This site is optimized with the Yoast SEO plugin v27.5 - https:\/\/yoast.com\/product\/yoast-seo-wordpress\/ -->\n<title>Derecho de familia - Ley Centralia<\/title>\n<meta name=\"robots\" content=\"index, follow, max-snippet:-1, max-image-preview:large, max-video-preview:-1\" \/>\n<link rel=\"canonical\" href=\"https:\/\/centralialaw.com\/es\/derecho-de-familia\/\" \/>\n<meta property=\"og:locale\" content=\"es_ES\" \/>\n<meta property=\"og:type\" content=\"article\" \/>\n<meta property=\"og:title\" content=\"Derecho de familia - Ley Centralia\" \/>\n<meta property=\"og:description\" content=\"Abogados de Divorcio y Derecho de Familia en Centralia, WAAbogados expertos en derecho de familia al servicio del suroeste de Washington Althauser Rayan Abbarno lleva m\u00e1s de 75 a\u00f1os ayudando a las familias de Centralia y de todo el suroeste de Washington. Si est\u00e1s pasando por un divorcio, una disputa por la custodia de los [&hellip;]\" \/>\n<meta property=\"og:url\" content=\"https:\/\/centralialaw.com\/es\/derecho-de-familia\/\" \/>\n<meta property=\"og:site_name\" content=\"Ley Centralia\" \/>\n<meta property=\"article:publisher\" content=\"https:\/\/www.facebook.com\/AlthauserRayanAbbarno\/\" \/>\n<meta property=\"article:modified_time\" content=\"2025-05-30T19:42:11+00:00\" \/>\n<meta name=\"twitter:card\" content=\"summary_large_image\" \/>\n<meta name=\"twitter:site\" content=\"@PeterAbbarno\" \/>\n<meta name=\"twitter:label1\" content=\"Est. reading time\" \/>\n\t<meta name=\"twitter:data1\" content=\"3 minutos\" \/>\n<script type=\"application\/ld+json\" class=\"yoast-schema-graph\">{\"@context\":\"https:\\\/\\\/schema.org\",\"@graph\":[{\"@type\":\"WebPage\",\"@id\":\"https:\\\/\\\/centralialaw.com\\\/es\\\/derecho-de-familia\\\/\",\"url\":\"https:\\\/\\\/centralialaw.com\\\/es\\\/derecho-de-familia\\\/\",\"name\":\"Derecho de familia - Ley Centralia\",\"isPartOf\":{\"@id\":\"https:\\\/\\\/centralialaw.com\\\/es\\\/#website\"},\"datePublished\":\"2022-03-15T00:45:27+00:00\",\"dateModified\":\"2025-05-30T19:42:11+00:00\",\"breadcrumb\":{\"@id\":\"https:\\\/\\\/centralialaw.com\\\/es\\\/derecho-de-familia\\\/#breadcrumb\"},\"inLanguage\":\"es\",\"potentialAction\":[{\"@type\":\"ReadAction\",\"target\":[\"https:\\\/\\\/centralialaw.com\\\/es\\\/derecho-de-familia\\\/\"]}]},{\"@type\":\"BreadcrumbList\",\"@id\":\"https:\\\/\\\/centralialaw.com\\\/es\\\/derecho-de-familia\\\/#breadcrumb\",\"itemListElement\":[{\"@type\":\"ListItem\",\"position\":1,\"name\":\"Inicio\",\"item\":\"https:\\\/\\\/centralialaw.com\\\/es\\\/\"},{\"@type\":\"ListItem\",\"position\":2,\"name\":\"Derecho de familia\"}]},{\"@type\":\"WebSite\",\"@id\":\"https:\\\/\\\/centralialaw.com\\\/es\\\/#website\",\"url\":\"https:\\\/\\\/centralialaw.com\\\/es\\\/\",\"name\":\"Centralia Law\",\"description\":\"Al servicio del estado de Washington desde hace m\u00e1s de 75 a\u00f1os - Althauser Rayan Abbarno \",\"publisher\":{\"@id\":\"https:\\\/\\\/centralialaw.com\\\/es\\\/#organization\"},\"potentialAction\":[{\"@type\":\"SearchAction\",\"target\":{\"@type\":\"EntryPoint\",\"urlTemplate\":\"https:\\\/\\\/centralialaw.com\\\/es\\\/?s={search_term_string}\"},\"query-input\":{\"@type\":\"PropertyValueSpecification\",\"valueRequired\":true,\"valueName\":\"search_term_string\"}}],\"inLanguage\":\"es\"},{\"@type\":\"Organization\",\"@id\":\"https:\\\/\\\/centralialaw.com\\\/es\\\/#organization\",\"name\":\"Ley Centralia\",\"url\":\"https:\\\/\\\/centralialaw.com\\\/es\\\/\",\"logo\":{\"@type\":\"ImageObject\",\"inLanguage\":\"es\",\"@id\":\"https:\\\/\\\/centralialaw.com\\\/es\\\/#\\\/schema\\\/logo\\\/image\\\/\",\"url\":\"https:\\\/\\\/centralialaw.com\\\/wp-content\\\/uploads\\\/2022\\\/05\\\/ARA-Logo.png\",\"contentUrl\":\"https:\\\/\\\/centralialaw.com\\\/wp-content\\\/uploads\\\/2022\\\/05\\\/ARA-Logo.png\",\"width\":1153,\"height\":364,\"caption\":\"Ley Centralia\"},\"image\":{\"@id\":\"https:\\\/\\\/centralialaw.com\\\/es\\\/#\\\/schema\\\/logo\\\/image\\\/\"},\"sameAs\":[\"https:\\\/\\\/www.facebook.com\\\/AlthauserRayanAbbarno\\\/\",\"https:\\\/\\\/x.com\\\/PeterAbbarno\"]}]}<\/script>\n<!-- \/ Yoast SEO plugin. -->","yoast_head_json":{"title":"Derecho de familia - Ley Centralia","robots":{"index":"index","follow":"follow","max-snippet":"max-snippet:-1","max-image-preview":"max-image-preview:large","max-video-preview":"max-video-preview:-1"},"canonical":"https:\/\/centralialaw.com\/es\/derecho-de-familia\/","og_locale":"es_ES","og_type":"article","og_title":"Derecho de familia - Ley Centralia","og_description":"Abogados de Divorcio y Derecho de Familia en Centralia, WAAbogados expertos en derecho de familia al servicio del suroeste de Washington Althauser Rayan Abbarno lleva m\u00e1s de 75 a\u00f1os ayudando a las familias de Centralia y de todo el suroeste de Washington. Si est\u00e1s pasando por un divorcio, una disputa por la custodia de los [&hellip;]","og_url":"https:\/\/centralialaw.com\/es\/derecho-de-familia\/","og_site_name":"Ley Centralia","article_publisher":"https:\/\/www.facebook.com\/AlthauserRayanAbbarno\/","article_modified_time":"2025-05-30T19:42:11+00:00","twitter_card":"summary_large_image","twitter_site":"@PeterAbbarno","twitter_misc":{"Est. reading time":"3 minutos"},"schema":{"@context":"https:\/\/schema.org","@graph":[{"@type":"WebPage","@id":"https:\/\/centralialaw.com\/es\/derecho-de-familia\/","url":"https:\/\/centralialaw.com\/es\/derecho-de-familia\/","name":"Derecho de familia - Ley Centralia","isPartOf":{"@id":"https:\/\/centralialaw.com\/es\/#website"},"datePublished":"2022-03-15T00:45:27+00:00","dateModified":"2025-05-30T19:42:11+00:00","breadcrumb":{"@id":"https:\/\/centralialaw.com\/es\/derecho-de-familia\/#breadcrumb"},"inLanguage":"es","potentialAction":[{"@type":"ReadAction","target":["https:\/\/centralialaw.com\/es\/derecho-de-familia\/"]}]},{"@type":"BreadcrumbList","@id":"https:\/\/centralialaw.com\/es\/derecho-de-familia\/#breadcrumb","itemListElement":[{"@type":"ListItem","position":1,"name":"Inicio","item":"https:\/\/centralialaw.com\/es\/"},{"@type":"ListItem","position":2,"name":"Derecho de familia"}]},{"@type":"WebSite","@id":"https:\/\/centralialaw.com\/es\/#website","url":"https:\/\/centralialaw.com\/es\/","name":"Centralia Law","description":"Al servicio del estado de Washington desde hace m\u00e1s de 75 a\u00f1os - Althauser Rayan Abbarno ","publisher":{"@id":"https:\/\/centralialaw.com\/es\/#organization"},"potentialAction":[{"@type":"SearchAction","target":{"@type":"EntryPoint","urlTemplate":"https:\/\/centralialaw.com\/es\/?s={search_term_string}"},"query-input":{"@type":"PropertyValueSpecification","valueRequired":true,"valueName":"search_term_string"}}],"inLanguage":"es"},{"@type":"Organization","@id":"https:\/\/centralialaw.com\/es\/#organization","name":"Ley Centralia","url":"https:\/\/centralialaw.com\/es\/","logo":{"@type":"ImageObject","inLanguage":"es","@id":"https:\/\/centralialaw.com\/es\/#\/schema\/logo\/image\/","url":"https:\/\/centralialaw.com\/wp-content\/uploads\/2022\/05\/ARA-Logo.png","contentUrl":"https:\/\/centralialaw.com\/wp-content\/uploads\/2022\/05\/ARA-Logo.png","width":1153,"height":364,"caption":"Ley Centralia"},"image":{"@id":"https:\/\/centralialaw.com\/es\/#\/schema\/logo\/image\/"},"sameAs":["https:\/\/www.facebook.com\/AlthauserRayanAbbarno\/","https:\/\/x.com\/PeterAbbarno"]}]}},"_links":{"self":[{"href":"https:\/\/centralialaw.com\/es\/wp-json\/wp\/v2\/pages\/17866","targetHints":{"allow":["GET"]}}],"collection":[{"href":"https:\/\/centralialaw.com\/es\/wp-json\/wp\/v2\/pages"}],"about":[{"href":"https:\/\/centralialaw.com\/es\/wp-json\/wp\/v2\/types\/page"}],"author":[{"embeddable":true,"href":"https:\/\/centralialaw.com\/es\/wp-json\/wp\/v2\/users\/1"}],"replies":[{"embeddable":true,"href":"https:\/\/centralialaw.com\/es\/wp-json\/wp\/v2\/comments?post=17866"}],"version-history":[{"count":0,"href":"https:\/\/centralialaw.com\/es\/wp-json\/wp\/v2\/pages\/17866\/revisions"}],"wp:attachment":[{"href":"https:\/\/centralialaw.com\/es\/wp-json\/wp\/v2\/media?parent=17866"}],"curies":[{"name":"wp","href":"https:\/\/api.w.org\/{rel}","templated":true}]}}