{"id":17868,"date":"2022-03-14T17:54:40","date_gmt":"2022-03-15T00:54:40","guid":{"rendered":"https:\/\/centralialaw.com\/lesiones-personales\/"},"modified":"2025-05-30T12:42:12","modified_gmt":"2025-05-30T19:42:12","slug":"lesiones-personales","status":"publish","type":"page","link":"https:\/\/centralialaw.com\/es\/lesiones-personales\/","title":{"rendered":"Lesiones personales"},"content":{"rendered":"<p>[et_pb_section fb_built=\u00bb1&#8243; _builder_version=\u00bb4.16&#8243; _module_preset=\u00bbdefault\u00bb custom_padding=\u00bb17px|||||\u00bb global_colors_info=\u00bb{}\u00bb][et_pb_row _builder_version=\u00bb4.27.4&#8243; _module_preset=\u00bbdefault\u00bb][et_pb_column _builder_version=\u00bb4.27.4&#8243; _module_preset=\u00bbdefault\u00bb type=\u00bb4_4&#8243;][et_pb_text _builder_version=\u00bb4.27.4&#8243; _module_preset=\u00bbdefault\u00bb hover_enabled=\u00bb0&#8243; sticky_enabled=\u00bb0&#8243;]<\/p>\n<h1 data-start=\"180\" data-end=\"253\" class=\"\"><strong data-start=\"182\" data-end=\"251\">Abogados de lesiones personales, accidentes de tr\u00e1fico y homicidio culposo cerca de ti<\/strong><\/h1>\n<h3 data-start=\"254\" data-end=\"324\" class=\"\">Al servicio de Centralia, Chehalis y comunidades de todo Washington<\/h3>\n<p data-start=\"326\" data-end=\"581\" class=\"\"><strong data-start=\"326\" data-end=\"358\">Althauser Rayan Abbarno, LLP<\/strong> lleva luchando por los derechos de las v\u00edctimas de lesiones desde 1946. Si has sufrido lesiones en un accidente de tr\u00e1fico o por negligencia de otra persona, nuestro experimentado equipo jur\u00eddico est\u00e1 preparado para ayudarte a obtener la indemnizaci\u00f3n que mereces. <\/p>\n<h3 data-start=\"583\" data-end=\"637\" class=\"\">\ud83c\udfc6 Sin recuperaci\u00f3n, sin honorarios &#8211; \u00a1S\u00f3lo pagas si ganamos!<\/h3>\n<p data-start=\"638\" data-end=\"759\" class=\"\">Creemos que todo el mundo merece tener acceso a la justicia. Por eso ofrecemos <strong data-start=\"706\" data-end=\"728\">consultas GRATUITAS<\/strong> y s\u00f3lo cobramos cuando t\u00fa lo haces. <\/p>\n<p data-start=\"761\" data-end=\"925\" class=\"\">\ud83d\udccd <strong data-start=\"764\" data-end=\"797\">Visita nuestra oficina en Centralia<\/strong> o llama <strong data-start=\"806\" data-end=\"822\">al 360-736-1301<\/strong> para programar la evaluaci\u00f3n gratuita de tu caso. Tambi\u00e9n puedes rellenar nuestro <a data-start=\"895\" data-end=\"924\" class=\"cursor-pointer\" rel=\"noopener\">formulario seguro de consulta en l\u00ednea<\/a>. <\/p>\n<hr data-start=\"927\" data-end=\"930\" class=\"\">\n<h2 data-start=\"932\" data-end=\"994\" class=\"\"><strong data-start=\"935\" data-end=\"994\">Abogados expertos en lesiones personales que luchan por ti<\/strong><\/h2>\n<p data-start=\"996\" data-end=\"1023\" class=\"\">Tanto si te has lesionado en un:<\/p>\n<ul data-start=\"1025\" data-end=\"1229\">\n<li data-start=\"1025\" data-end=\"1055\" class=\"\">\n<p data-start=\"1027\" data-end=\"1055\" class=\"\">Accidente de coche o moto<\/p>\n<\/li>\n<li data-start=\"1056\" data-end=\"1078\" class=\"\">\n<p data-start=\"1058\" data-end=\"1078\" class=\"\">Colisi\u00f3n de camiones<\/p>\n<\/li>\n<li data-start=\"1079\" data-end=\"1110\" class=\"\">\n<p data-start=\"1081\" data-end=\"1110\" class=\"\">Accidente de peat\u00f3n o ciclista<\/p>\n<\/li>\n<li data-start=\"1111\" data-end=\"1137\" class=\"\">\n<p data-start=\"1113\" data-end=\"1137\" class=\"\">Incidente por resbal\u00f3n y ca\u00edda<\/p>\n<\/li>\n<li data-start=\"1138\" data-end=\"1157\" class=\"\">\n<p data-start=\"1140\" data-end=\"1157\" class=\"\">Ataque por mordedura de perro<\/p>\n<\/li>\n<li data-start=\"1158\" data-end=\"1180\" class=\"\">\n<p data-start=\"1160\" data-end=\"1180\" class=\"\">Accidente laboral<\/p>\n<\/li>\n<li data-start=\"1181\" data-end=\"1229\" class=\"\">\n<p data-start=\"1183\" data-end=\"1229\" class=\"\">O has perdido a un ser querido en un caso de muerte por negligencia<\/p>\n<\/li>\n<\/ul>\n<p data-start=\"1231\" data-end=\"1317\" class=\"\">-nuestro<strong data-start=\"1232\" data-end=\"1317\">equipo jur\u00eddico est\u00e1 aqu\u00ed para proteger tus derechos y luchar por la m\u00e1xima indemnizaci\u00f3n.<\/strong><\/p>\n<p data-start=\"1319\" data-end=\"1503\" class=\"\">Con d\u00e9cadas de experiencia en los tribunales y negociaciones exitosas, llevamos casos que van desde <strong data-start=\"1425\" data-end=\"1469\">lesiones catastr\u00f3ficas y homicidio culposo<\/strong> hasta <strong data-start=\"1473\" data-end=\"1503\">colisiones automovil\u00edsticas de bajo impacto.<\/strong><\/p>\n<hr data-start=\"1505\" data-end=\"1508\" class=\"\">\n<h2 data-start=\"1510\" data-end=\"1558\" class=\"\"><strong data-start=\"1513\" data-end=\"1558\">Por qu\u00e9 los clientes conf\u00edan en Althauser Rayan Abbarno<\/strong><\/h2>\n<p data-start=\"1560\" data-end=\"1774\" class=\"\">\u2705 <strong data-start=\"1562\" data-end=\"1591\">Resultados probados desde 1946<\/strong><br data-start=\"1591\" data-end=\"1594\">\u2705 <strong data-start=\"1596\" data-end=\"1624\">Equipo legal galardonado<\/strong><br data-start=\"1624\" data-end=\"1627\">\u2705 <strong data-start=\"1629\" data-end=\"1697\">Votado Mejor Servicio al Cliente y Mejor Lugar para Trabajar en el Condado de Lewis<\/strong><br data-start=\"1697\" data-end=\"1700\">\u2705 <strong data-start=\"1702\" data-end=\"1774\">Ganadores del Premio \u201cLa Elecci\u00f3n de los Oyentes\u201d para Abogados de Lesiones &#8211; 2023 y 2024<\/strong><\/p>\n<p data-start=\"1776\" data-end=\"1944\" class=\"\">Nuestra reputaci\u00f3n se basa en los resultados y la satisfacci\u00f3n del cliente. Cuando nos contratas, est\u00e1s contratando a un equipo jur\u00eddico respetado en los tribunales y en el que conf\u00eda la comunidad. <\/p>\n<hr data-start=\"1946\" data-end=\"1949\" class=\"\">\n<h2 data-start=\"1951\" data-end=\"1989\" class=\"\"><strong data-start=\"1954\" data-end=\"1989\">Tipos de casos de lesiones que llevamos<\/strong><\/h2>\n<p data-start=\"1991\" data-end=\"2069\" class=\"\">Estamos orgullosos de representar a clientes lesionados en todo Washington en casos relacionados con:<\/p>\n<ul data-start=\"2071\" data-end=\"2287\">\n<li data-start=\"2071\" data-end=\"2113\" class=\"\">\n<p data-start=\"2073\" data-end=\"2113\" class=\"\">Colisiones por conducci\u00f3n distra\u00edda o bajo los efectos del alcohol<\/p>\n<\/li>\n<li data-start=\"2114\" data-end=\"2148\" class=\"\">\n<p data-start=\"2116\" data-end=\"2148\" class=\"\">Accidentes de moto y bicicleta<\/p>\n<\/li>\n<li data-start=\"2149\" data-end=\"2172\" class=\"\">\n<p data-start=\"2151\" data-end=\"2172\" class=\"\">Lesiones de peatones<\/p>\n<\/li>\n<li data-start=\"2173\" data-end=\"2200\" class=\"\">\n<p data-start=\"2175\" data-end=\"2200\" class=\"\">Accidentes por resbalones y ca\u00eddas<\/p>\n<\/li>\n<li data-start=\"2201\" data-end=\"2214\" class=\"\">\n<p data-start=\"2203\" data-end=\"2214\" class=\"\">Mordeduras de perro<\/p>\n<\/li>\n<li data-start=\"2215\" data-end=\"2263\" class=\"\">\n<p data-start=\"2217\" data-end=\"2263\" class=\"\">Lesiones y accidentes laborales<\/p>\n<\/li>\n<li data-start=\"2264\" data-end=\"2287\" class=\"\">\n<p data-start=\"2266\" data-end=\"2287\" class=\"\">Reclamaciones por homicidio culposo<\/p>\n<\/li>\n<\/ul>\n<p data-start=\"2289\" data-end=\"2418\" class=\"\">Cada caso se prepara con el objetivo de <strong data-start=\"2328\" data-end=\"2357\">maximizar tu recuperaci\u00f3n.<\/strong> Deja que asumamos la carga legal para que puedas centrarte en curarte.<\/p>\n<hr data-start=\"2420\" data-end=\"2423\" class=\"\">\n<h2 data-start=\"2425\" data-end=\"2470\" class=\"\"><strong data-start=\"2428\" data-end=\"2468\">Empieza hoy mismo con una consulta GRATUITA<\/strong><\/h2>\n<p data-start=\"2471\" data-end=\"2611\" class=\"\">Si t\u00fa o un ser querido hab\u00e9is sufrido lesiones, no esperes. Ponte en contacto con Althauser Rayan Abbarno ahora para conocer tus derechos y explorar tus opciones legales. <\/p>\n<p data-start=\"2613\" data-end=\"2735\" class=\"\">\ud83d\udcde <strong data-start=\"2616\" data-end=\"2643\">Ll\u00e1manos al 360-736-1301<\/strong><br data-start=\"2643\" data-end=\"2646\">\ud83d\udccd <strong data-start=\"2649\" data-end=\"2679\">Visita nuestra oficina de Centralia en 114 West Magnolia, Centralia, WA 98531<\/strong><br data-start=\"2679\" data-end=\"2682\">\ud83d\udda5\ufe0f <strong data-start=\"2686\" data-end=\"2735\">O rellena nuestro <a data-start=\"2704\" data-end=\"2733\" class=\"cursor-pointer\" rel=\"noopener\">formulario de consulta en l\u00ednea<\/a><\/strong><\/p>\n<p data-start=\"2737\" data-end=\"2817\" class=\"\">Deja que te mostremos por qu\u00e9 tantos miembros de nuestra comunidad conf\u00edan en Althauser Rayan Abbarno, LLP.<\/p>\n<p>[\/et_pb_text][\/et_pb_column][\/et_pb_row][\/et_pb_section]<\/p>\n","protected":false},"excerpt":{"rendered":"<p>Abogados de lesiones personales, accidentes de tr\u00e1fico y homicidio culposo cerca de ti Al servicio de Centralia, Chehalis y comunidades de todo Washington Althauser Rayan Abbarno, LLP lleva luchando por los derechos de las v\u00edctimas de lesiones desde 1946. Si has sufrido lesiones en un accidente de tr\u00e1fico o por negligencia de otra persona, nuestro [&hellip;]<\/p>\n","protected":false},"author":2,"featured_media":17453,"parent":0,"menu_order":0,"comment_status":"closed","ping_status":"closed","template":"","meta":{"_et_pb_use_builder":"on","_et_pb_old_content":"","_et_gb_content_width":"","footnotes":""},"class_list":["post-17868","page","type-page","status-publish","has-post-thumbnail","hentry"],"yoast_head":"<!-- This site is optimized with the Yoast SEO plugin v27.4 - https:\/\/yoast.com\/product\/yoast-seo-wordpress\/ -->\n<title>Lesiones personales - Ley Centralia<\/title>\n<meta name=\"description\" content=\"Los abogados de Althauser Rayan Abbarno luchan por todos tus derechos y prestaciones tras sufrir lesiones. \u00bfAccidente de tr\u00e1fico? \u00a1No cobramos si no te recuperas!\" \/>\n<meta name=\"robots\" content=\"index, follow, max-snippet:-1, max-image-preview:large, max-video-preview:-1\" \/>\n<link rel=\"canonical\" href=\"https:\/\/centralialaw.com\/es\/lesiones-personales\/\" \/>\n<meta property=\"og:locale\" content=\"es_ES\" \/>\n<meta property=\"og:type\" content=\"article\" \/>\n<meta property=\"og:title\" content=\"Tus abogados de lesiones personales en Washington\" \/>\n<meta property=\"og:description\" content=\"Los abogados de Althauser Rayan Abbarno luchan por todos tus derechos y prestaciones tras sufrir lesiones. \u00bfAccidente de tr\u00e1fico? \u00a1No cobramos si no te recuperas!\" \/>\n<meta property=\"og:url\" content=\"https:\/\/centralialaw.com\/es\/lesiones-personales\/\" \/>\n<meta property=\"og:site_name\" content=\"Ley Centralia\" \/>\n<meta property=\"article:publisher\" content=\"https:\/\/www.facebook.com\/AlthauserRayanAbbarno\/\" \/>\n<meta property=\"article:modified_time\" content=\"2025-05-30T19:42:12+00:00\" \/>\n<meta property=\"og:image\" content=\"https:\/\/centralialaw.com\/wp-content\/uploads\/2024\/06\/521A2771.jpg\" \/>\n<meta name=\"twitter:card\" content=\"summary_large_image\" \/>\n<meta name=\"twitter:title\" content=\"Tus abogados de lesiones personales en Washington\" \/>\n<meta name=\"twitter:description\" content=\"Los abogados de Althauser Rayan Abbarno luchan por todos tus derechos y prestaciones tras sufrir lesiones. \u00bfAccidente de tr\u00e1fico? \u00a1No cobramos si no te recuperas!\" \/>\n<meta name=\"twitter:image\" content=\"https:\/\/centralialaw.com\/wp-content\/uploads\/2024\/06\/521A2771.jpg\" \/>\n<meta name=\"twitter:site\" content=\"@PeterAbbarno\" \/>\n<meta name=\"twitter:label1\" content=\"Est. reading time\" \/>\n\t<meta name=\"twitter:data1\" content=\"3 minutos\" \/>\n<script type=\"application\/ld+json\" class=\"yoast-schema-graph\">{\"@context\":\"https:\\\/\\\/schema.org\",\"@graph\":[{\"@type\":\"WebPage\",\"@id\":\"https:\\\/\\\/centralialaw.com\\\/es\\\/lesiones-personales\\\/\",\"url\":\"https:\\\/\\\/centralialaw.com\\\/es\\\/lesiones-personales\\\/\",\"name\":\"Lesiones personales - Ley Centralia\",\"isPartOf\":{\"@id\":\"https:\\\/\\\/centralialaw.com\\\/es\\\/#website\"},\"primaryImageOfPage\":{\"@id\":\"https:\\\/\\\/centralialaw.com\\\/es\\\/lesiones-personales\\\/#primaryimage\"},\"image\":{\"@id\":\"https:\\\/\\\/centralialaw.com\\\/es\\\/lesiones-personales\\\/#primaryimage\"},\"thumbnailUrl\":\"https:\\\/\\\/centralialaw.com\\\/wp-content\\\/uploads\\\/2024\\\/06\\\/521A2771.jpg\",\"datePublished\":\"2022-03-15T00:54:40+00:00\",\"dateModified\":\"2025-05-30T19:42:12+00:00\",\"description\":\"Los abogados de Althauser Rayan Abbarno luchan por todos tus derechos y prestaciones tras sufrir lesiones. \u00bfAccidente de tr\u00e1fico? \u00a1No cobramos si no te recuperas!\",\"breadcrumb\":{\"@id\":\"https:\\\/\\\/centralialaw.com\\\/es\\\/lesiones-personales\\\/#breadcrumb\"},\"inLanguage\":\"es\",\"potentialAction\":[{\"@type\":\"ReadAction\",\"target\":[\"https:\\\/\\\/centralialaw.com\\\/es\\\/lesiones-personales\\\/\"]}]},{\"@type\":\"ImageObject\",\"inLanguage\":\"es\",\"@id\":\"https:\\\/\\\/centralialaw.com\\\/es\\\/lesiones-personales\\\/#primaryimage\",\"url\":\"https:\\\/\\\/centralialaw.com\\\/wp-content\\\/uploads\\\/2024\\\/06\\\/521A2771.jpg\",\"contentUrl\":\"https:\\\/\\\/centralialaw.com\\\/wp-content\\\/uploads\\\/2024\\\/06\\\/521A2771.jpg\",\"width\":1024,\"height\":683,\"caption\":\"Our attorneys and staff with Althauser Rayan Abbarno have been fighting for your rights and benefits since 1946.\"},{\"@type\":\"BreadcrumbList\",\"@id\":\"https:\\\/\\\/centralialaw.com\\\/es\\\/lesiones-personales\\\/#breadcrumb\",\"itemListElement\":[{\"@type\":\"ListItem\",\"position\":1,\"name\":\"Inicio\",\"item\":\"https:\\\/\\\/centralialaw.com\\\/es\\\/\"},{\"@type\":\"ListItem\",\"position\":2,\"name\":\"Lesiones personales\"}]},{\"@type\":\"WebSite\",\"@id\":\"https:\\\/\\\/centralialaw.com\\\/es\\\/#website\",\"url\":\"https:\\\/\\\/centralialaw.com\\\/es\\\/\",\"name\":\"Centralia Law\",\"description\":\"Al servicio del estado de Washington desde hace m\u00e1s de 75 a\u00f1os - Althauser Rayan Abbarno \",\"publisher\":{\"@id\":\"https:\\\/\\\/centralialaw.com\\\/es\\\/#organization\"},\"potentialAction\":[{\"@type\":\"SearchAction\",\"target\":{\"@type\":\"EntryPoint\",\"urlTemplate\":\"https:\\\/\\\/centralialaw.com\\\/es\\\/?s={search_term_string}\"},\"query-input\":{\"@type\":\"PropertyValueSpecification\",\"valueRequired\":true,\"valueName\":\"search_term_string\"}}],\"inLanguage\":\"es\"},{\"@type\":\"Organization\",\"@id\":\"https:\\\/\\\/centralialaw.com\\\/es\\\/#organization\",\"name\":\"Ley Centralia\",\"url\":\"https:\\\/\\\/centralialaw.com\\\/es\\\/\",\"logo\":{\"@type\":\"ImageObject\",\"inLanguage\":\"es\",\"@id\":\"https:\\\/\\\/centralialaw.com\\\/es\\\/#\\\/schema\\\/logo\\\/image\\\/\",\"url\":\"https:\\\/\\\/centralialaw.com\\\/wp-content\\\/uploads\\\/2022\\\/05\\\/ARA-Logo.png\",\"contentUrl\":\"https:\\\/\\\/centralialaw.com\\\/wp-content\\\/uploads\\\/2022\\\/05\\\/ARA-Logo.png\",\"width\":1153,\"height\":364,\"caption\":\"Ley Centralia\"},\"image\":{\"@id\":\"https:\\\/\\\/centralialaw.com\\\/es\\\/#\\\/schema\\\/logo\\\/image\\\/\"},\"sameAs\":[\"https:\\\/\\\/www.facebook.com\\\/AlthauserRayanAbbarno\\\/\",\"https:\\\/\\\/x.com\\\/PeterAbbarno\"]}]}<\/script>\n<!-- \/ Yoast SEO plugin. -->","yoast_head_json":{"title":"Lesiones personales - Ley Centralia","description":"Los abogados de Althauser Rayan Abbarno luchan por todos tus derechos y prestaciones tras sufrir lesiones. \u00bfAccidente de tr\u00e1fico? \u00a1No cobramos si no te recuperas!","robots":{"index":"index","follow":"follow","max-snippet":"max-snippet:-1","max-image-preview":"max-image-preview:large","max-video-preview":"max-video-preview:-1"},"canonical":"https:\/\/centralialaw.com\/es\/lesiones-personales\/","og_locale":"es_ES","og_type":"article","og_title":"Tus abogados de lesiones personales en Washington","og_description":"Los abogados de Althauser Rayan Abbarno luchan por todos tus derechos y prestaciones tras sufrir lesiones. \u00bfAccidente de tr\u00e1fico? \u00a1No cobramos si no te recuperas!","og_url":"https:\/\/centralialaw.com\/es\/lesiones-personales\/","og_site_name":"Ley Centralia","article_publisher":"https:\/\/www.facebook.com\/AlthauserRayanAbbarno\/","article_modified_time":"2025-05-30T19:42:12+00:00","og_image":[{"url":"https:\/\/centralialaw.com\/wp-content\/uploads\/2024\/06\/521A2771.jpg","type":"","width":"","height":""}],"twitter_card":"summary_large_image","twitter_title":"Tus abogados de lesiones personales en Washington","twitter_description":"Los abogados de Althauser Rayan Abbarno luchan por todos tus derechos y prestaciones tras sufrir lesiones. \u00bfAccidente de tr\u00e1fico? \u00a1No cobramos si no te recuperas!","twitter_image":"https:\/\/centralialaw.com\/wp-content\/uploads\/2024\/06\/521A2771.jpg","twitter_site":"@PeterAbbarno","twitter_misc":{"Est. reading time":"3 minutos"},"schema":{"@context":"https:\/\/schema.org","@graph":[{"@type":"WebPage","@id":"https:\/\/centralialaw.com\/es\/lesiones-personales\/","url":"https:\/\/centralialaw.com\/es\/lesiones-personales\/","name":"Lesiones personales - Ley Centralia","isPartOf":{"@id":"https:\/\/centralialaw.com\/es\/#website"},"primaryImageOfPage":{"@id":"https:\/\/centralialaw.com\/es\/lesiones-personales\/#primaryimage"},"image":{"@id":"https:\/\/centralialaw.com\/es\/lesiones-personales\/#primaryimage"},"thumbnailUrl":"https:\/\/centralialaw.com\/wp-content\/uploads\/2024\/06\/521A2771.jpg","datePublished":"2022-03-15T00:54:40+00:00","dateModified":"2025-05-30T19:42:12+00:00","description":"Los abogados de Althauser Rayan Abbarno luchan por todos tus derechos y prestaciones tras sufrir lesiones. \u00bfAccidente de tr\u00e1fico? \u00a1No cobramos si no te recuperas!","breadcrumb":{"@id":"https:\/\/centralialaw.com\/es\/lesiones-personales\/#breadcrumb"},"inLanguage":"es","potentialAction":[{"@type":"ReadAction","target":["https:\/\/centralialaw.com\/es\/lesiones-personales\/"]}]},{"@type":"ImageObject","inLanguage":"es","@id":"https:\/\/centralialaw.com\/es\/lesiones-personales\/#primaryimage","url":"https:\/\/centralialaw.com\/wp-content\/uploads\/2024\/06\/521A2771.jpg","contentUrl":"https:\/\/centralialaw.com\/wp-content\/uploads\/2024\/06\/521A2771.jpg","width":1024,"height":683,"caption":"Our attorneys and staff with Althauser Rayan Abbarno have been fighting for your rights and benefits since 1946."},{"@type":"BreadcrumbList","@id":"https:\/\/centralialaw.com\/es\/lesiones-personales\/#breadcrumb","itemListElement":[{"@type":"ListItem","position":1,"name":"Inicio","item":"https:\/\/centralialaw.com\/es\/"},{"@type":"ListItem","position":2,"name":"Lesiones personales"}]},{"@type":"WebSite","@id":"https:\/\/centralialaw.com\/es\/#website","url":"https:\/\/centralialaw.com\/es\/","name":"Centralia Law","description":"Al servicio del estado de Washington desde hace m\u00e1s de 75 a\u00f1os - Althauser Rayan Abbarno ","publisher":{"@id":"https:\/\/centralialaw.com\/es\/#organization"},"potentialAction":[{"@type":"SearchAction","target":{"@type":"EntryPoint","urlTemplate":"https:\/\/centralialaw.com\/es\/?s={search_term_string}"},"query-input":{"@type":"PropertyValueSpecification","valueRequired":true,"valueName":"search_term_string"}}],"inLanguage":"es"},{"@type":"Organization","@id":"https:\/\/centralialaw.com\/es\/#organization","name":"Ley Centralia","url":"https:\/\/centralialaw.com\/es\/","logo":{"@type":"ImageObject","inLanguage":"es","@id":"https:\/\/centralialaw.com\/es\/#\/schema\/logo\/image\/","url":"https:\/\/centralialaw.com\/wp-content\/uploads\/2022\/05\/ARA-Logo.png","contentUrl":"https:\/\/centralialaw.com\/wp-content\/uploads\/2022\/05\/ARA-Logo.png","width":1153,"height":364,"caption":"Ley Centralia"},"image":{"@id":"https:\/\/centralialaw.com\/es\/#\/schema\/logo\/image\/"},"sameAs":["https:\/\/www.facebook.com\/AlthauserRayanAbbarno\/","https:\/\/x.com\/PeterAbbarno"]}]}},"_links":{"self":[{"href":"https:\/\/centralialaw.com\/es\/wp-json\/wp\/v2\/pages\/17868","targetHints":{"allow":["GET"]}}],"collection":[{"href":"https:\/\/centralialaw.com\/es\/wp-json\/wp\/v2\/pages"}],"about":[{"href":"https:\/\/centralialaw.com\/es\/wp-json\/wp\/v2\/types\/page"}],"author":[{"embeddable":true,"href":"https:\/\/centralialaw.com\/es\/wp-json\/wp\/v2\/users\/2"}],"replies":[{"embeddable":true,"href":"https:\/\/centralialaw.com\/es\/wp-json\/wp\/v2\/comments?post=17868"}],"version-history":[{"count":0,"href":"https:\/\/centralialaw.com\/es\/wp-json\/wp\/v2\/pages\/17868\/revisions"}],"wp:featuredmedia":[{"embeddable":true,"href":"https:\/\/centralialaw.com\/es\/wp-json\/wp\/v2\/media\/17453"}],"wp:attachment":[{"href":"https:\/\/centralialaw.com\/es\/wp-json\/wp\/v2\/media?parent=17868"}],"curies":[{"name":"wp","href":"https:\/\/api.w.org\/{rel}","templated":true}]}}